{"id":194,"date":"2024-11-22T14:34:11","date_gmt":"2024-11-22T13:34:11","guid":{"rendered":"https:\/\/blogg.hiof.no\/holmboeprisen\/?page_id=194"},"modified":"2024-11-22T14:34:11","modified_gmt":"2024-11-22T13:34:11","slug":"program-2010","status":"publish","type":"page","link":"https:\/\/blogg.hiof.no\/holmboeprisen\/arkiv\/program-2010\/","title":{"rendered":"Program 2010"},"content":{"rendered":"<div class=\"ldark\">\n<h2>Holmboe-symposiet onsdag 26. mai 2010<\/h2>\n<p>Norsk matematikkr\u00e5d har tildelt Holmboeprisen 2010 til Therese Hagfors, Bj\u00f8rnevatn skole, med hedrende omtale til Nina Halvorsen Strand, Sogn videreg\u00e5ende skole, og Hans-Petter Ulven, Adolf \u00d8iens skole. I forbindelse med utdelingen av prisen arrangeres det et symposium om matematikkundervisning ved H\u00f8gskolen i Oslo. Symposiet (inkludert lunsj) er gratis og \u00e5pent for alle interesserte, men lunsjen krever p\u00e5melding (se nedenfor).<\/p>\n<p>Selv om prisutdelingen kommer midt i eksamenstiden, h\u00e5per vi p\u00e5 godt oppm\u00f8te fra l\u00e6rere, studenter, l\u00e6rerutdannere, matematikere og andre matematikkinteresserte!<\/p>\n<h3>Program for dagen<\/h3>\n<table class=\"program\">\n<tbody>\n<tr valign=\"top\">\n<th>9:15 \u2013 10:30<\/th>\n<td>Prisutdeling p\u00e5 Oslo katedralskole. Prisen deles ut av kunnskapsminister Kristin Halvorsen. (Alle b\u00f8r v\u00e6re p\u00e5 plass 9:00!)<\/td>\n<\/tr>\n<tr valign=\"top\">\n<td colspan=\"2\">Vi forflytter oss deretter til H\u00f8gskolen i Oslo der det er lunsj og seminar:<\/td>\n<\/tr>\n<tr valign=\"top\">\n<th>11:15 \u2013 12:00<\/th>\n<td>\u00c5pning av Holmboe-symposiet etterfulgt av prisvinner Therese Hagfors&#8217; foredrag: <i>Sm\u00e5 barn \u2013 store matematikkgleder<\/i>.<\/td>\n<\/tr>\n<tr valign=\"top\">\n<th>12:10 \u2013 13:15<\/th>\n<td>Lunsj i Festsalen, Pilestredet 52 (gratis, men p\u00e5melding kreves \u2013 se nedenfor)<\/td>\n<\/tr>\n<tr valign=\"top\">\n<th>13:30 \u2013 14:15<\/th>\n<td>Tim Rowland, University of Cambridge: <i>Mathematics teachers&#8217; knowledge in action: a celebration<\/i><\/td>\n<\/tr>\n<tr valign=\"top\">\n<th>14:35 \u2013 15:20<\/th>\n<td>Janne Fauskanger, Universitetet i Stavanger: <i>Undervisningskunnskap i matematikk: Hva er det for barnetrinnets l\u00e6rere?<\/i><\/td>\n<\/tr>\n<\/tbody>\n<\/table>\n<p>Prisutdelingen og symposiet er uavhengig av hverandre, og man kan godt v\u00e6re med p\u00e5 det ene, men ikke det andre. Siden \u00e5rets prisvinner kommer fra grunnskolen, er symposium i \u00e5r rettet spesielt mot dette skoleslaget, men de fleste utfordringene i matematikkfaget er universelle, og alle vil finne noe \u00e5 glede seg over og gruble p\u00e5 i \u00e5rets program!<\/p>\n<p>&nbsp;<\/p>\n<p><a class=\"menu\" href=\"http:\/\/www.oslo-katedral.vgs.no\/\">Oslo katedralskole<\/a><br \/>\n<a class=\"menu\" href=\"http:\/\/hio.no\/\">H\u00f8gskolen i Oslo<\/a><br \/>\n<a class=\"menu\" href=\"http:\/\/www.educ.cam.ac.uk\/people\/staff\/rowland\/\">Tim Rowland<\/a><br \/>\n<a class=\"menu\" href=\"http:\/\/www.uis.no\/about_us\/employees\/?ans_nr=06321\">Janne Fauskanger<\/a><br \/>\n<a class=\"menu\" href=\"mailto:lindstro@math.uio.no\">P\u00e5melding til lunsj sendes til lindstro@math.uio.no senest 15. mai<\/a><\/p>\n<\/div>\n","protected":false},"excerpt":{"rendered":"<p>Holmboe-symposiet onsdag 26. mai 2010 Norsk matematikkr\u00e5d har tildelt Holmboeprisen 2010 til Therese Hagfors, Bj\u00f8rnevatn skole, med hedrende omtale til Nina Halvorsen Strand, Sogn videreg\u00e5ende skole, og Hans-Petter Ulven, Adolf \u00d8iens skole. I forbindelse med utdelingen av prisen arrangeres det &hellip; <a href=\"https:\/\/blogg.hiof.no\/holmboeprisen\/arkiv\/program-2010\/\">Les videre <span class=\"meta-nav\">&rarr;<\/span><\/a><\/p>\n","protected":false},"author":2225,"featured_media":0,"parent":124,"menu_order":0,"comment_status":"closed","ping_status":"closed","template":"","meta":{"footnotes":""},"class_list":["post-194","page","type-page","status-publish","hentry"],"_links":{"self":[{"href":"https:\/\/blogg.hiof.no\/holmboeprisen\/wp-json\/wp\/v2\/pages\/194","targetHints":{"allow":["GET"]}}],"collection":[{"href":"https:\/\/blogg.hiof.no\/holmboeprisen\/wp-json\/wp\/v2\/pages"}],"about":[{"href":"https:\/\/blogg.hiof.no\/holmboeprisen\/wp-json\/wp\/v2\/types\/page"}],"author":[{"embeddable":true,"href":"https:\/\/blogg.hiof.no\/holmboeprisen\/wp-json\/wp\/v2\/users\/2225"}],"replies":[{"embeddable":true,"href":"https:\/\/blogg.hiof.no\/holmboeprisen\/wp-json\/wp\/v2\/comments?post=194"}],"version-history":[{"count":1,"href":"https:\/\/blogg.hiof.no\/holmboeprisen\/wp-json\/wp\/v2\/pages\/194\/revisions"}],"predecessor-version":[{"id":195,"href":"https:\/\/blogg.hiof.no\/holmboeprisen\/wp-json\/wp\/v2\/pages\/194\/revisions\/195"}],"up":[{"embeddable":true,"href":"https:\/\/blogg.hiof.no\/holmboeprisen\/wp-json\/wp\/v2\/pages\/124"}],"wp:attachment":[{"href":"https:\/\/blogg.hiof.no\/holmboeprisen\/wp-json\/wp\/v2\/media?parent=194"}],"curies":[{"name":"wp","href":"https:\/\/api.w.org\/{rel}","templated":true}]}}