{"id":198,"date":"2024-11-22T14:35:06","date_gmt":"2024-11-22T13:35:06","guid":{"rendered":"https:\/\/blogg.hiof.no\/holmboeprisen\/?page_id=198"},"modified":"2024-11-22T14:35:06","modified_gmt":"2024-11-22T13:35:06","slug":"program-2009","status":"publish","type":"page","link":"https:\/\/blogg.hiof.no\/holmboeprisen\/arkiv\/program-2009\/","title":{"rendered":"Program 2009"},"content":{"rendered":"<div class=\"ldark\">\n<h2>Holmboesymposiet mandag 18. mai 2009<\/h2>\n<p>Norsk matematikkr\u00e5d har tildelt Holmboeprisen 2009 til Odd Heir, Oslo handels-gymnasium, med hedrende omtale til Gerd Nilsen, Furnes ungdomskole, og Therese Hagfors, Bj\u00f8rnevatn skole. I forbindelse med utdelingen av prisen arrangeres det et symposium om matematikkundervisning ved H\u00f8gskolen i Oslo. Symposiet (inkludert lunsj) er gratis og \u00e5pent for alle interesserte, men lunsjen krever p\u00e5melding (se nedenfor).<\/p>\n<p>Selv om prisutdelingen kommer midt i eksamenstiden, h\u00e5per vi p\u00e5 godt oppm\u00f8te fra l\u00e6rere, studenter, l\u00e6rerutdannere, matematikere og andre matematikkinteresserte!<\/p>\n<h3>Program for dagen<\/h3>\n<table class=\"program\">\n<tbody>\n<tr valign=\"top\">\n<th>10:30 \u2013 11:30<\/th>\n<td>Prisutdeling ved statsr\u00e5d Tora Aasland p\u00e5 Oslo katedralskole. (Alle b\u00f8r v\u00e6re p\u00e5 plass 10.15!)<\/td>\n<\/tr>\n<tr valign=\"top\">\n<td colspan=\"2\">Vi forflytter oss deretter til H\u00f8gskolen i Oslo der det er lunsj og seminar:<\/td>\n<\/tr>\n<tr valign=\"top\">\n<th>12:00 \u2013 13:00<\/th>\n<td>Lunsj i Festsalen, Pilestredet 52. Lunsjen er gratis s\u00e5 langt plassene rekker, men krever p\u00e5melding til Tom Lindstr\u00f8m (<a href=\"mailto:lindstro@math.uio.no\">lindstro@math.uio.no<\/a>) senest 4. mai.<\/td>\n<\/tr>\n<tr>\n<td colspan=\"2\">Seminaret er i auditorium P173 i Pilestredet (det kreves ingen p\u00e5melding):<\/td>\n<\/tr>\n<tr valign=\"top\">\n<th>13:00 \u2013 13:45<\/th>\n<td>Prisvinnerens foredrag. Odd Heir snakker om:<br \/>\n<i>Pedagogisk bruk av digitalt verkt\u00f8y<\/i><\/td>\n<\/tr>\n<tr valign=\"top\">\n<th>14:00 \u2013 15:00<\/th>\n<td>Ehrhard Behrends, Freie Universit\u00e4t Berlin:<br \/>\n<i>Mathematics makes Billionaires \u2013 the Mathematics behind the Google Algorithm.<\/i><br \/>\nI Tyskland er Behrends godt kjent som popularisator, b\u00e5de muntlig og skriftlig. P\u00e5 engelsk foreligger boken \u201cFive-minutes mathematics\u201d basert p\u00e5 hans matematikkspalte i \u201cDie Welt\u201d. I foredraget vil han snakke om rangeringsalgoritmen i Google \u2013 en algoritme som har gjort Google til verdens ledende s\u00f8kemotor, og opphavsmennene til milliard\u00e6rer!<\/td>\n<\/tr>\n<tr valign=\"top\">\n<th>15:15 \u2013 16:00<\/th>\n<td>Liv Sissel Gr\u00f8nmo, ILS, Universitetet i Oslo:<br \/>\n<i>Refleksjoner over l\u00e6rerrollen.<\/i><br \/>\nLiv Sissel Gr\u00f8nmo har lang erfaring b\u00e5de som l\u00e6rer p\u00e5 ungdomstrinnet og som forsker. I de senere \u00e5rene har hun arbeidet mye med TIMSS der hun blant annet er prosjektleder i Norge. Foredraget er ikke prim\u00e6rt en presentasjon av TIMSS-resultater, men en refleksjon over hva senere \u00e5rs forskning kan fortelle oss om l\u00e6ring og undervisning i matematikk.<\/td>\n<\/tr>\n<\/tbody>\n<\/table>\n<p>Hjertelig velkommen<\/p>\n<p>Tom Lindstr\u00f8m<br \/>\nLeder i Norsk matematikkr\u00e5d<\/p>\n<p><a class=\"menu\" href=\"http:\/\/www.oslo-katedral.vgs.no\/\">Oslo katedralskole<\/a><br \/>\n<a class=\"menu\" href=\"http:\/\/hio.no\/\">H\u00f8gskolen i Oslo<\/a><br \/>\n<a class=\"menu\" href=\"http:\/\/page.mi.fu-berlin.de\/behrends\/\">Ehrhard Behrends<\/a><br \/>\n<a class=\"menu\" href=\"http:\/\/www.ils.uio.no\/\">ILS, Universitetet i Oslo<\/a><br \/>\n<a class=\"menu\" href=\"http:\/\/www.timss.no\/\">TIMMS Norge<\/a><br \/>\n<a class=\"menu\" href=\"mailto:lindstro@math.uio.no\">P\u00e5melding til lunsj sendes til lindstro@math.uio.no<\/a><\/p>\n<\/div>\n","protected":false},"excerpt":{"rendered":"<p>Holmboesymposiet mandag 18. mai 2009 Norsk matematikkr\u00e5d har tildelt Holmboeprisen 2009 til Odd Heir, Oslo handels-gymnasium, med hedrende omtale til Gerd Nilsen, Furnes ungdomskole, og Therese Hagfors, Bj\u00f8rnevatn skole. I forbindelse med utdelingen av prisen arrangeres det et symposium om &hellip; <a href=\"https:\/\/blogg.hiof.no\/holmboeprisen\/arkiv\/program-2009\/\">Les videre <span class=\"meta-nav\">&rarr;<\/span><\/a><\/p>\n","protected":false},"author":2225,"featured_media":0,"parent":124,"menu_order":0,"comment_status":"closed","ping_status":"closed","template":"","meta":{"footnotes":""},"class_list":["post-198","page","type-page","status-publish","hentry"],"_links":{"self":[{"href":"https:\/\/blogg.hiof.no\/holmboeprisen\/wp-json\/wp\/v2\/pages\/198","targetHints":{"allow":["GET"]}}],"collection":[{"href":"https:\/\/blogg.hiof.no\/holmboeprisen\/wp-json\/wp\/v2\/pages"}],"about":[{"href":"https:\/\/blogg.hiof.no\/holmboeprisen\/wp-json\/wp\/v2\/types\/page"}],"author":[{"embeddable":true,"href":"https:\/\/blogg.hiof.no\/holmboeprisen\/wp-json\/wp\/v2\/users\/2225"}],"replies":[{"embeddable":true,"href":"https:\/\/blogg.hiof.no\/holmboeprisen\/wp-json\/wp\/v2\/comments?post=198"}],"version-history":[{"count":1,"href":"https:\/\/blogg.hiof.no\/holmboeprisen\/wp-json\/wp\/v2\/pages\/198\/revisions"}],"predecessor-version":[{"id":199,"href":"https:\/\/blogg.hiof.no\/holmboeprisen\/wp-json\/wp\/v2\/pages\/198\/revisions\/199"}],"up":[{"embeddable":true,"href":"https:\/\/blogg.hiof.no\/holmboeprisen\/wp-json\/wp\/v2\/pages\/124"}],"wp:attachment":[{"href":"https:\/\/blogg.hiof.no\/holmboeprisen\/wp-json\/wp\/v2\/media?parent=198"}],"curies":[{"name":"wp","href":"https:\/\/api.w.org\/{rel}","templated":true}]}}