{"id":200,"date":"2024-11-22T14:35:32","date_gmt":"2024-11-22T13:35:32","guid":{"rendered":"https:\/\/blogg.hiof.no\/holmboeprisen\/?page_id=200"},"modified":"2024-11-22T14:35:36","modified_gmt":"2024-11-22T13:35:36","slug":"hedersomtale-2009","status":"publish","type":"page","link":"https:\/\/blogg.hiof.no\/holmboeprisen\/arkiv\/hedersomtale-2009\/","title":{"rendered":"Hedersomtale 2009"},"content":{"rendered":"<div class=\"light\">\n<h2>Hedersomtale<\/h2>\n<p class=\"ingress\">I tillegg til \u00e5rets prisvinner gir Holmboekomit\u00e9en to kandidater hedersomtale:<\/p>\n<h3>Gerd Nilsen<\/h3>\n<p><i>Gerd er en dyktig mattel\u00e6rer fordi hun engasjerer seg s\u00e5 mye at det er umulig \u00e5 \u00abdette\u00bb av lasset,<\/i> sier en av elevene hennes. <i>Hun elsker tall og likninger og er flink til \u00e5 motivere oss.<\/i><\/p>\n<p>Gerd Nilsen har arbeidet ved Furnes ungdomsskole i Ringsaker kommune siden 1979. Hun oppdaterer seg faglig ved kursdeltakelse og fullf\u00f8rte i 2008 en masterutdanning i grunnskoledidaktikk med matematikk som hovedemne. Hun er ressursperson i matematikk ved egen skole, i kommunen og for Nasjonalt Senter for Matematikk i Oppl\u00e6ringen. Gerd sprer og deler sine kunnskaper og ideer med kollegaer. Hun beskrives som en motor i det matematikkdidaktiske arbeidet ved skolen.<\/p>\n<p>Ved hjelp av enkle konkretiseringsmaterialer, som strikker, pinner og papir, f\u00e5r Gerd elevene til \u00e5 f\u00f8le at matematikk er morsomt. Hun differensierer og tilpasser undervisningen etter elevenes behov, og hennes smittende engasjement gj\u00f8r at alle elevene f\u00e5r lyst til \u00e5 arbeide med tall.<\/p>\n<h3>Therese Hagfors<\/h3>\n<p>Therese Hagfors arbeider p\u00e5 sm\u00e5skoletrinnet ved Bj\u00f8rnevatn skole i S\u00f8r-Varanger kommune i Finnmark. Hun er en mye brukt veileder og kursholder i matematikk for barnehager og skoler i kommunen.<\/p>\n<p>Therese er en l\u00e6rer med stort engasjement og entusiasme for matematikkfaget. Hun varierer undervisningen ved bruk av konkretiseringsmateriell og benytter ulike l\u00e6ringsarenaer. I undervisningen legger hun stor vekt p\u00e5 begrepsinnl\u00e6ring og den matematiske samtalen. Selv om hun har fokus p\u00e5 de yngste elevene, utfordrer hun ogs\u00e5 m\u00e5ten matematikkfaget blir arbeidet med p\u00e5 ungdomstrinnet.<\/p>\n<p>Kollegaer forteller at hun sprer gode holdninger til matematikkfaget. Therese holder seg faglig oppdatert, hun er ressursperson ved Nasjonalt senter for Matematikk i Oppl\u00e6ringen og har v\u00e6rt med og etablert lokallag for Landslaget for matematikk i skolen (Lamis) i egen region.<\/p>\n<\/div>\n","protected":false},"excerpt":{"rendered":"<p>Hedersomtale I tillegg til \u00e5rets prisvinner gir Holmboekomit\u00e9en to kandidater hedersomtale: Gerd Nilsen Gerd er en dyktig mattel\u00e6rer fordi hun engasjerer seg s\u00e5 mye at det er umulig \u00e5 \u00abdette\u00bb av lasset, sier en av elevene hennes. Hun elsker tall &hellip; <a href=\"https:\/\/blogg.hiof.no\/holmboeprisen\/arkiv\/hedersomtale-2009\/\">Les videre <span class=\"meta-nav\">&rarr;<\/span><\/a><\/p>\n","protected":false},"author":2225,"featured_media":0,"parent":124,"menu_order":0,"comment_status":"closed","ping_status":"closed","template":"","meta":{"footnotes":""},"class_list":["post-200","page","type-page","status-publish","hentry"],"_links":{"self":[{"href":"https:\/\/blogg.hiof.no\/holmboeprisen\/wp-json\/wp\/v2\/pages\/200","targetHints":{"allow":["GET"]}}],"collection":[{"href":"https:\/\/blogg.hiof.no\/holmboeprisen\/wp-json\/wp\/v2\/pages"}],"about":[{"href":"https:\/\/blogg.hiof.no\/holmboeprisen\/wp-json\/wp\/v2\/types\/page"}],"author":[{"embeddable":true,"href":"https:\/\/blogg.hiof.no\/holmboeprisen\/wp-json\/wp\/v2\/users\/2225"}],"replies":[{"embeddable":true,"href":"https:\/\/blogg.hiof.no\/holmboeprisen\/wp-json\/wp\/v2\/comments?post=200"}],"version-history":[{"count":1,"href":"https:\/\/blogg.hiof.no\/holmboeprisen\/wp-json\/wp\/v2\/pages\/200\/revisions"}],"predecessor-version":[{"id":201,"href":"https:\/\/blogg.hiof.no\/holmboeprisen\/wp-json\/wp\/v2\/pages\/200\/revisions\/201"}],"up":[{"embeddable":true,"href":"https:\/\/blogg.hiof.no\/holmboeprisen\/wp-json\/wp\/v2\/pages\/124"}],"wp:attachment":[{"href":"https:\/\/blogg.hiof.no\/holmboeprisen\/wp-json\/wp\/v2\/media?parent=200"}],"curies":[{"name":"wp","href":"https:\/\/api.w.org\/{rel}","templated":true}]}}