{"id":202,"date":"2024-11-22T14:36:40","date_gmt":"2024-11-22T13:36:40","guid":{"rendered":"https:\/\/blogg.hiof.no\/holmboeprisen\/?page_id=202"},"modified":"2024-11-22T14:36:59","modified_gmt":"2024-11-22T13:36:59","slug":"program-2008","status":"publish","type":"page","link":"https:\/\/blogg.hiof.no\/holmboeprisen\/arkiv\/program-2008\/","title":{"rendered":"Program 2008"},"content":{"rendered":"<h2>Holmboesymposiet mandag 19. mai 2008<\/h2>\n<p>Vi h\u00e5per p\u00e5 godt oppm\u00f8te fra l\u00e6rere, studenter, l\u00e6rerutdannere, matematikere og andre interesserte!<\/p>\n<table class=\"program\">\n<tbody>\n<tr valign=\"top\">\n<th>10:00\u00a0\u2013\u00a011:30<\/th>\n<td>Prisutdeling p\u00e5 Oslo katedralskole. (Alle b\u00f8r v\u00e6re p\u00e5 plass 9:45!)<\/td>\n<\/tr>\n<tr valign=\"top\">\n<td colspan=\"2\">Vi forflytter oss deretter til H\u00f8gskolen i Oslo der det er lunsj og seminar:<\/td>\n<\/tr>\n<tr valign=\"top\">\n<th>12:00\u00a0\u2013\u00a013:00<\/th>\n<td>Lunsj i Festsalen, Pilestredet 52.<\/td>\n<\/tr>\n<tr valign=\"top\">\n<td colspan=\"2\">Seminaret er i auditorium P173 i Pilestredet 48 (her er det plass til 120 personer og det kreves ingen p\u00e5melding):<\/td>\n<\/tr>\n<tr valign=\"top\">\n<th>13:00\u00a0\u2013\u00a013:45<\/th>\n<td>Prisvinnerens foredrag. Elisabeth Aksnes: <i>Hvordan skape matematikkglede for elever p\u00e5 mellomtrinnet?<\/i><br \/>\nPresentasjon (pdf): <a href=\"https:\/\/holmboeprisen.no\/dokumenter\/2008-05-19_ea.pdf\">for skjerm<\/a> (15\u00a0MB), <a href=\"https:\/\/holmboeprisen.no\/dokumenter\/2008-05-19_ea_6up.pdf\">for utskrift<\/a> (11\u00a0MB).<\/td>\n<\/tr>\n<tr valign=\"top\">\n<th>14:00\u00a0\u2013\u00a014:45<\/th>\n<td>Morten Blomh\u00f8j, Roskilde Universitetscenter: <i>Hvad er en god matematik-l\u00e6rer? \u2013 i f\u00f8lge matematikdidaktisk forskning<\/i><br \/>\nPresentasjon (pdf): <a href=\"https:\/\/holmboeprisen.no\/dokumenter\/2008-05-19_mb.pdf\">for skjerm<\/a>, <a href=\"https:\/\/holmboeprisen.no\/dokumenter\/2008-05-19_mb_6up.pdf\">for utskrift<\/a>.<\/td>\n<\/tr>\n<tr valign=\"top\">\n<th>15:00\u00a0\u2013\u00a015:45<\/th>\n<td>Bodil Kleve, H\u00f8gskolen i Oslo: <i>Matematikkl\u00e6reres forestillinger om god matematikkundervisning. \u2013 Hva skjer med forestillingene i praksis?<\/i><br \/>\nPresentasjon (pdf): <a href=\"https:\/\/holmboeprisen.no\/dokumenter\/2008-05-19_bk.pdf\">for skjerm<\/a>, <a href=\"https:\/\/holmboeprisen.no\/dokumenter\/2008-05-19_bk_6up.pdf\">for utskrift<\/a>.<\/td>\n<\/tr>\n<\/tbody>\n<\/table>\n","protected":false},"excerpt":{"rendered":"<p>Holmboesymposiet mandag 19. mai 2008 Vi h\u00e5per p\u00e5 godt oppm\u00f8te fra l\u00e6rere, studenter, l\u00e6rerutdannere, matematikere og andre interesserte! 10:00\u00a0\u2013\u00a011:30 Prisutdeling p\u00e5 Oslo katedralskole. (Alle b\u00f8r v\u00e6re p\u00e5 plass 9:45!) Vi forflytter oss deretter til H\u00f8gskolen i Oslo der det er &hellip; <a href=\"https:\/\/blogg.hiof.no\/holmboeprisen\/arkiv\/program-2008\/\">Les videre <span class=\"meta-nav\">&rarr;<\/span><\/a><\/p>\n","protected":false},"author":2225,"featured_media":0,"parent":124,"menu_order":0,"comment_status":"closed","ping_status":"closed","template":"","meta":{"footnotes":""},"class_list":["post-202","page","type-page","status-publish","hentry"],"_links":{"self":[{"href":"https:\/\/blogg.hiof.no\/holmboeprisen\/wp-json\/wp\/v2\/pages\/202","targetHints":{"allow":["GET"]}}],"collection":[{"href":"https:\/\/blogg.hiof.no\/holmboeprisen\/wp-json\/wp\/v2\/pages"}],"about":[{"href":"https:\/\/blogg.hiof.no\/holmboeprisen\/wp-json\/wp\/v2\/types\/page"}],"author":[{"embeddable":true,"href":"https:\/\/blogg.hiof.no\/holmboeprisen\/wp-json\/wp\/v2\/users\/2225"}],"replies":[{"embeddable":true,"href":"https:\/\/blogg.hiof.no\/holmboeprisen\/wp-json\/wp\/v2\/comments?post=202"}],"version-history":[{"count":1,"href":"https:\/\/blogg.hiof.no\/holmboeprisen\/wp-json\/wp\/v2\/pages\/202\/revisions"}],"predecessor-version":[{"id":203,"href":"https:\/\/blogg.hiof.no\/holmboeprisen\/wp-json\/wp\/v2\/pages\/202\/revisions\/203"}],"up":[{"embeddable":true,"href":"https:\/\/blogg.hiof.no\/holmboeprisen\/wp-json\/wp\/v2\/pages\/124"}],"wp:attachment":[{"href":"https:\/\/blogg.hiof.no\/holmboeprisen\/wp-json\/wp\/v2\/media?parent=202"}],"curies":[{"name":"wp","href":"https:\/\/api.w.org\/{rel}","templated":true}]}}