{"id":204,"date":"2024-11-22T14:37:30","date_gmt":"2024-11-22T13:37:30","guid":{"rendered":"https:\/\/blogg.hiof.no\/holmboeprisen\/?page_id=204"},"modified":"2024-11-22T14:37:30","modified_gmt":"2024-11-22T13:37:30","slug":"hedersomtale-2008","status":"publish","type":"page","link":"https:\/\/blogg.hiof.no\/holmboeprisen\/arkiv\/hedersomtale-2008\/","title":{"rendered":"Hedersomtale 2008"},"content":{"rendered":"<div class=\"ldark\">\n<h2>Hedersomtale<\/h2>\n<p class=\"ingress\">I tillegg til \u00e5rets prisvinner gir Holmboekomit\u00e9en to kandidater hedersomtale:<\/p>\n<p><i>Odd Heir<\/i> har lang undervisningserfaring i matematikk fra videreg\u00e5ende skole, f\u00f8rst p\u00e5 Sinsen Gymnas og senere p\u00e5 Oslo Handelsgymnasium. Han inspirerer elever og kolleger ved \u00e5 v\u00e6re im\u00f8tekommende, ved alltid \u00e5 v\u00e6re villig til \u00e5 hjelpe \u00abder og da\u00bb, og ved \u00e5 v\u00e6re klar og tydelig i alt han gj\u00f8r. Som l\u00e6rer viser han stor evne og vilje til differensiering. Som kollega er han hjelpsom, og han er respektert over hele landet for sin innsats for matematikkfaget og matematikkundervisningen. Utenom skolehverdagen har han lang erfaring som l\u00e6rebokforfatter og kursholder innenfor matematikk og IKT i matematikk. Odd Heir har ogs\u00e5 arbeidet med utredninger i forbindelse med l\u00e6replaner og eksamen for Utdanningsdirektoratet.<\/p>\n<p><i>Svein Anders Heggem<\/i> har rundt 30 \u00e5rs undervisningserfaring fra Tingsaker kombinerte barne- og ungdomsskole i Lillesand. Som l\u00e6rer er han reflektert og flink til \u00e5 p\u00e5virke, informere, begeistre, igangsette og utfordre elevene. I undervisningen pr\u00f8ver han \u00e5 konkretisere, og han vektlegger elevenes egne tenkem\u00e5ter. Heggem bidrar til at elevene f\u00e5r en forst\u00e5else av hvordan matematikk kan brukes i et moderne samfunn. Han er levende opptatt av matematikken og har brukt dette i rollen som kursholder, \u00f8vingsl\u00e6rer og som ressursperson for matematikksenteret. Heggem har v\u00e6rt med i samarbeidsprosjekter med Universitetet i Agder og var sentral i Lillesands matematikksatsing, EMIL-prosjektet. Innev\u00e6rende \u00e5r har han ogs\u00e5 en deltidsstilling p\u00e5 S\u00f8rlandet Kompetansesenter der han arbeider med ungdomsskoleelever som har problemer i matematikkfaget.<\/p>\n<\/div>\n","protected":false},"excerpt":{"rendered":"<p>Hedersomtale I tillegg til \u00e5rets prisvinner gir Holmboekomit\u00e9en to kandidater hedersomtale: Odd Heir har lang undervisningserfaring i matematikk fra videreg\u00e5ende skole, f\u00f8rst p\u00e5 Sinsen Gymnas og senere p\u00e5 Oslo Handelsgymnasium. Han inspirerer elever og kolleger ved \u00e5 v\u00e6re im\u00f8tekommende, ved &hellip; <a href=\"https:\/\/blogg.hiof.no\/holmboeprisen\/arkiv\/hedersomtale-2008\/\">Les videre <span class=\"meta-nav\">&rarr;<\/span><\/a><\/p>\n","protected":false},"author":2225,"featured_media":0,"parent":124,"menu_order":0,"comment_status":"closed","ping_status":"closed","template":"","meta":{"footnotes":""},"class_list":["post-204","page","type-page","status-publish","hentry"],"_links":{"self":[{"href":"https:\/\/blogg.hiof.no\/holmboeprisen\/wp-json\/wp\/v2\/pages\/204","targetHints":{"allow":["GET"]}}],"collection":[{"href":"https:\/\/blogg.hiof.no\/holmboeprisen\/wp-json\/wp\/v2\/pages"}],"about":[{"href":"https:\/\/blogg.hiof.no\/holmboeprisen\/wp-json\/wp\/v2\/types\/page"}],"author":[{"embeddable":true,"href":"https:\/\/blogg.hiof.no\/holmboeprisen\/wp-json\/wp\/v2\/users\/2225"}],"replies":[{"embeddable":true,"href":"https:\/\/blogg.hiof.no\/holmboeprisen\/wp-json\/wp\/v2\/comments?post=204"}],"version-history":[{"count":1,"href":"https:\/\/blogg.hiof.no\/holmboeprisen\/wp-json\/wp\/v2\/pages\/204\/revisions"}],"predecessor-version":[{"id":205,"href":"https:\/\/blogg.hiof.no\/holmboeprisen\/wp-json\/wp\/v2\/pages\/204\/revisions\/205"}],"up":[{"embeddable":true,"href":"https:\/\/blogg.hiof.no\/holmboeprisen\/wp-json\/wp\/v2\/pages\/124"}],"wp:attachment":[{"href":"https:\/\/blogg.hiof.no\/holmboeprisen\/wp-json\/wp\/v2\/media?parent=204"}],"curies":[{"name":"wp","href":"https:\/\/api.w.org\/{rel}","templated":true}]}}