{"id":206,"date":"2024-11-22T14:38:12","date_gmt":"2024-11-22T13:38:12","guid":{"rendered":"https:\/\/blogg.hiof.no\/holmboeprisen\/?page_id=206"},"modified":"2024-11-22T14:38:12","modified_gmt":"2024-11-22T13:38:12","slug":"hederlig-omtale-2007","status":"publish","type":"page","link":"https:\/\/blogg.hiof.no\/holmboeprisen\/arkiv\/hederlig-omtale-2007\/","title":{"rendered":"Hederlig omtale 2007"},"content":{"rendered":"<div class=\"ldark\">\n<div>\n<h2>Holmboeprisen 2007<\/h2>\n<h3>Hederlig omtale til et utvalg nominerte kandidater<\/h3>\n<p class=\"ingress\">I tillegg til \u00e5rets prisvinner gir Holmboekomit\u00e9en nedenst\u00e5ende kandidater hederlig omtale.<\/p>\n<p><small>Disse er her omtalt i tiln\u00e6rmet alfabetisk rekkef\u00f8lge:<\/small><\/p>\n<p><i>Elisabeth Aksnes<\/i> arbeider ved Bryne skule i Time kommune, der hun er sv\u00e6rt aktiv i skolens og regionens matematikksatsning. Hun har et brennende engasjement for faget og kan vise til gode resultater med alle elevtyper. Gjennom sin undervisning kombinerer hun det konkrete og det teoretiske i matematikkfaget. Ved sin positive holdning til faget og sin evne til \u00e5 dele av sine erfaringer og kunnskaper motiverer hun elever og kollegaer. Hun er aktiv med foredrag p\u00e5 kurs og konferanser, samtidig som hun er engasjert i LAMIS og har arbeidet for Matematikksenteret.<\/p>\n<p><i>Anne Berit Holme, Kari Larsson og Berit Tvedt<\/i> har gjennom en \u00e5relang innsats som matematikkl\u00e6rere ved Bergen Katedralskole klart \u00e5 skape et sprudlende matematikkmilj\u00f8. De har utviklet en spesiell differensieringsmodell, l\u00f8ypemodellen, som tar vare p\u00e5 elevenes faglige niv\u00e5. Gjennom \u00abKlimaukeprosjektet\u00bb har de klart \u00e5 engasjere hele skolen i tverrfaglige aktiviteter i realfag. De har hatt sterk fokus p\u00e5 jenter i matematikkfaget og v\u00e6rt aktive i Minervaprosjektet. De har satt i verk b\u00e5de spesielle tiltak for elever med mangler i faglig bakgrunn og ukentlige konkurranser for elever som s\u00f8ker utfordringer. Ogs\u00e5 p\u00e5 IKT-siden har de engasjert seg sterkt og gjort pr\u00f8vemateriell fra Bergensomr\u00e5det tilgjengelig for andre matematikkl\u00e6rere. I tillegg arbeider de med \u00e5 innf\u00f8re avansert matematisk programvare ved Bergen Katedralskole. Anne Berit Holme, Kari Larsson og Berit Tvedt har klart \u00e5 skape et allsidig matematikkmilj\u00f8 med ringvirkninger utenfor egen skole.<\/p>\n<p><i>Ole Harald Johansen<\/i> arbeider ved Hersleb skole i Oslo og er en p\u00e5driver innenfor matematikkfaget, f\u00f8rst og fremst p\u00e5 egen skole, men han er aktiv p\u00e5 mange omr\u00e5der. Han har jobbet som nettverksleder i matematikk i kommunen og han har v\u00e6rt \u00f8vingsl\u00e6rer for studenter fra HiO. Johansen er engasjert innenfor nasjonale pr\u00f8ver og innev\u00e6rende \u00e5r ogs\u00e5 innenfor Utdanningsetaten i Oslo kommune.<br \/>\nSpesielt er hans kompetanse innen etnomatematikk en ressurs som kommer alle elever til gode. Han deler egne erfaringer i rikt monn med kolleger. Han er en tydelig og strukturert l\u00e6rer med stor arbeidskapasitet, som engasjerer seg i elevene og for matematikkfaget.<\/p>\n<p><i>Hans Bie Lorentzen<\/i> har nesten 40 \u00e5rs undervisningserfaring i matematikk p\u00e5 videreg\u00e5ende skole, fra 1990 p\u00e5 Berg videreg\u00e5ende skole i Oslo. Han er en inspirerende og engasjert matematikkl\u00e6rer som bruker mye tid p\u00e5 elevene. Han har en egen evne til \u00e5 skape en god stemning i klasserommet og \u00e5 f\u00e5 <em>alle<\/em> elever til \u00e5 trives med faget. Hans Bie Lorentzen er ogs\u00e5 en st\u00f8tte og inspirator for andre l\u00e6rere og har blant annet v\u00e6rt med p\u00e5 \u00e5 skrive l\u00e6reb\u00f8ker i matematikk. Hans Bie Lorentzen satt i komiteen for Abelkonkurransen fra 1988 til 2005 og nedla et stort arbeid b\u00e5de sosialt og som oppgaveforfatter. P\u00e5 egen skole brukte og bruker han av sin fritid for \u00e5 veilede og oppmuntre elever som skal delta i Abelkonkurransen.<\/p>\n<\/div>\n<\/div>\n","protected":false},"excerpt":{"rendered":"<p>Holmboeprisen 2007 Hederlig omtale til et utvalg nominerte kandidater I tillegg til \u00e5rets prisvinner gir Holmboekomit\u00e9en nedenst\u00e5ende kandidater hederlig omtale. Disse er her omtalt i tiln\u00e6rmet alfabetisk rekkef\u00f8lge: Elisabeth Aksnes arbeider ved Bryne skule i Time kommune, der hun er &hellip; <a href=\"https:\/\/blogg.hiof.no\/holmboeprisen\/arkiv\/hederlig-omtale-2007\/\">Les videre <span class=\"meta-nav\">&rarr;<\/span><\/a><\/p>\n","protected":false},"author":2225,"featured_media":0,"parent":124,"menu_order":0,"comment_status":"closed","ping_status":"closed","template":"","meta":{"footnotes":""},"class_list":["post-206","page","type-page","status-publish","hentry"],"_links":{"self":[{"href":"https:\/\/blogg.hiof.no\/holmboeprisen\/wp-json\/wp\/v2\/pages\/206","targetHints":{"allow":["GET"]}}],"collection":[{"href":"https:\/\/blogg.hiof.no\/holmboeprisen\/wp-json\/wp\/v2\/pages"}],"about":[{"href":"https:\/\/blogg.hiof.no\/holmboeprisen\/wp-json\/wp\/v2\/types\/page"}],"author":[{"embeddable":true,"href":"https:\/\/blogg.hiof.no\/holmboeprisen\/wp-json\/wp\/v2\/users\/2225"}],"replies":[{"embeddable":true,"href":"https:\/\/blogg.hiof.no\/holmboeprisen\/wp-json\/wp\/v2\/comments?post=206"}],"version-history":[{"count":1,"href":"https:\/\/blogg.hiof.no\/holmboeprisen\/wp-json\/wp\/v2\/pages\/206\/revisions"}],"predecessor-version":[{"id":207,"href":"https:\/\/blogg.hiof.no\/holmboeprisen\/wp-json\/wp\/v2\/pages\/206\/revisions\/207"}],"up":[{"embeddable":true,"href":"https:\/\/blogg.hiof.no\/holmboeprisen\/wp-json\/wp\/v2\/pages\/124"}],"wp:attachment":[{"href":"https:\/\/blogg.hiof.no\/holmboeprisen\/wp-json\/wp\/v2\/media?parent=206"}],"curies":[{"name":"wp","href":"https:\/\/api.w.org\/{rel}","templated":true}]}}