{"id":208,"date":"2024-11-22T14:38:44","date_gmt":"2024-11-22T13:38:44","guid":{"rendered":"https:\/\/blogg.hiof.no\/holmboeprisen\/?page_id=208"},"modified":"2024-11-22T14:38:44","modified_gmt":"2024-11-22T13:38:44","slug":"program-2006","status":"publish","type":"page","link":"https:\/\/blogg.hiof.no\/holmboeprisen\/arkiv\/program-2006\/","title":{"rendered":"Program 2006"},"content":{"rendered":"<h2>Program i forbindelse med utdelingen av Holmboeprisen mandag 22. mai 2006<\/h2>\n<p>Vi h\u00e5per at mange matematikkvenner vil benytte anledningen til \u00e5 m\u00f8te \u00e5rets Holmboeprisvinner ved prisutdelingen og den p\u00e5f\u00f8lgende halvdagskonferansen. Programmet er allsidig, og burde inneholde noe for enhver!<\/p>\n<table class=\"program\">\n<tbody>\n<tr valign=\"top\">\n<th>10:00\u00a0\u2013\u00a011:30<\/th>\n<td>Prisutdeling ved Oslo Katedralskole (fremm\u00f8te senest <b>09:45<\/b>).<br \/>\n\u2192 Abelprisvinner Lennart Carleson deler ut Holmboeprisen<br \/>\n\u2192 KappAbel-vinnerne fra Ekrehagen skole i Troms\u00f8 presenterer sitt vinnerprosjekt<br \/>\n\u2192 Kulturelt innslag av elever ved Katedralskolen<br \/>\n\u2192 Konferansier: Carl Waldemar Wilhelmsen.<\/td>\n<\/tr>\n<tr valign=\"top\">\n<th>12:00\u00a0\u2013\u00a013:00<\/th>\n<td>Lunsj ved H\u00f8gskolen i Oslo.<\/td>\n<\/tr>\n<tr valign=\"top\">\n<th>13:00\u00a0\u2013\u00a013:45<\/th>\n<td>\u00c5rets Holmboeprisvinner Grete Normann Tofteberg: <i>Matematikk, kultur og l\u00e6ring \u2013 smakebiter fra et klasserom.<\/i><\/td>\n<\/tr>\n<tr valign=\"top\">\n<th>13:45\u00a0\u2013\u00a014:00<\/th>\n<td>Pause<\/td>\n<\/tr>\n<tr valign=\"top\">\n<th>14:00\u00a0\u2013\u00a014:45<\/th>\n<td>Per Sivertsen, H\u00f8gskolen i Bod\u00f8: <i>Matematikk og metaforer \u2013 en guidet tur gjennom deler av det matematiske spr\u00e5klandskapet.<\/i><\/td>\n<\/tr>\n<tr valign=\"top\">\n<th>14:45\u00a0\u2013\u00a015:30<\/th>\n<td>Christoph Kirfel, Universitetet i Bergen: <i>Brettegeometri.<\/i><\/td>\n<\/tr>\n<\/tbody>\n<\/table>\n<p><b>P\u00e5melding til lunsjen:<\/b> Send en mail innen torsdag 18. mai kl 16:00 til <a href=\"https:\/\/holmboeprisen.no\/mailto\/?u=HansWilhelm,Morch&amp;d=lu,hio,no\">Hans Wilhelm M\u00f8rch<\/a> ved H\u00f8gskolen i Oslo om du \u00f8nsker \u00e5 v\u00e6re med p\u00e5 lunsjen. Den er gratis, begrenset til ca. 100 plasser.<\/p>\n<p><a class=\"menu\" href=\"http:\/\/www.oslo-katedral.vgs.no\/\">Oslo katedralskole<\/a><\/p>\n<p><a class=\"menu\" href=\"http:\/\/www.hio.no\/\">H\u00f8gskolen i Oslo<\/a><\/p>\n<p><a class=\"menu\" href=\"https:\/\/holmboeprisen.no\/mailto\/?u=HansWilhelm,Morch&amp;d=lu,hio,no\">P\u00e5melding til lunsjen<\/a><\/p>\n","protected":false},"excerpt":{"rendered":"<p>Program i forbindelse med utdelingen av Holmboeprisen mandag 22. mai 2006 Vi h\u00e5per at mange matematikkvenner vil benytte anledningen til \u00e5 m\u00f8te \u00e5rets Holmboeprisvinner ved prisutdelingen og den p\u00e5f\u00f8lgende halvdagskonferansen. Programmet er allsidig, og burde inneholde noe for enhver! 10:00\u00a0\u2013\u00a011:30 &hellip; <a href=\"https:\/\/blogg.hiof.no\/holmboeprisen\/arkiv\/program-2006\/\">Les videre <span class=\"meta-nav\">&rarr;<\/span><\/a><\/p>\n","protected":false},"author":2225,"featured_media":0,"parent":124,"menu_order":0,"comment_status":"closed","ping_status":"closed","template":"","meta":{"footnotes":""},"class_list":["post-208","page","type-page","status-publish","hentry"],"_links":{"self":[{"href":"https:\/\/blogg.hiof.no\/holmboeprisen\/wp-json\/wp\/v2\/pages\/208","targetHints":{"allow":["GET"]}}],"collection":[{"href":"https:\/\/blogg.hiof.no\/holmboeprisen\/wp-json\/wp\/v2\/pages"}],"about":[{"href":"https:\/\/blogg.hiof.no\/holmboeprisen\/wp-json\/wp\/v2\/types\/page"}],"author":[{"embeddable":true,"href":"https:\/\/blogg.hiof.no\/holmboeprisen\/wp-json\/wp\/v2\/users\/2225"}],"replies":[{"embeddable":true,"href":"https:\/\/blogg.hiof.no\/holmboeprisen\/wp-json\/wp\/v2\/comments?post=208"}],"version-history":[{"count":1,"href":"https:\/\/blogg.hiof.no\/holmboeprisen\/wp-json\/wp\/v2\/pages\/208\/revisions"}],"predecessor-version":[{"id":209,"href":"https:\/\/blogg.hiof.no\/holmboeprisen\/wp-json\/wp\/v2\/pages\/208\/revisions\/209"}],"up":[{"embeddable":true,"href":"https:\/\/blogg.hiof.no\/holmboeprisen\/wp-json\/wp\/v2\/pages\/124"}],"wp:attachment":[{"href":"https:\/\/blogg.hiof.no\/holmboeprisen\/wp-json\/wp\/v2\/media?parent=208"}],"curies":[{"name":"wp","href":"https:\/\/api.w.org\/{rel}","templated":true}]}}