{"id":21,"date":"2024-11-22T10:12:13","date_gmt":"2024-11-22T09:12:13","guid":{"rendered":"https:\/\/blogg.hiof.no\/holmboeprisen\/?page_id=21"},"modified":"2024-11-22T10:50:23","modified_gmt":"2024-11-22T09:50:23","slug":"om-opprettelsen-av-prisen","status":"publish","type":"page","link":"https:\/\/blogg.hiof.no\/holmboeprisen\/om-opprettelsen-av-prisen\/","title":{"rendered":"Om opprettelsen av prisen"},"content":{"rendered":"<p><em>Norsk matematikkr\u00e5d har etablert Bernt Michael Holmboes minnepris for matematikkl\u00e6rere i grunnskole og videreg\u00e5ende skole. Prisen, som skal deles ut \u00e5rlig, er p\u00e5 100 000 kroner, og skal deles mellom prisvinneren og skolen som prisvinneren kommer fra. Prisen kan gis til en enkeltperson eller til en gruppe av l\u00e6rere som har arbeidet sammen.<\/em><\/p>\n<h2>Bakgrunn for prisen<\/h2>\n<p>Situasjonen for matematikkfaget i norsk skole har v\u00e6rt mye diskutert i senere \u00e5r. Store endringer i samfunnet har f\u00f8rt til endrede rammevilk\u00e5r for hele utdanningssystemet. Videreg\u00e5ende skole har gradvis favnet bredere og bredere, og omfatter n\u00e5 den overveiende delen av v\u00e5re ungdomskull. Moderne teknologi har endret m\u00e5ten matematikk blir brukt p\u00e5 i samfunnet. Samtidig har det v\u00e6rt vanskelig \u00e5 forsyne skolen med tilstrekkelig mange godt kvalifiserte l\u00e6rere. Denne utviklingen har v\u00e6rt krevende for matematikkfaget, og ord som niv\u00e5senking har v\u00e6rt mye brukt i den offentlige debatt.<\/p>\n<p>Selv om vi ikke vil undersl\u00e5 alvoret i den situasjonen som matematikkfaget befinner seg i, mener vi at man b\u00f8r v\u00e6re forsiktig med ensidig \u00e5 kritisere det som skjer. De endrede rammebetingelsene gir ogs\u00e5 nye muligheter, og det er mange som griper dem og gj\u00f8r hva de kan for \u00e5 endre situasjonen til det bedre. Vi ser for tiden en bred offentlig satsing p\u00e5 etter- og videreutdanning for matematikkl\u00e6rere i grunnskolen, og gjennom organisasjoner som <a href=\"http:\/\/www.lamis.no\/\">LAMIS<\/a> bygges nye nettverk og kompetansefellesskap.<\/p>\n<div id=\"attachment_45\" style=\"width: 295px\" class=\"wp-caption alignright\"><img loading=\"lazy\" decoding=\"async\" aria-describedby=\"caption-attachment-45\" class=\"wp-image-45 size-full\" src=\"https:\/\/blogg.hiof.no\/holmboeprisen\/files\/2024\/11\/Holmboe_384.png\" alt=\"\" width=\"285\" height=\"384\" srcset=\"https:\/\/blogg.hiof.no\/holmboeprisen\/files\/2024\/11\/Holmboe_384.png 285w, https:\/\/blogg.hiof.no\/holmboeprisen\/files\/2024\/11\/Holmboe_384-223x300.png 223w\" sizes=\"auto, (max-width: 285px) 100vw, 285px\" \/><p id=\"caption-attachment-45\" class=\"wp-caption-text\"><b>Bernt Michael Holmboe (1795\u20131850)<\/b><br \/>J.A. Aubert \u00a9 Matematisk institutt, UiO<\/p><\/div>\n<p>I denne situasjonen \u00f8nsker vi \u00e5 l\u00f8fte frem de ildsjeler som arbeider i skolen, og som gj\u00f8r en innsats langt utover det forventede. Vi trenger gode og positive forbilder som viser oss at v\u00e5re handlinger er av betydning, og at med god og samlet innsats er det mulig \u00e5 forvandle visjoner til virkelighet. Holmboeprisen er ment \u00e5 rette offentlighetens s\u00f8kelys mot alt det gode arbeidet som blir gjort i klasserom over hele landet. Samtidig som det vil v\u00e6re en bel\u00f8nning for en l\u00e6rergjerning utover det normale, s\u00e5 h\u00e5per og tror vi at en slik oppmerksomhet kan v\u00e6re en inspirasjonskilde for b\u00e5de l\u00e6rere og elever, og bidra til et generelt positivt bilde av matematikk i allmennheten.<\/p>\n<p>Ideen om en l\u00e6rerpris i matematikk har eksistert i flere \u00e5r, men uten det n\u00f8dvendige finansielle grunnlaget har det ikke v\u00e6rt mulig \u00e5 realisere den f\u00f8r n\u00e5. Etableringen av Abelprisen har endret dette. Deler av avkastningen p\u00e5 den underliggende kapitalen for Abelprisen skal g\u00e5 til tiltak rettet mot barn og unge, og Abelstyret har velvillig tatt p\u00e5 seg \u00e5 finansiere Holmboeprisen.<\/p>\n<h2>Bernt Michael Holmboe<\/h2>\n<p><a href=\"http:\/\/www.abelprisen.no\/no\/abel\/holmboe1.html\">Bernt Michael Holmboe<\/a> (1795\u20131850) var matematikkl\u00e6rer ved Katedralskolen i Oslo. Han er kjent for \u00e5 v\u00e6re den som oppdaget og fremelsket talentet til Niels Henrik Abel, og han var ogs\u00e5 p\u00e5 andre omr\u00e5der en betydelig person i f\u00f8rste halvdel av 1800-tallet. Han skrev popul\u00e6re l\u00e6reb\u00f8ker, han var aktiv i etableringen av forsikringsvesenet i Norge, og han ble etter hvert professor ved Universitetet. Den f\u00f8rste utgaven av Abels samlede verker var det Holmboe som redigerte. Det er likevel som matematikkl\u00e6rer vi husker ham i dag. Ingen annen matematikkl\u00e6rer i Norge har oppn\u00e5dd en tilsvarende anerkjennelse for sin yrkesgjerning, og det er av denne grunn man \u00f8nsker \u00e5 knytte Holmboes navn til denne l\u00e6rerprisen.<\/p>\n<h2>Nominasjon<\/h2>\n<p>Alle kan nominere kandidater til Holmboeprisen. Elever, tidligere elever, og foreldre kan nominere l\u00e6rere som har utmerket seg. Det kan ogs\u00e5 l\u00e6rerkollegaer og rektorer, og andre som kjenner til gode kandidater.<\/p>\n<p>Nominasjonene vil bli vurdert av en komit\u00e9 som best\u00e5r av l\u00e6rere og andre som arbeider med utdanning i matematikk. Ogs\u00e5 Holmboekomiteen har nominasjonsrett. Dette kan v\u00e6re aktuelt dersom en enkelt l\u00e6rer er foresl\u00e5tt, og unders\u00f8kelser viser at det er naturlig at han\/hun nomineres sammen med en eller flere kolleger. Komiteen b\u00f8r imidlertid v\u00e6re tilbakeholden med \u00e5 bruke sin nominasjonsrett.<\/p>\n<h2>Kriterier for prisvinneren<\/h2>\n<p>L\u00e6rerens rolle i dag er vesentlig forandret fra begynnelsen av 1800-tallet, og kriteriet for en prisvinner skal ikke v\u00e6re st\u00f8rst mulig likhet med Bernt Michael Holmboe. Valget av en prisvinner m\u00e5 si noe om hva som utgj\u00f8r en fremragende matematikkl\u00e6rer <i>i dag<\/i>, og selv om Holmboe kan st\u00e5 som et forbilde s\u00e5 skal han ikke her brukes som modell.<\/p>\n<p>Holmboeprisen b\u00f8r g\u00e5 til noen som har gjort en innsats utover det vanlige for faget. Det b\u00f8r omfatte en evne og vilje til \u00e5 formidle faget og skape interesse og begeistring for det, samtidig som elevenes forskjellige behov og forutsetninger blir ivaretatt. Det kan ogs\u00e5 v\u00e6re utarbeiding av prosjekt eller annet undervisningsmateriell med spesielle kvaliteter. Utvisning av godt lederskap i skolens matematikkmilj\u00f8 og evne til \u00e5 trekke linjer til verden utenfor klasserommet er ogs\u00e5 relevant.<\/p>\n<p>Mye spennende og nyskapende arbeid i skolen i dag skjer ikke p\u00e5 individuelt niv\u00e5, men i grupper av l\u00e6rere som arbeider sammen. Det kan v\u00e6re l\u00e6rere som utarbeider et opplegg som de utpr\u00f8ver sammen eller hver for seg. Det kan ogs\u00e5 v\u00e6re milj\u00f8et ved en hel skole som g\u00e5r sammen om \u00e5 ta et l\u00f8ft for faget. Holmboeprisen kan derfor, i tillegg til enkeltpersoner, ogs\u00e5 tildeles grupper av l\u00e6rere.<\/p>\n<h2>Utdeling<\/h2>\n<p>Holmboekomiteen vil innstille en eller flere kandidater til styret for Holmboeprisen, som er det samme som styret for Norsk matematikkr\u00e5d, og som fatter formell beslutning om tildeling.<\/p>\n<p>Utdelingen vil finne sted ved Oslo Katedralskole, der Bernt Michael Holmboe var tilsatt som l\u00e6rer. Det vil bli arrangert et halvdagsseminar i regi av H\u00f8gskolen i Oslo i forbindelse med prisutdelingen. Det faglige seminaret er tenkt \u00e5 ha en forholdsvis bred appell, og en naturlig m\u00e5lgruppe er l\u00e6rere p\u00e5 det trinn som prisvinneren tilh\u00f8rer.<\/p>\n","protected":false},"excerpt":{"rendered":"<p>Norsk matematikkr\u00e5d har etablert Bernt Michael Holmboes minnepris for matematikkl\u00e6rere i grunnskole og videreg\u00e5ende skole. Prisen, som skal deles ut \u00e5rlig, er p\u00e5 100 000 kroner, og skal deles mellom prisvinneren og skolen som prisvinneren kommer fra. Prisen kan gis &hellip; <a href=\"https:\/\/blogg.hiof.no\/holmboeprisen\/om-opprettelsen-av-prisen\/\">Les videre <span class=\"meta-nav\">&rarr;<\/span><\/a><\/p>\n","protected":false},"author":2225,"featured_media":0,"parent":0,"menu_order":0,"comment_status":"closed","ping_status":"closed","template":"","meta":{"footnotes":""},"class_list":["post-21","page","type-page","status-publish","hentry"],"_links":{"self":[{"href":"https:\/\/blogg.hiof.no\/holmboeprisen\/wp-json\/wp\/v2\/pages\/21","targetHints":{"allow":["GET"]}}],"collection":[{"href":"https:\/\/blogg.hiof.no\/holmboeprisen\/wp-json\/wp\/v2\/pages"}],"about":[{"href":"https:\/\/blogg.hiof.no\/holmboeprisen\/wp-json\/wp\/v2\/types\/page"}],"author":[{"embeddable":true,"href":"https:\/\/blogg.hiof.no\/holmboeprisen\/wp-json\/wp\/v2\/users\/2225"}],"replies":[{"embeddable":true,"href":"https:\/\/blogg.hiof.no\/holmboeprisen\/wp-json\/wp\/v2\/comments?post=21"}],"version-history":[{"count":4,"href":"https:\/\/blogg.hiof.no\/holmboeprisen\/wp-json\/wp\/v2\/pages\/21\/revisions"}],"predecessor-version":[{"id":46,"href":"https:\/\/blogg.hiof.no\/holmboeprisen\/wp-json\/wp\/v2\/pages\/21\/revisions\/46"}],"wp:attachment":[{"href":"https:\/\/blogg.hiof.no\/holmboeprisen\/wp-json\/wp\/v2\/media?parent=21"}],"curies":[{"name":"wp","href":"https:\/\/api.w.org\/{rel}","templated":true}]}}