{"id":210,"date":"2024-11-22T14:39:12","date_gmt":"2024-11-22T13:39:12","guid":{"rendered":"https:\/\/blogg.hiof.no\/holmboeprisen\/?page_id=210"},"modified":"2024-11-22T14:39:12","modified_gmt":"2024-11-22T13:39:12","slug":"hederlig-omtale-2006","status":"publish","type":"page","link":"https:\/\/blogg.hiof.no\/holmboeprisen\/arkiv\/hederlig-omtale-2006\/","title":{"rendered":"Hederlig omtale 2006"},"content":{"rendered":"<div class=\"ldark\">\n<div>\n<h2>Holmboeprisen 2006<\/h2>\n<h3>Hederlig omtale til seks nominerte kandidater<\/h3>\n<p class=\"ingress\">Ved nominasjonsfristen 10. januar var det kommet inn 36 nominasjoner. I tillegg har Holmboekomit\u00e9en nominert en kandidat. Holmboekomit\u00e9en gir nedenst\u00e5ende seks kandidater hederlig omtale, og har innstilt en av de seks til Holmboeprisen for 2006. Beslutning om tildeling vil bli fattet av styret i Norsk matematikkr\u00e5d, som ogs\u00e5 er styre for Holmboeprisen.<\/p>\n<p><small>De seks er her omtalt i alfabetisk rekkef\u00f8lge:<\/small><\/p>\n<p><i>Birgitt Bakke-Eids\u00e5<\/i> har v\u00e6rt lektor ved Kristelig Gymnasium i Oslo siden 1971. Hun har arbeidet med tilpasset oppl\u00e6ring lenge f\u00f8r dette ble vanlig i norsk skole, og med et sterkt engasjement for elever p\u00e5 alle niv\u00e5er. Hun ser helheten i undervisningen og trekker forbindelseslinjer til andre fag og mellom de ulike skoleslagene. Hennes faglige styrke og trygghet sammen med hennes energiske innstilling gj\u00f8r henne til en sentral ressursperson ved skolen.<\/p>\n<p><i>Hans Isdahl<\/i> arbeider ved Nordreisa videreg\u00e5ende skole i Troms, der han i en \u00e5rrekke har v\u00e6rt en drivende kraft i skolens matematikkundervisning. Gjennom sine prosjektopplegg og nettsider viser Isdahl en spesiell evne til \u00e5 sette skolefagene inn i en st\u00f8rre sammenheng. Hans matematikkopplegg knytter forbindelseslinjer til lokal natur og kultur, til generell teknologiutvikling og til verdenshistorien p\u00e5 en fascinerende m\u00e5te. Han glemmer imidlertid ikke fagets mer tekniske sider, og hans undervisningsopplegg viser en fin evne til \u00e5 motivere og differensiere. Ved sin arbeidskraft og sitt smittende engasjement er Hans Isdahl en ressursperson for hele regionen.<\/p>\n<p><i>Karl Erik Sandvold<\/i> har gjennom de siste 20 \u00e5r hatt sitt virke som matematikkl\u00e6rer ved Oslo katedralskole. Han har lang fartstid i skoleverket, og bred erfaring fra ulike skoler f\u00f8r han kom til Katedralskolen. Han er sv\u00e6rt engasjert i sitt forhold til matematikkfaget og lykkes i stor grad \u00e5 n\u00e5 ut til alle sine elever med det glade budskap: \u00abMatematikk er noe av det morsomste man kan holde p\u00e5 med.\u00bb Som dyktig forfatter i et av landets mest benyttede l\u00e6reverk i matematikk for videreg\u00e5ende skole har han ogs\u00e5 satt sitt preg p\u00e5 matematikkoppl\u00e6ringen i skolen langt ut over eget klasserom. Han er en sentral ressursperson for matematikkfaget i norsk skole og deler sine kunnskaper med elever og l\u00e6rere p\u00e5 en forbilledlig m\u00e5te.<\/p>\n<p><i>Annie Selle<\/i>, ved Hovinh\u00f8gda skole, har i en \u00e5rrekke arbeidet som matematikkl\u00e6rer og tidlig utmerket seg ved sitt engasjement for matematikkfaget. Spesielt har hennes tanker om \u00e5 utvikle Matematikkrommet inspirert mange l\u00e6rere. Hennes vekt p\u00e5 \u00e5 synliggj\u00f8re matematikkfaget med et eget rom til matematikkfaglige aktiviteter, hvor elever og l\u00e6rere pr\u00f8ver ut og ser matematikk i praksis, har f\u00e5tt stor oppmerksomhet langt utover egen skole. Hun har holdt utallige kurs og har ogs\u00e5 skrevet om sine erfaringer som l\u00e6rer. Annie Selle har gjennom sin l\u00e6rergjerning utvist et stort engasjement for elevene og for matematikkfaget.<\/p>\n<p><i>Grete Normann Tofteberg<\/i> har vist stort engasjement for matematikkfaget i sine klasser ved Kirkebygden barne- og ungdomsskole. Flere ganger har elevene hennes deltatt i KappAbel-konkurransen, og i 2003 f\u00f8rte hun dem helt til topps. I sin undervisning klarer hun \u00e5 vise til gode anvendelser av matematikken, og hun klarer \u00e5 smitte kollegaer og l\u00e6rere fra andre skoler med sitt enorme fagengasjement. Hun har ogs\u00e5 en rekke verv, blant annet i matematikkl\u00e6rerforeningen LAMIS, og hun arbeider for Nasjonalt senter for matematikk i oppl\u00e6ringen.<\/p>\n<p><i>Rolf-Arve Wold<\/i>, ved Br\u00f8nn\u00f8ysund barne- og ungdomsskole, har i over 20 \u00e5r arbeidet som l\u00e6rer. Han jobber n\u00e5 p\u00e5 mellomtrinnet, men har st\u00f8rst erfaring fra ungdomsskolen. Han er en kunnskapsrik l\u00e6rer som stadig oppdaterer seg innenfor faget. Rolf-Arve Wold har ofte en praktisk tiln\u00e6rming til faget, men har klare og tydelige m\u00e5l for undervisningen sin. P\u00e5 denne m\u00e5ten engasjerer han og gj\u00f8r faget spennende for elevene. Han er dyktig til \u00e5 se sammenhengen mellom m\u00e5lene i l\u00e6replanen, vurderingssystemet og det konkrete innholdet i matematikkundervisningen. Han deler mer enn gjerne sine kunnskaper og erfaringer i matematikk med kolleger fra hele kommunen.<\/p>\n<\/div>\n<\/div>\n","protected":false},"excerpt":{"rendered":"<p>Holmboeprisen 2006 Hederlig omtale til seks nominerte kandidater Ved nominasjonsfristen 10. januar var det kommet inn 36 nominasjoner. I tillegg har Holmboekomit\u00e9en nominert en kandidat. Holmboekomit\u00e9en gir nedenst\u00e5ende seks kandidater hederlig omtale, og har innstilt en av de seks til &hellip; <a href=\"https:\/\/blogg.hiof.no\/holmboeprisen\/arkiv\/hederlig-omtale-2006\/\">Les videre <span class=\"meta-nav\">&rarr;<\/span><\/a><\/p>\n","protected":false},"author":2225,"featured_media":0,"parent":124,"menu_order":0,"comment_status":"closed","ping_status":"closed","template":"","meta":{"footnotes":""},"class_list":["post-210","page","type-page","status-publish","hentry"],"_links":{"self":[{"href":"https:\/\/blogg.hiof.no\/holmboeprisen\/wp-json\/wp\/v2\/pages\/210","targetHints":{"allow":["GET"]}}],"collection":[{"href":"https:\/\/blogg.hiof.no\/holmboeprisen\/wp-json\/wp\/v2\/pages"}],"about":[{"href":"https:\/\/blogg.hiof.no\/holmboeprisen\/wp-json\/wp\/v2\/types\/page"}],"author":[{"embeddable":true,"href":"https:\/\/blogg.hiof.no\/holmboeprisen\/wp-json\/wp\/v2\/users\/2225"}],"replies":[{"embeddable":true,"href":"https:\/\/blogg.hiof.no\/holmboeprisen\/wp-json\/wp\/v2\/comments?post=210"}],"version-history":[{"count":1,"href":"https:\/\/blogg.hiof.no\/holmboeprisen\/wp-json\/wp\/v2\/pages\/210\/revisions"}],"predecessor-version":[{"id":211,"href":"https:\/\/blogg.hiof.no\/holmboeprisen\/wp-json\/wp\/v2\/pages\/210\/revisions\/211"}],"up":[{"embeddable":true,"href":"https:\/\/blogg.hiof.no\/holmboeprisen\/wp-json\/wp\/v2\/pages\/124"}],"wp:attachment":[{"href":"https:\/\/blogg.hiof.no\/holmboeprisen\/wp-json\/wp\/v2\/media?parent=210"}],"curies":[{"name":"wp","href":"https:\/\/api.w.org\/{rel}","templated":true}]}}