{"id":212,"date":"2024-11-22T14:39:38","date_gmt":"2024-11-22T13:39:38","guid":{"rendered":"https:\/\/blogg.hiof.no\/holmboeprisen\/?page_id=212"},"modified":"2024-11-22T14:39:38","modified_gmt":"2024-11-22T13:39:38","slug":"program-2005","status":"publish","type":"page","link":"https:\/\/blogg.hiof.no\/holmboeprisen\/arkiv\/program-2005\/","title":{"rendered":"Program 2005"},"content":{"rendered":"<h2>Program i forbindelse med utdelingen av Holmboeprisen 23. mai 2005<\/h2>\n<p>Vi h\u00e5per at mange matematikkvenner vil benytte anledningen til \u00e5 m\u00f8te den f\u00f8rste Holmboeprisvinneren ved prisutdelingen og den p\u00e5f\u00f8lgende halvdagskonferansen. Programmet er allsidig, og burde inneholde noe for enhver!<\/p>\n<table class=\"program\">\n<tbody>\n<tr valign=\"top\">\n<th>10:00\u00a0\u2013\u00a011:30<\/th>\n<td>Prisutdeling ved Oslo Katedralskole (fremm\u00f8te senest 09:45).<br \/>\n\u2192 Statsr\u00e5d Kristin Clemet deler ut Holmboeprisen.<br \/>\n\u2192 Vinnerne av KappAbel fra \u00c5l ungdomsskule i Buskerud presenterer sitt prosjekt <i>Matematikk og kroppen<\/i>.<br \/>\n\u2192 Elever fra Oslo Katedralskole fremf\u00f8rer et tabl\u00e5 over en skoledag p\u00e5 Abels tid. Regi: Anders Langangen.<br \/>\n\u2192 Abelprisvinner Peter D. Lax vil v\u00e6re til stede under prisutdelingen.<\/td>\n<\/tr>\n<tr valign=\"top\">\n<th>12:00\u00a0\u2013\u00a013:00<\/th>\n<td>Lunsj ved H\u00f8gskolen i Oslo.<\/td>\n<\/tr>\n<tr valign=\"top\">\n<th>13:00\u00a0\u2013\u00a013:15<\/th>\n<td>\u00c5pning av halvdagskonferansen.<\/td>\n<\/tr>\n<tr valign=\"top\">\n<th>13:15\u00a0\u2013\u00a014:00<\/th>\n<td><i>Med Abel i \u00e5ttende. Fra taustump til lemniskater.<\/i> Foredrag av \u00e5rets Holmboeprisvinner.<\/td>\n<\/tr>\n<tr valign=\"top\">\n<th>14:15\u00a0\u2013\u00a015:00<\/th>\n<td>Einar Jahr, H\u00f8gskolen i Hedmark: <i>Matematikk i estetikk og estetikk i matematikk.<\/i><\/td>\n<\/tr>\n<tr valign=\"top\">\n<th>15:15\u00a0\u2013\u00a016:00<\/th>\n<td>Arild Stubhaug: <i>Bernt Michael Holmboe, den gode l\u00e6rer.<\/i><\/td>\n<\/tr>\n<\/tbody>\n<\/table>\n<p><b>P\u00e5melding til lunsjen:<\/b> Send en mail innen onsdag 18. mai til <a href=\"https:\/\/holmboeprisen.no\/mailto\/?u=HansWilhelm,Morch&amp;d=lu,hio,no\">Hans Wilhelm M\u00f8rch<\/a> ved H\u00f8gskolen i Oslo om du \u00f8nsker \u00e5 v\u00e6re med p\u00e5 lunsjen. Den er gratis, begrenset til ca. 100 plasser.<\/p>\n<p><a class=\"menu\" href=\"http:\/\/www.oslo-katedral.vgs.no\/\">Oslo katedralskole<\/a><\/p>\n<p><a class=\"menu\" href=\"http:\/\/www.hio.no\/\">H\u00f8gskolen i Oslo<\/a><\/p>\n<p><a class=\"menu\" href=\"http:\/\/www.kappabel.com\/\">Kappabel<\/a><\/p>\n","protected":false},"excerpt":{"rendered":"<p>Program i forbindelse med utdelingen av Holmboeprisen 23. mai 2005 Vi h\u00e5per at mange matematikkvenner vil benytte anledningen til \u00e5 m\u00f8te den f\u00f8rste Holmboeprisvinneren ved prisutdelingen og den p\u00e5f\u00f8lgende halvdagskonferansen. Programmet er allsidig, og burde inneholde noe for enhver! 10:00\u00a0\u2013\u00a011:30 &hellip; <a href=\"https:\/\/blogg.hiof.no\/holmboeprisen\/arkiv\/program-2005\/\">Les videre <span class=\"meta-nav\">&rarr;<\/span><\/a><\/p>\n","protected":false},"author":2225,"featured_media":0,"parent":124,"menu_order":0,"comment_status":"closed","ping_status":"closed","template":"","meta":{"footnotes":""},"class_list":["post-212","page","type-page","status-publish","hentry"],"_links":{"self":[{"href":"https:\/\/blogg.hiof.no\/holmboeprisen\/wp-json\/wp\/v2\/pages\/212","targetHints":{"allow":["GET"]}}],"collection":[{"href":"https:\/\/blogg.hiof.no\/holmboeprisen\/wp-json\/wp\/v2\/pages"}],"about":[{"href":"https:\/\/blogg.hiof.no\/holmboeprisen\/wp-json\/wp\/v2\/types\/page"}],"author":[{"embeddable":true,"href":"https:\/\/blogg.hiof.no\/holmboeprisen\/wp-json\/wp\/v2\/users\/2225"}],"replies":[{"embeddable":true,"href":"https:\/\/blogg.hiof.no\/holmboeprisen\/wp-json\/wp\/v2\/comments?post=212"}],"version-history":[{"count":1,"href":"https:\/\/blogg.hiof.no\/holmboeprisen\/wp-json\/wp\/v2\/pages\/212\/revisions"}],"predecessor-version":[{"id":213,"href":"https:\/\/blogg.hiof.no\/holmboeprisen\/wp-json\/wp\/v2\/pages\/212\/revisions\/213"}],"up":[{"embeddable":true,"href":"https:\/\/blogg.hiof.no\/holmboeprisen\/wp-json\/wp\/v2\/pages\/124"}],"wp:attachment":[{"href":"https:\/\/blogg.hiof.no\/holmboeprisen\/wp-json\/wp\/v2\/media?parent=212"}],"curies":[{"name":"wp","href":"https:\/\/api.w.org\/{rel}","templated":true}]}}