{"id":52,"date":"2024-11-22T12:04:43","date_gmt":"2024-11-22T11:04:43","guid":{"rendered":"https:\/\/blogg.hiof.no\/holmboeprisen\/?page_id=52"},"modified":"2024-11-22T12:05:56","modified_gmt":"2024-11-22T11:05:56","slug":"prisvinner-2005","status":"publish","type":"page","link":"https:\/\/blogg.hiof.no\/holmboeprisen\/prisvinnere\/prisvinner-2005\/","title":{"rendered":"Prisvinner 2005"},"content":{"rendered":"<h2>Holmboeprisen 2005 til Svein Hallvard Torkildsen<\/h2>\n<p>Norsk matematikkr\u00e5d har tildelt Bernt Michael Holmboes minnepris for 2005 til Svein Hallvard Torkildsen.<\/p>\n<p><img loading=\"lazy\" decoding=\"async\" class=\"center\" src=\"https:\/\/holmboeprisen.no\/images\/SHTorkildsen_450.jpg\" alt=\"Portrett av Svein Hallvard Torkildsen\" width=\"347\" height=\"450\" \/><\/p>\n<p>Svein Hallvard Torkildsen har gjort en lang, systematisk og allsidig innsats for matematikkfaget med store nasjonale ringvirkninger.<\/p>\n<p>Svein Hallvard Torkildsen har gjennom sin l\u00e6rergjerning utvist et brennende engasjement i klasserommet. Han gir elevene utfordringer, samtidig som han evner \u00e5 differensiere undervisningen og n\u00e5 frem til den enkelte elev. Tilliten til egne elever som tenkende mennesker og ut\u00f8vere av matematikk har v\u00e6rt grunnleggende i hans undervisning, og han har alltid lagt stor vekt p\u00e5 elevenes forst\u00e5else av matematikken. Han inspirerer elevene og lar sitt engasjement smitte over p\u00e5 dem. En av hans tidligere elever sier:<\/p>\n<blockquote><p>Svein utfordrer oss p\u00e5 en slik m\u00e5te at vi bare m\u00e5 finne ut av det!<\/p><\/blockquote>\n<p>En annen av hans tidligere elever, som n\u00e5 er ingeni\u00f8r, l\u00f8ser matematikkproblemer for sine kolleger, og p\u00e5 sp\u00f8rsm\u00e5let \u00abHvordan f\u00e5r du det til?\u00bb svarer han:<\/p>\n<blockquote><p>Jeg l\u00e6rte det p\u00e5 ungdomsskolen av Norges beste matematikkl\u00e6rer!<\/p><\/blockquote>\n<p>Torkildsen har v\u00e6rt en inspirator for matematikkmilj\u00f8et p\u00e5 egen skole. Han har v\u00e6rt fremsynt og tenkt strategisk om utviklingen av matematikkundervisningen ved skolen og v\u00e6rt en drivkraft i denne utviklingen. Han har hjulpet frem dyktige matematikkl\u00e6rere, v\u00e6rt en p\u00e5driver til \u00e5 finne godt konkretiseringsmateriale og utviklet skolens realfagsrom, der matematikk er en stor og integrert del.<\/p>\n<p>Torkildsen var tidlig ute i debatten om nye trender, alltid med selvstendige meninger, og har slik influert utviklingen av matematikkfaget p\u00e5 nasjonalt plan. Han engasjerte seg i utviklingen av nye eksamensformer og innf\u00f8ringen av prosjektarbeid, og han har v\u00e6rt talsmann for en klok og reflektert bruk av IKT i undervisningen.<\/p>\n<p>Hans formidlingsvirksomhet har v\u00e6rt enest\u00e5ende. Gjennom en rekke artikler i tidsskriftet <i>Tangenten<\/i> har han tatt opp aktuelle temaer til inspirasjon og berikelse for matematikkmilj\u00f8et i skolenorge, og \u2013 typisk for ham \u2013 han har ogs\u00e5 f\u00e5tt egne elever til \u00e5 skrive artikler. Han har skrevet en bok, <i>Et ess i ermet<\/i>, utviklet \u00abmultifunksjonelle l\u00e6remidler\u00bb og utgitt oppgavesamlinger. Gjennom en omfattende foredragsvirksomhet, b\u00e5de innenlands og utenlands, har han spredt sine ideer og kunnskaper.<\/p>\n<p>Et viktig bidrag til den landsomfattende utviklingen av matematikkmilj\u00f8et gav Torkildsen da han var en av initiativtagerne og en av stifterne av foreningen LAMIS. Han var ogs\u00e5 foreningens f\u00f8rste leder, og hadde i en \u00e5rrekke ansvaret for dens hjemmesider. I utformingen av KappAbel-konkurransen var Torkildsen en sentral person, og i ettertid har han v\u00e6rt en drivende kraft i konkurransen.<\/p>\n<p>Torkildsen har et samarbeid med H\u00f8gskolen i Agder om IKT og innl\u00e6ring av matematikk, og han stiller sine klasser til disposisjon for deres masterstudenter i matematikkdidaktikk. Han deltok ogs\u00e5 i MISS-utvalget (Matematikk i Skole og Samfunn).<\/p>\n<p>Alt i alt, Torkildsen er en l\u00e6rer som er sterkt engasjert i faget og som v\u00e5ger \u00e5 g\u00e5 egne veier. Gjennom en lang yrkeskarriere har han gitt sin undervisning en form og et innhold som er forbilledlig \u2013 med elevene i sentrum og med ringvirkninger for matematikkundervisningen i hele skolenorge.<\/p>\n<p><a class=\"menu\" href=\"http:\/\/odin.dep.no\/ufd\/norsk\/aktuelt\/pressesenter\/pressem\/045071-070220\/dok-bn.html\">Pressemelding fra UFD<\/a><\/p>\n<p><a class=\"menu\" href=\"http:\/\/www.caspar.no\/Tangenten\/\">Tangenten<\/a><\/p>\n<p><a class=\"menu\" href=\"http:\/\/www.lamis.no\/\">Landslaget for matematikk i skolen<\/a><\/p>\n","protected":false},"excerpt":{"rendered":"<p>Holmboeprisen 2005 til Svein Hallvard Torkildsen Norsk matematikkr\u00e5d har tildelt Bernt Michael Holmboes minnepris for 2005 til Svein Hallvard Torkildsen. Svein Hallvard Torkildsen har gjort en lang, systematisk og allsidig innsats for matematikkfaget med store nasjonale ringvirkninger. Svein Hallvard Torkildsen &hellip; <a href=\"https:\/\/blogg.hiof.no\/holmboeprisen\/prisvinnere\/prisvinner-2005\/\">Les videre <span class=\"meta-nav\">&rarr;<\/span><\/a><\/p>\n","protected":false},"author":2225,"featured_media":0,"parent":12,"menu_order":0,"comment_status":"closed","ping_status":"closed","template":"","meta":{"footnotes":""},"class_list":["post-52","page","type-page","status-publish","hentry"],"_links":{"self":[{"href":"https:\/\/blogg.hiof.no\/holmboeprisen\/wp-json\/wp\/v2\/pages\/52","targetHints":{"allow":["GET"]}}],"collection":[{"href":"https:\/\/blogg.hiof.no\/holmboeprisen\/wp-json\/wp\/v2\/pages"}],"about":[{"href":"https:\/\/blogg.hiof.no\/holmboeprisen\/wp-json\/wp\/v2\/types\/page"}],"author":[{"embeddable":true,"href":"https:\/\/blogg.hiof.no\/holmboeprisen\/wp-json\/wp\/v2\/users\/2225"}],"replies":[{"embeddable":true,"href":"https:\/\/blogg.hiof.no\/holmboeprisen\/wp-json\/wp\/v2\/comments?post=52"}],"version-history":[{"count":1,"href":"https:\/\/blogg.hiof.no\/holmboeprisen\/wp-json\/wp\/v2\/pages\/52\/revisions"}],"predecessor-version":[{"id":53,"href":"https:\/\/blogg.hiof.no\/holmboeprisen\/wp-json\/wp\/v2\/pages\/52\/revisions\/53"}],"up":[{"embeddable":true,"href":"https:\/\/blogg.hiof.no\/holmboeprisen\/wp-json\/wp\/v2\/pages\/12"}],"wp:attachment":[{"href":"https:\/\/blogg.hiof.no\/holmboeprisen\/wp-json\/wp\/v2\/media?parent=52"}],"curies":[{"name":"wp","href":"https:\/\/api.w.org\/{rel}","templated":true}]}}