{"id":58,"date":"2024-11-22T12:08:59","date_gmt":"2024-11-22T11:08:59","guid":{"rendered":"https:\/\/blogg.hiof.no\/holmboeprisen\/?page_id=58"},"modified":"2024-11-22T12:08:59","modified_gmt":"2024-11-22T11:08:59","slug":"prisvinner-2008","status":"publish","type":"page","link":"https:\/\/blogg.hiof.no\/holmboeprisen\/prisvinnere\/prisvinner-2008\/","title":{"rendered":"Prisvinner 2008"},"content":{"rendered":"<h2>Elisabeth Aksnes, Bryne skule, vinner av Holmboeprisen 2008<\/h2>\n<p class=\"ingress\">Norsk matematikkr\u00e5d har tildelt Bernt Michael Holmboes minnepris for 2008 til Elisabeth Aksnes.<br \/>\nElisabeth Aksnes har et brennende engasjement for matematikkfaget. Til daglig arbeider hun ved Bryne skule i Time kommune, i \u00e5r p\u00e5 sjette trinn. Skolen har matematikk som satsningsomr\u00e5de og har blant annet utviklet en fagl\u00e6rertenkning p\u00e5 mellomtrinnet.<\/p>\n<p><img loading=\"lazy\" decoding=\"async\" class=\"center\" src=\"https:\/\/holmboeprisen.no\/images\/Aksnes_500.jpg\" alt=\"Portrett av Elisabeth Aksnes\" width=\"400\" height=\"500\" \/><\/p>\n<p>I undervisningen er Elisabeth Aksnes kjent for sin kombinasjon av faglig dyktighet og pedagogiske ferdigheter. \u00abDet er gildt \u00e5 v\u00e6re i timene hennes. Hun har mange m\u00e5ter \u00e5 forklare p\u00e5 \u2013 en m\u00e5te til hver,\u00bb sier en av elevene hennes. Hun har en praktisk tiln\u00e6rming til den teoretiske matematikken. Dermed oppn\u00e5r hun gode resultater som virker inspirerende p\u00e5 mange kolleger. Hun deler med b\u00e5de elever og l\u00e6rere. Slik klarer hun \u00e5 inspirere og motivere dem som jobber sammen med henne. Hun lar elevene oppleve matematikkglede og mestring i sine timer. Hennes undervisning gj\u00f8r at elevene blir bevisst sin egen l\u00e6ring. Ved \u00e5 arrangere \u00abMattetivoli\u00bb i Brynebyen med egne elever som medarrang\u00f8rer, synliggj\u00f8r hun sin hjertesak \u2013 at matematikk er en del av alle barns hverdag!<\/p>\n<p>Elisabeth Aksnes har v\u00e6rt med \u00e5 bygge opp en omfattende samling av konkretiseringsmateriell ved egen skole. I tillegg har hun arbeidet med en teknolab i forbindelse med teknologi- og designprosjekter og First Lego League konkurransen. Her bruker hun matematikken i probleml\u00f8sning og utforskning av praktiske situasjoner.<\/p>\n<p>Hun stod sentralt i LAMIS (Landslag for matematikk i skolen) da Rogaland fikk sitt lokallag. Hun har ogs\u00e5 arbeidet som ressursperson ved Nasjonalt senter for matematikk i oppl\u00e6ringen, der hun har en del av sin stilling. I denne sammenhengen har hun det siste \u00e5ret st\u00e5tt for kursing i kartleggingsverkt\u00f8yet \u00abAlle teller\u00bb.<\/p>\n<p>Hun holder kurs p\u00e5 egen skole og i regionen. Ogs\u00e5 ungdomsskoler er interessert i hennes kompetanse. Regionalt har hun engasjert seg i MIT-prosjektet (Matematikk i Time kommune) som fokuserer p\u00e5 \u00e5 heve niv\u00e5et i matematikkundervisningen i kommunen.<\/p>\n<p>\u00abElisabeth merker vi,\u00bb sier rektor Berit Ree Magnussen ved Bryne skule. Ogs\u00e5 foreldre til n\u00e5v\u00e6rende og tidligere elever forteller om en fantastisk l\u00e6rer med spennende og nye innfallsvinkler til matematikkfaget.<\/p>\n<p>Som avlutning merker vi oss uttalelsen fra en tidligere elev: \u00abDa vi fikk Elisabeth ble matematikken kjekkere. Hun gjorde hele forskjellen\u00bb.<\/p>\n<div><\/div>\n<p><a class=\"menu\" href=\"http:\/\/www.minskole.no\/minskole\/Bryne\/pilot.nsf\/vindex?Opennavigator&amp;count=5\">Bryne skule<\/a><\/p>\n","protected":false},"excerpt":{"rendered":"<p>Elisabeth Aksnes, Bryne skule, vinner av Holmboeprisen 2008 Norsk matematikkr\u00e5d har tildelt Bernt Michael Holmboes minnepris for 2008 til Elisabeth Aksnes. Elisabeth Aksnes har et brennende engasjement for matematikkfaget. Til daglig arbeider hun ved Bryne skule i Time kommune, i &hellip; <a href=\"https:\/\/blogg.hiof.no\/holmboeprisen\/prisvinnere\/prisvinner-2008\/\">Les videre <span class=\"meta-nav\">&rarr;<\/span><\/a><\/p>\n","protected":false},"author":2225,"featured_media":0,"parent":12,"menu_order":0,"comment_status":"closed","ping_status":"closed","template":"","meta":{"footnotes":""},"class_list":["post-58","page","type-page","status-publish","hentry"],"_links":{"self":[{"href":"https:\/\/blogg.hiof.no\/holmboeprisen\/wp-json\/wp\/v2\/pages\/58","targetHints":{"allow":["GET"]}}],"collection":[{"href":"https:\/\/blogg.hiof.no\/holmboeprisen\/wp-json\/wp\/v2\/pages"}],"about":[{"href":"https:\/\/blogg.hiof.no\/holmboeprisen\/wp-json\/wp\/v2\/types\/page"}],"author":[{"embeddable":true,"href":"https:\/\/blogg.hiof.no\/holmboeprisen\/wp-json\/wp\/v2\/users\/2225"}],"replies":[{"embeddable":true,"href":"https:\/\/blogg.hiof.no\/holmboeprisen\/wp-json\/wp\/v2\/comments?post=58"}],"version-history":[{"count":1,"href":"https:\/\/blogg.hiof.no\/holmboeprisen\/wp-json\/wp\/v2\/pages\/58\/revisions"}],"predecessor-version":[{"id":59,"href":"https:\/\/blogg.hiof.no\/holmboeprisen\/wp-json\/wp\/v2\/pages\/58\/revisions\/59"}],"up":[{"embeddable":true,"href":"https:\/\/blogg.hiof.no\/holmboeprisen\/wp-json\/wp\/v2\/pages\/12"}],"wp:attachment":[{"href":"https:\/\/blogg.hiof.no\/holmboeprisen\/wp-json\/wp\/v2\/media?parent=58"}],"curies":[{"name":"wp","href":"https:\/\/api.w.org\/{rel}","templated":true}]}}