{"id":60,"date":"2024-11-22T12:09:27","date_gmt":"2024-11-22T11:09:27","guid":{"rendered":"https:\/\/blogg.hiof.no\/holmboeprisen\/?page_id=60"},"modified":"2024-11-22T12:09:27","modified_gmt":"2024-11-22T11:09:27","slug":"prisvinner-2009","status":"publish","type":"page","link":"https:\/\/blogg.hiof.no\/holmboeprisen\/prisvinnere\/prisvinner-2009\/","title":{"rendered":"Prisvinner 2009"},"content":{"rendered":"<h2>Odd Heir, Oslo Handelsgymnasium, vinner av Holmboeprisen 2009<\/h2>\n<p class=\"ingress\">Norsk matematikkr\u00e5d har tildelt Bernt Michael Holmboes minnepris for 2009 til Odd Heir.<br \/>\nOdd Heir har lang erfaring som matematikkl\u00e6rer, f\u00f8rst p\u00e5 Sinsen videreg\u00e5ende skole og deretter snart 20 \u00e5r p\u00e5 Oslo Handelsgymnasium. If\u00f8lge elevene er han en fantastisk l\u00e6rer.<\/p>\n<p><img loading=\"lazy\" decoding=\"async\" class=\"center\" src=\"https:\/\/holmboeprisen.no\/images\/Heir_330.jpeg\" alt=\"Portrett av Odd Heir\" width=\"495\" height=\"330\" \/><\/p>\n<p>Han forklarer, eksperimenterer og visualiserer for \u00e5 f\u00e5 elevene til \u00e5 <i>forst\u00e5<\/i> de generelle resultatene. Han har en sp\u00f8rrende holdning til elevene. Han opptrer rolig i klassen og underviser for alle. Han gir varierte oppgaver og differensierer b\u00e5de n\u00e5r det gjelder undervisning og pr\u00f8ver. Alle elever slipper til med sine matematikksp\u00f8rsm\u00e5l og slik \u00f8ker han deres selvtillitt. Odd Heirs elever f\u00f8ler seg priviligert og inspirert.<\/p>\n<p>Elevsitater:<br \/>\n\u00abHan er en kjempebra l\u00e6rer!\u00bb<br \/>\n\u00abJeg liker ham best av alle matematikkl\u00e6rere jeg har hatt!\u00bb<br \/>\n\u00abHan holder morsomme timer, samtidig som de er seri\u00f8se.\u00bb<br \/>\n\u00abHan er bestemt i kravene og forklarer s\u00e5 alle forst\u00e5r.\u00bb<\/p>\n<p>Odd Heir er im\u00f8tekommende overfor kollegaer og synes det er morsomt \u00e5 dele sine kunnskaper i matematikk og \u00e5 diskutere.<\/p>\n<p>Som forfatter av et av landets mest brukte l\u00e6reverk i matematikk og som kursholder har han skaffet seg et stort nettverk og er kjent i hele Norge.<\/p>\n<p>De siste \u00e5rene har han engasjert seg sterkt i bruk av IKT i matematikkundervisningen og han holder mange kurs. Vurdering er et av hans nyeste interesseomr\u00e5der.<\/p>\n<p>Han har v\u00e6rt aktiv innenfor l\u00e6replanarbeid og har arbeidet med eksamen\/sensur for Utdanningsdirektoratet.<\/p>\n<p>At Oslo Handelsgymnasium har f\u00e5tt et godt realfagsrykte og at rekrutteringen til matematikk er g\u00e5tt opp de siste \u00e5rene er i stor grad Odd Heirs fortjeneste.<\/p>\n<p>De som kjenner Odd Heir opplever ham som en tr\u00f8nder med godt hum\u00f8r og med en utrolig arbeidskapasitet som kommer skolen og elevene til gode.<\/p>\n<div><\/div>\n<p><a class=\"menu\" href=\"http:\/\/www.ohg.vgs.no\/\">Oslo Handelsgymnasium<\/a><\/p>\n","protected":false},"excerpt":{"rendered":"<p>Odd Heir, Oslo Handelsgymnasium, vinner av Holmboeprisen 2009 Norsk matematikkr\u00e5d har tildelt Bernt Michael Holmboes minnepris for 2009 til Odd Heir. Odd Heir har lang erfaring som matematikkl\u00e6rer, f\u00f8rst p\u00e5 Sinsen videreg\u00e5ende skole og deretter snart 20 \u00e5r p\u00e5 Oslo &hellip; <a href=\"https:\/\/blogg.hiof.no\/holmboeprisen\/prisvinnere\/prisvinner-2009\/\">Les videre <span class=\"meta-nav\">&rarr;<\/span><\/a><\/p>\n","protected":false},"author":2225,"featured_media":0,"parent":12,"menu_order":0,"comment_status":"closed","ping_status":"closed","template":"","meta":{"footnotes":""},"class_list":["post-60","page","type-page","status-publish","hentry"],"_links":{"self":[{"href":"https:\/\/blogg.hiof.no\/holmboeprisen\/wp-json\/wp\/v2\/pages\/60","targetHints":{"allow":["GET"]}}],"collection":[{"href":"https:\/\/blogg.hiof.no\/holmboeprisen\/wp-json\/wp\/v2\/pages"}],"about":[{"href":"https:\/\/blogg.hiof.no\/holmboeprisen\/wp-json\/wp\/v2\/types\/page"}],"author":[{"embeddable":true,"href":"https:\/\/blogg.hiof.no\/holmboeprisen\/wp-json\/wp\/v2\/users\/2225"}],"replies":[{"embeddable":true,"href":"https:\/\/blogg.hiof.no\/holmboeprisen\/wp-json\/wp\/v2\/comments?post=60"}],"version-history":[{"count":1,"href":"https:\/\/blogg.hiof.no\/holmboeprisen\/wp-json\/wp\/v2\/pages\/60\/revisions"}],"predecessor-version":[{"id":61,"href":"https:\/\/blogg.hiof.no\/holmboeprisen\/wp-json\/wp\/v2\/pages\/60\/revisions\/61"}],"up":[{"embeddable":true,"href":"https:\/\/blogg.hiof.no\/holmboeprisen\/wp-json\/wp\/v2\/pages\/12"}],"wp:attachment":[{"href":"https:\/\/blogg.hiof.no\/holmboeprisen\/wp-json\/wp\/v2\/media?parent=60"}],"curies":[{"name":"wp","href":"https:\/\/api.w.org\/{rel}","templated":true}]}}