{"id":62,"date":"2024-11-22T12:09:57","date_gmt":"2024-11-22T11:09:57","guid":{"rendered":"https:\/\/blogg.hiof.no\/holmboeprisen\/?page_id=62"},"modified":"2024-11-22T12:09:57","modified_gmt":"2024-11-22T11:09:57","slug":"prisvinner-2010","status":"publish","type":"page","link":"https:\/\/blogg.hiof.no\/holmboeprisen\/prisvinnere\/prisvinner-2010\/","title":{"rendered":"Prisvinner 2010"},"content":{"rendered":"<div class=\"ldark\">\n<h2>Therese Hagfors, vinner av Holmboeprisen 2010<\/h2>\n<p class=\"ingress\">Therese Hagfors arbeider p\u00e5 sm\u00e5skoletrinnet ved Bj\u00f8rnevatn skole i S\u00f8r-Varanger kommune i Finnmark. Therese er en l\u00e6rer med stort engasjement og entusiasme for matematikkfaget. Variasjon og konkretisering er noen av virkemidlene som gj\u00f8r hennes undervisning s\u00e5 vellykket. Begrepsl\u00e6ring er ogs\u00e5 et sentralt n\u00f8kkelord for \u00e5 beskrive hennes undervisningspraksis. Samtalen i matematikkfaget er viktig og det \u00e5 f\u00e5 elever til \u00e5 snakke matematikk er avgj\u00f8rende for henne.<\/p>\n<p><img loading=\"lazy\" decoding=\"async\" class=\"center\" src=\"https:\/\/holmboeprisen.no\/images\/Hagfors_364.jpg\" alt=\"Portrett av Therese Hagfors\" width=\"495\" height=\"364\" \/>Therese er en inspirator for kolleger, for foreldre p\u00e5 skolen og i barnehagen. For \u00e5 styrke forst\u00e5elsen for matematikken har hun holdt kurs for dem alle. Hun har v\u00e6rt nettverkskoordinator for \u00d8st-Finnmarksregionens satsing p\u00e5 matematikkfaget helt fra barnehage til videreg\u00e5ende skole. I denne forbindelse har hun hentet inn flinke forelesere og kursholdere til regionen og dermed styrket matematikkmilj\u00f8et ved egen skole og skolene i regionen. Hun er en mye brukt veileder og kursholder i matematikk for barnehager og skoler i kommunen.<\/p>\n<p>Hun sprer gode holdninger til matematikkfaget, forteller kollegene hennes. Therese holder seg faglig oppdatert, hun er ressursperson ved Nasjonalt Senter for Matematikk i Oppl\u00e6ringen. I tillegg har hun v\u00e6rt med og etablert lokallag for Landslaget for matematikk i skolen (LAMIS) i S\u00f8r Varanger der hun sitter som leder. I tillegg har hun at et styreverv i sentralstyret i LAMIS.<\/p>\n<p>Skolens uteomr\u00e5de brukes flittig til m\u00e5lings- og konstruksjonsaktiviteter i matematikken og skoleplassen er omskapt til en stor matematisk verden. Ogs\u00e5 innefor skolens fire vegger har hun v\u00e6rt matematikkens advokat og bygd opp et eget matematikkrom.<\/p>\n<p>Hun har v\u00e6rt medansvarlig for matematikkurs for elever som trenger litt ekstra og har i denne forbindelse arbeidet tett med kontaktl\u00e6rere og foreldre.<\/p>\n<p>Hun er aktiv n\u00e5r matematikkdagen eller Abeldagen skal arrangeres p\u00e5 skolen og lager matematiske verksteder hvor elevene jobber p\u00e5 tvers av trinnene. Hun bruker gjerne fritiden til \u00e5 lage utstyr, konkretiseringsmateriell og hjelpemidler som elevene skal bruke. Slikt smitter og hun klarer \u00e5 engasjere kolleger og elever til en stor innsats for faget slik at de gode resultatene ikke bare viser seg i hennes egen, men ogs\u00e5 i andres klasser.<\/p>\n<p><a class=\"menu\" href=\"http:\/\/www.matematikksenteret.no\/content.ap?thisId=428\">Therese Hagfors<\/a><br \/>\n<a class=\"menu\" href=\"http:\/\/www.skolestoff.org\/bvskole\/index.html\">Bj\u00f8rnevatn skole<\/a><\/p>\n<\/div>\n","protected":false},"excerpt":{"rendered":"<p>Therese Hagfors, vinner av Holmboeprisen 2010 Therese Hagfors arbeider p\u00e5 sm\u00e5skoletrinnet ved Bj\u00f8rnevatn skole i S\u00f8r-Varanger kommune i Finnmark. Therese er en l\u00e6rer med stort engasjement og entusiasme for matematikkfaget. Variasjon og konkretisering er noen av virkemidlene som gj\u00f8r hennes &hellip; <a href=\"https:\/\/blogg.hiof.no\/holmboeprisen\/prisvinnere\/prisvinner-2010\/\">Les videre <span class=\"meta-nav\">&rarr;<\/span><\/a><\/p>\n","protected":false},"author":2225,"featured_media":0,"parent":12,"menu_order":0,"comment_status":"closed","ping_status":"closed","template":"","meta":{"footnotes":""},"class_list":["post-62","page","type-page","status-publish","hentry"],"_links":{"self":[{"href":"https:\/\/blogg.hiof.no\/holmboeprisen\/wp-json\/wp\/v2\/pages\/62","targetHints":{"allow":["GET"]}}],"collection":[{"href":"https:\/\/blogg.hiof.no\/holmboeprisen\/wp-json\/wp\/v2\/pages"}],"about":[{"href":"https:\/\/blogg.hiof.no\/holmboeprisen\/wp-json\/wp\/v2\/types\/page"}],"author":[{"embeddable":true,"href":"https:\/\/blogg.hiof.no\/holmboeprisen\/wp-json\/wp\/v2\/users\/2225"}],"replies":[{"embeddable":true,"href":"https:\/\/blogg.hiof.no\/holmboeprisen\/wp-json\/wp\/v2\/comments?post=62"}],"version-history":[{"count":1,"href":"https:\/\/blogg.hiof.no\/holmboeprisen\/wp-json\/wp\/v2\/pages\/62\/revisions"}],"predecessor-version":[{"id":63,"href":"https:\/\/blogg.hiof.no\/holmboeprisen\/wp-json\/wp\/v2\/pages\/62\/revisions\/63"}],"up":[{"embeddable":true,"href":"https:\/\/blogg.hiof.no\/holmboeprisen\/wp-json\/wp\/v2\/pages\/12"}],"wp:attachment":[{"href":"https:\/\/blogg.hiof.no\/holmboeprisen\/wp-json\/wp\/v2\/media?parent=62"}],"curies":[{"name":"wp","href":"https:\/\/api.w.org\/{rel}","templated":true}]}}