{"id":64,"date":"2024-11-22T12:10:26","date_gmt":"2024-11-22T11:10:26","guid":{"rendered":"https:\/\/blogg.hiof.no\/holmboeprisen\/?page_id=64"},"modified":"2024-11-22T12:12:01","modified_gmt":"2024-11-22T11:12:01","slug":"prisvinner-2012","status":"publish","type":"page","link":"https:\/\/blogg.hiof.no\/holmboeprisen\/prisvinnere\/prisvinner-2012\/","title":{"rendered":"Prisvinner 2012"},"content":{"rendered":"<div class=\"ldark\">\n<h2>Gina Onsrud, vinner av Holmboeprisen 2012<\/h2>\n<p class=\"ingress\">Gina Onsrud er en hum\u00f8rfylt matematikkl\u00e6rer med sans for tallenes magi.<\/p>\n<p>Holmboe var l\u00e6rer og inspirator for v\u00e5r store matematikkstjerne Niels Henrik Abel mens han gikk p\u00e5 gymnaset, men det er vel s\u00e5 viktig \u00e5 ha inspirerende og gode l\u00e6rere for de yngste elevene. Gina Onsrud er en slik l\u00e6rer. En av hennes elever sier: \u00abFlink mattel\u00e6rer hun Gina. Streng, men rettferdig, og alltid med en grublis p\u00e5 lur\u00bb.<\/p>\n<div class=\"center\">\n<p><img loading=\"lazy\" decoding=\"async\" class=\"center\" src=\"https:\/\/holmboeprisen.no\/images\/GOnsrud-500.jpg\" alt=\"Portrett av Gina Onsrud\" width=\"400\" height=\"500\" \/><\/p>\n<p class=\"petit\">Foto: Foto Schr\u00f8der<\/p>\n<\/div>\n<p>Gina Onsrud har arbeidet ved Nardo skole i Trondheim i en \u00e5rrekke. Hun er en l\u00e6rer som virkelig brenner for matematikkfaget, ikke minst for den grunnleggende ferdigheten \u00e5 regne. Prisvinneren behersker kunsten \u00e5 gj\u00f8re faget attraktivt og levende for elevene samtidig som hun holder faglig fokus. Hun behersker et bredt spekter av metoder, og hun evner \u00e5 tilpasse dem til elevenes niv\u00e5. Som mellomtrinnsl\u00e6rer har hun lang erfaring, men er ogs\u00e5 absolutt egnet som l\u00e6rer og inspirator for de yngste elevene.<\/p>\n<p>Kreativitet og tverrfaglighet er stikkord n\u00e5r Gina Onsrud drar i gang et matematikkprosjekt. Hun holder fokus gjennom alle fasene i prosjektarbeidet, og matematikken f\u00e5r en sentral rolle. Hennes m\u00e5te \u00e5 se matematikkfaget p\u00e5 stimulerer nysgjerrigheten til store og sm\u00e5. Hun beveger seg fra tradisjonell matematikkundervisning til probleml\u00f8sing ved \u00e5 stille utfordrende sp\u00f8rsm\u00e5l underveis: Hva hvis \u2026? Undring sammen med elevene over en matematisk g\u00e5te er viktigere enn \u00e5 regne videre i boka!<\/p>\n<p>Utover \u00e5 v\u00e6re leder for skolens matematikkseksjon, er hun med i skolens plangruppe og vurderingsgruppe, og hun deler raust av sin kunnskap med de andre p\u00e5 skolen. Nardo skole arrangerer en \u00e5rlig matematikkuke som Gina Onsrud g\u00e5r i bresjen for. Denne uka er fylt med matematikk: matematikktabl\u00e5er, matematikkaf\u00e9, samlingsstund (tall kan ogs\u00e5 v\u00e6re kultur) og et utall av regneoppgaver.<\/p>\n<p>Gina Onsrud hadde et engasjement ved Nasjonalt Senter for Matematikk i Oppl\u00e6ringen i perioden 2006 \u2013 2010. Der arbeidet hun blant annet med Nasjonale pr\u00f8ver i regning og med \u00e5 utvikle matematikkrommet ved Midt-Norsk Realfag- og Teknologisenter i Verdal. H\u00f8sten 2010 valgte hun \u00e5 g\u00e5 tilbake til undervisning p\u00e5 heltid.<\/p>\n<p>Gina Onsrud kjenner l\u00e6replanen sv\u00e6rt godt og balanserer l\u00e6replankravene og elevenes forutsetninger p\u00e5 en reflektert m\u00e5te. Hun fortjener Holmboeprisen for sin varierte og gjennomtenkte matematikkundervisning for de minste. Det er i klasserommet kunnskapen bygges.<\/p>\n<p><a class=\"menu\" href=\"http:\/\/www.trondheim.kommune.no\/nardo-skole\/\">Nardo skole<\/a><br \/>\n<a class=\"menu\" href=\"http:\/\/www.matematikksenteret.no\/\">Nasjonalt senter for matematikk i oppl\u00e6ringen<\/a><\/p>\n<\/div>\n","protected":false},"excerpt":{"rendered":"<p>Gina Onsrud, vinner av Holmboeprisen 2012 Gina Onsrud er en hum\u00f8rfylt matematikkl\u00e6rer med sans for tallenes magi. Holmboe var l\u00e6rer og inspirator for v\u00e5r store matematikkstjerne Niels Henrik Abel mens han gikk p\u00e5 gymnaset, men det er vel s\u00e5 viktig &hellip; <a href=\"https:\/\/blogg.hiof.no\/holmboeprisen\/prisvinnere\/prisvinner-2012\/\">Les videre <span class=\"meta-nav\">&rarr;<\/span><\/a><\/p>\n","protected":false},"author":2225,"featured_media":0,"parent":12,"menu_order":0,"comment_status":"closed","ping_status":"closed","template":"","meta":{"footnotes":""},"class_list":["post-64","page","type-page","status-publish","hentry"],"_links":{"self":[{"href":"https:\/\/blogg.hiof.no\/holmboeprisen\/wp-json\/wp\/v2\/pages\/64","targetHints":{"allow":["GET"]}}],"collection":[{"href":"https:\/\/blogg.hiof.no\/holmboeprisen\/wp-json\/wp\/v2\/pages"}],"about":[{"href":"https:\/\/blogg.hiof.no\/holmboeprisen\/wp-json\/wp\/v2\/types\/page"}],"author":[{"embeddable":true,"href":"https:\/\/blogg.hiof.no\/holmboeprisen\/wp-json\/wp\/v2\/users\/2225"}],"replies":[{"embeddable":true,"href":"https:\/\/blogg.hiof.no\/holmboeprisen\/wp-json\/wp\/v2\/comments?post=64"}],"version-history":[{"count":2,"href":"https:\/\/blogg.hiof.no\/holmboeprisen\/wp-json\/wp\/v2\/pages\/64\/revisions"}],"predecessor-version":[{"id":66,"href":"https:\/\/blogg.hiof.no\/holmboeprisen\/wp-json\/wp\/v2\/pages\/64\/revisions\/66"}],"up":[{"embeddable":true,"href":"https:\/\/blogg.hiof.no\/holmboeprisen\/wp-json\/wp\/v2\/pages\/12"}],"wp:attachment":[{"href":"https:\/\/blogg.hiof.no\/holmboeprisen\/wp-json\/wp\/v2\/media?parent=64"}],"curies":[{"name":"wp","href":"https:\/\/api.w.org\/{rel}","templated":true}]}}