{"id":72,"date":"2024-11-22T12:13:46","date_gmt":"2024-11-22T11:13:46","guid":{"rendered":"https:\/\/blogg.hiof.no\/holmboeprisen\/?page_id=72"},"modified":"2024-11-22T12:13:46","modified_gmt":"2024-11-22T11:13:46","slug":"prisvinner-2014","status":"publish","type":"page","link":"https:\/\/blogg.hiof.no\/holmboeprisen\/prisvinnere\/prisvinner-2014\/","title":{"rendered":"Prisvinner 2014"},"content":{"rendered":"<h2>Tor Arne Mj\u00f8lund, vinner av Holmboeprisen 2014<\/h2>\n<p class=\"ingress\">Mj\u00f8lund har v\u00e6rt aktiv l\u00e6rer siden 1970, og fra 1983 har han virket ved Kristiansand Katedralskole Gimle.<\/p>\n<div class=\"center\"><img loading=\"lazy\" decoding=\"async\" class=\"center\" title=\"Tor Arne Mj\u00f8lund. Foto: Morten Morell.\" src=\"https:\/\/holmboeprisen.no\/images\/Mjolund-500.jpg\" alt=\"Portrett av Tor Arne Mj\u00f8lund. Foto: Morten Morell.\" width=\"504\" height=\"360\" \/><\/div>\n<p>Mj\u00f8lund tildeles prisen for sitt engasjement i \u00e5 utvikle en matematikkundervisning som fremmer matematikkforst\u00e5elsen og motivasjonen til elevene. Han har utradisjonelle innfallsvinkler til undervisningen basert p\u00e5 probleml\u00f8sning og caseoppgaver. Oppleggene er utviklet med tanke p\u00e5 hele bredden av undervisningsprogrammer. Han evner p\u00e5 en enest\u00e5ende m\u00e5te \u00e5 f\u00e5 undervisningsoppleggene til \u00e5 virke i klasserommet p\u00e5 grunn av en kombinasjon av h\u00f8y faglig presisjon i formidlingen og en skarp analytisk evne til \u00e5 tolke elevenes l\u00e6ringsprosesser.<\/p>\n<p>I m\u00f8tet med elevene er Mj\u00f8lund enest\u00e5ende. Han har en egen evne til \u00e5 kommunisere med elevene, b\u00e5de faglig og sosialt. Mj\u00f8lund utvikler en kultur i klasserommet med matematiske resonnement og kommunikasjon som meget viktige ingredienser.<\/p>\n<p>Mj\u00f8lund har v\u00e6rt en p\u00e5driver for nytenkning omkring matematikkundervisning p\u00e5 skolen. Han er en tilgjengelig diskusjonspartner for b\u00e5de nye og erfarne kolleger, og deler velvillig av sine erfaringer. Skolen kj\u00f8rer i \u00e5r et eget opplegg for undervisningsgruppene i 1T basert p\u00e5 et kompendium som Mj\u00f8lund har v\u00e6rt sentral i \u00e5 utvikle. Han underviser en klasse i matematikk ved IB-linjen.<\/p>\n<p>Mj\u00f8lund har v\u00e6rt sentral i utarbeidelsen av en casebasert undervisning i matematikk for vg1 Helse og oppvekst. Opplegget har skapt begeistring b\u00e5de blant kolleger og i klassene, og har f\u00f8rt til h\u00f8ymotiverte elever.<\/p>\n<p>Mj\u00f8lund har ved flere anledninger v\u00e6rt kursholder for matematikksenteret.<\/p>\n<p>Blant elevers beskrivelse av Mj\u00f8lunds undervisning finner man uttalelser som:<\/p>\n<blockquote><p>\u00abHan klarer \u00e5 m\u00f8te og se enhver elev, og oppmuntrer til kreativitet og egne l\u00f8sninger. Jeg f\u00e5r av han inntrykk av matte som noe fundamentalt og vakkert, som b\u00f8r forst\u00e5s framfor \u00e5 pugges.\u00bb<\/p><\/blockquote>\n<blockquote><p>\u00abTor Arne l\u00e6rer oss \u00e5 tenke selv, og motiverer oss til \u00e5 sette h\u00f8ye m\u00e5l\u00bb<\/p><\/blockquote>\n<p><a class=\"menu\" href=\"http:\/\/www.kkg.vgs.no\/\">Kristiansand Katedralskole Gimle<\/a><\/p>\n","protected":false},"excerpt":{"rendered":"<p>Tor Arne Mj\u00f8lund, vinner av Holmboeprisen 2014 Mj\u00f8lund har v\u00e6rt aktiv l\u00e6rer siden 1970, og fra 1983 har han virket ved Kristiansand Katedralskole Gimle. Mj\u00f8lund tildeles prisen for sitt engasjement i \u00e5 utvikle en matematikkundervisning som fremmer matematikkforst\u00e5elsen og motivasjonen &hellip; <a href=\"https:\/\/blogg.hiof.no\/holmboeprisen\/prisvinnere\/prisvinner-2014\/\">Les videre <span class=\"meta-nav\">&rarr;<\/span><\/a><\/p>\n","protected":false},"author":2225,"featured_media":0,"parent":12,"menu_order":0,"comment_status":"closed","ping_status":"closed","template":"","meta":{"footnotes":""},"class_list":["post-72","page","type-page","status-publish","hentry"],"_links":{"self":[{"href":"https:\/\/blogg.hiof.no\/holmboeprisen\/wp-json\/wp\/v2\/pages\/72","targetHints":{"allow":["GET"]}}],"collection":[{"href":"https:\/\/blogg.hiof.no\/holmboeprisen\/wp-json\/wp\/v2\/pages"}],"about":[{"href":"https:\/\/blogg.hiof.no\/holmboeprisen\/wp-json\/wp\/v2\/types\/page"}],"author":[{"embeddable":true,"href":"https:\/\/blogg.hiof.no\/holmboeprisen\/wp-json\/wp\/v2\/users\/2225"}],"replies":[{"embeddable":true,"href":"https:\/\/blogg.hiof.no\/holmboeprisen\/wp-json\/wp\/v2\/comments?post=72"}],"version-history":[{"count":1,"href":"https:\/\/blogg.hiof.no\/holmboeprisen\/wp-json\/wp\/v2\/pages\/72\/revisions"}],"predecessor-version":[{"id":73,"href":"https:\/\/blogg.hiof.no\/holmboeprisen\/wp-json\/wp\/v2\/pages\/72\/revisions\/73"}],"up":[{"embeddable":true,"href":"https:\/\/blogg.hiof.no\/holmboeprisen\/wp-json\/wp\/v2\/pages\/12"}],"wp:attachment":[{"href":"https:\/\/blogg.hiof.no\/holmboeprisen\/wp-json\/wp\/v2\/media?parent=72"}],"curies":[{"name":"wp","href":"https:\/\/api.w.org\/{rel}","templated":true}]}}