{"id":74,"date":"2024-11-22T12:14:15","date_gmt":"2024-11-22T11:14:15","guid":{"rendered":"https:\/\/blogg.hiof.no\/holmboeprisen\/?page_id=74"},"modified":"2024-11-22T12:14:15","modified_gmt":"2024-11-22T11:14:15","slug":"prisvinner-2015","status":"publish","type":"page","link":"https:\/\/blogg.hiof.no\/holmboeprisen\/prisvinnere\/prisvinner-2015\/","title":{"rendered":"Prisvinner 2015"},"content":{"rendered":"<h2>Vinner av Holmboeprisen 2015 er Matematikkseksjonen ved Hellerud videreg\u00e5ende skole<\/h2>\n<p class=\"ingress\">Matematikkseksjonen ved Hellerud videreg\u00e5ende skole tildeles Holmboeprisen 2015 f\u00f8rst og fremst for det systematiske samarbeidet de ti matematikkl\u00e6rerne ved skolen praktiserer. L\u00e6rerne har jevnlige samarbeidsm\u00f8ter der de dr\u00f8fter didaktiske problemstillinger direkte relatert til den undervisningssituasjonen og elevgruppen de har \u00e5 arbeide med.<\/p>\n<div class=\"center\"><img loading=\"lazy\" decoding=\"async\" class=\"center\" title=\"Kenneth Marthinsen og Egil Reidar Osnes.\" src=\"https:\/\/holmboeprisen.no\/images\/MarthinsenOsnes.jpg\" alt=\"To av matematikkseksjonens medlemmer\" width=\"504\" height=\"596\" \/><\/p>\n<p class=\"caption\">Matematikkseksjonen ved Hellerud videreg\u00e5ende skole, her representert ved to av dem: Kenneth Marthinsen og Egil Reidar Osnes.<\/p>\n<\/div>\n<p>Hellerud videreg\u00e5ende skole er en skole i Groruddalen der 95\u00a0% av elevene har minoritetsbakgrunn. Karaktersnittet fra ungdomsskolen er sv\u00e6rt lavt\u200b, og disse to forholdene skaper store utfordringer for l\u00e6rerkollegiet. Tross dette utgangspunktet best\u00e5r hele 80\u00a0% av elevene matematikkurset 1P takket v\u00e6re en iherdig og m\u00e5lrettet innsats fra matematikkl\u00e6rerne.<\/p>\n<p>De fleste elevene som kommer til Hellerud videreg\u00e5ende skole har vanskelig for \u00e5 lese og bruke de vanlige l\u00e6reverkene. Kollegiet har derfor startet en prosess med \u00e5 utvikle nettbaserte l\u00e6reb\u00f8ker tilpasset elevgruppen. M\u00e5let er \u00e5 lage l\u00e6reb\u00f8ker med en s\u00e5 forenklet tekst at elevgruppen kan forholde seg til den. V\u00e5ren 2015 foreligger b\u00f8ker for 1P, 2P og 2P-Y. En av l\u00e6rerne er hovedforfatter, men matematikkseksjonen samlet kommer med innspill og pr\u00f8ver ut materialet. L\u00e6reb\u00f8kene blir revidert fortl\u00f8pende og fungerer som et supplement til undervisningen, og kollegiet dr\u00f8fter ukentlig hvordan undervisningen kan gj\u00f8res best mulig. L\u00e6reb\u00f8kene ligger \u00e5pent tilgjengelig p\u00e5 nett slik at alle som \u00f8nsker det kan bruke dem.<\/p>\n<p>Samarbeidet som foreg\u00e5r ved matematikkseksjonen p\u00e5 Hellerud videreg\u00e5ende skole kan v\u00e6re til eksempel og inspirasjon for kollegier ved andre skoler. Resultatene skolen oppn\u00e5r viser at l\u00e6rernes samlede innsats kan gj\u00f8re en forskjell i en tid der mange elever ikke best\u00e5r matematikk i videreg\u00e5ende skole.<\/p>\n<p><a class=\"menu\" href=\"http:\/\/www.hellerud.vgs.no\/\">Hellerud videreg\u00e5ende skole<\/a><\/p>\n","protected":false},"excerpt":{"rendered":"<p>Vinner av Holmboeprisen 2015 er Matematikkseksjonen ved Hellerud videreg\u00e5ende skole Matematikkseksjonen ved Hellerud videreg\u00e5ende skole tildeles Holmboeprisen 2015 f\u00f8rst og fremst for det systematiske samarbeidet de ti matematikkl\u00e6rerne ved skolen praktiserer. L\u00e6rerne har jevnlige samarbeidsm\u00f8ter der de dr\u00f8fter didaktiske problemstillinger &hellip; <a href=\"https:\/\/blogg.hiof.no\/holmboeprisen\/prisvinnere\/prisvinner-2015\/\">Les videre <span class=\"meta-nav\">&rarr;<\/span><\/a><\/p>\n","protected":false},"author":2225,"featured_media":0,"parent":12,"menu_order":0,"comment_status":"closed","ping_status":"closed","template":"","meta":{"footnotes":""},"class_list":["post-74","page","type-page","status-publish","hentry"],"_links":{"self":[{"href":"https:\/\/blogg.hiof.no\/holmboeprisen\/wp-json\/wp\/v2\/pages\/74","targetHints":{"allow":["GET"]}}],"collection":[{"href":"https:\/\/blogg.hiof.no\/holmboeprisen\/wp-json\/wp\/v2\/pages"}],"about":[{"href":"https:\/\/blogg.hiof.no\/holmboeprisen\/wp-json\/wp\/v2\/types\/page"}],"author":[{"embeddable":true,"href":"https:\/\/blogg.hiof.no\/holmboeprisen\/wp-json\/wp\/v2\/users\/2225"}],"replies":[{"embeddable":true,"href":"https:\/\/blogg.hiof.no\/holmboeprisen\/wp-json\/wp\/v2\/comments?post=74"}],"version-history":[{"count":1,"href":"https:\/\/blogg.hiof.no\/holmboeprisen\/wp-json\/wp\/v2\/pages\/74\/revisions"}],"predecessor-version":[{"id":75,"href":"https:\/\/blogg.hiof.no\/holmboeprisen\/wp-json\/wp\/v2\/pages\/74\/revisions\/75"}],"up":[{"embeddable":true,"href":"https:\/\/blogg.hiof.no\/holmboeprisen\/wp-json\/wp\/v2\/pages\/12"}],"wp:attachment":[{"href":"https:\/\/blogg.hiof.no\/holmboeprisen\/wp-json\/wp\/v2\/media?parent=74"}],"curies":[{"name":"wp","href":"https:\/\/api.w.org\/{rel}","templated":true}]}}