{"id":76,"date":"2024-11-22T12:15:00","date_gmt":"2024-11-22T11:15:00","guid":{"rendered":"https:\/\/blogg.hiof.no\/holmboeprisen\/?page_id=76"},"modified":"2024-11-22T12:15:00","modified_gmt":"2024-11-22T11:15:00","slug":"prisvinner-2016","status":"publish","type":"page","link":"https:\/\/blogg.hiof.no\/holmboeprisen\/prisvinnere\/prisvinner-2016\/","title":{"rendered":"Prisvinner 2016"},"content":{"rendered":"<div class=\"ldark\">\n<h2>Ingunn Valbekmo, Holmboeprisvinner 2016<\/h2>\n<p class=\"ingress\">Ingunn Valbekmo er l\u00e6rer ved By\u00e5sen skole i Trondheim, der hun for tiden underviser p\u00e5 6.\u00a0trinn. Ingunn er en engasjert matematikkl\u00e6rer som har evnet \u00e5 endre undervisningspraksis b\u00e5de for egen del og med ringvirkninger i hele kollegiet.<\/p>\n<div class=\"center\"><img loading=\"lazy\" decoding=\"async\" class=\"center\" title=\"Ingunn Valbekmo\" src=\"https:\/\/holmboeprisen.no\/images\/Valbekmo-500.jpg\" alt=\"Ingunn Valbekmo\" width=\"504\" height=\"672\" \/><\/p>\n<p class=\"caption\">Ingunn Valbekmo (foto: Wenche Kjellby Nesset)<\/p>\n<\/div>\n<p>Undervisningen hennes bygger p\u00e5 at elevene skal f\u00e5 grunnleggende forst\u00e5else av matematikk. Ingunn hjelper dem til \u00e5 se naturlige sammenhenger i faget og gir dem kunnskaper de kan bygge videre p\u00e5. Oppgavene er rike og basert p\u00e5 probleml\u00f8sning hvor elevene bruker spr\u00e5k og kommunikasjon i arbeidet med \u00e5 l\u00f8se oppgavene. Undervisningen er basert p\u00e5 samarbeid mellom elevene, og undring og mestring har h\u00f8y prioritert. Ingen l\u00f8sninger blir gitt, elevene grubler seg frem til disse, gjerne sammen med Ingunn. Undervisningen er lagt opp som en prosess der elevene utvikler egne l\u00f8sningsstrategier. Tenkningen g\u00e5r fra det enkle til det mer krevende, hvor elevene tar i bruk den kunnskapen de har og resonnerer seg frem til l\u00f8sninger gjennom blant annet skriving som st\u00f8tte for egen l\u00e6ring. L\u00e6reboka er lagt bort til fordel for et blankt ark hvor de skriver og regner seg frem til en l\u00f8sning, som senere presenteres p\u00e5 en \u00abmattekonferanse\u00bb for de andre elevene.<\/p>\n<p>Elevene setter pris p\u00e5 denne m\u00e5ten \u00e5 arbeide p\u00e5. Elevsitat:<\/p>\n<ul>\n<li><i>Hun har gjort matematikk morsommere og mer spennende.<\/i><\/li>\n<li><i>Hun er ikke alltid ute etter svaret, men m\u00e5ten vi tenker p\u00e5.<\/i><\/li>\n<li><i>Vi f\u00e5r lov til \u00e5 bruke v\u00e5re egne metoder n\u00e5r vi pr\u00f8ver.<\/i><\/li>\n<li><i>Hun l\u00e6rer oss \u00e5 forst\u00e5 metodene, ikke bare l\u00e6rer dem bort.<\/i><\/li>\n<li><i>Hun vil at vi skal se de beste metodene selv.<\/i><\/li>\n<\/ul>\n<p>Foresatte p\u00e5peker at Ingunn har v\u00e6rt en viktig p\u00e5driver p\u00e5 By\u00e5sen skole, og at skepsis for endring har snudd til begeistring.<\/p>\n<p>Valbekmo har opplevd skepsis b\u00e5de hos kollegaer og foresatte, men har hatt tilstrekkelig engasjement og vilje til \u00e5 gjennomf\u00f8re en endringsprosess som har f\u00f8rt til at hele skolen n\u00e5 har en praksis basert p\u00e5 forskning, og at skolens resultater er l\u00f8ftet.<\/p>\n<p>Valbekmo tok videreutdanning i matematikk p\u00e5 H\u00f8gskolen i Nord-Tr\u00f8ndelag fra 2012. Hun g\u00e5r n\u00e5 p\u00e5 masterstudiet i matematikkdidaktikk ved NTNU.<\/p>\n<p>Ingunns engasjement og resultater fanges n\u00e5 opp av milj\u00f8er utenfor egen skole. Hun har holdt foredrag for andre studenter samt p\u00e5 Novemberkonferansen til Matematikksenteret (2015).<\/p>\n<p><a class=\"menu\" href=\"https:\/\/www.trondheim.kommune.no\/byasen-skole\/\">By\u00e5sen skole<\/a><\/p>\n<\/div>\n<div class=\"light\">\n<h2>Video om Holmboeprisvinneren 2016<\/h2>\n<p>Norsk matematikkr\u00e5d og Institutt for matematiske fag ved NTNU har g\u00e5tt sammen om \u00e5 lage en kort video om \u00e5rets Holmboeprisvinner.<\/p>\n<div class=\"videowrapper\"><\/div>\n<\/div>\n","protected":false},"excerpt":{"rendered":"<p>Ingunn Valbekmo, Holmboeprisvinner 2016 Ingunn Valbekmo er l\u00e6rer ved By\u00e5sen skole i Trondheim, der hun for tiden underviser p\u00e5 6.\u00a0trinn. Ingunn er en engasjert matematikkl\u00e6rer som har evnet \u00e5 endre undervisningspraksis b\u00e5de for egen del og med ringvirkninger i hele &hellip; <a href=\"https:\/\/blogg.hiof.no\/holmboeprisen\/prisvinnere\/prisvinner-2016\/\">Les videre <span class=\"meta-nav\">&rarr;<\/span><\/a><\/p>\n","protected":false},"author":2225,"featured_media":0,"parent":12,"menu_order":0,"comment_status":"closed","ping_status":"closed","template":"","meta":{"footnotes":""},"class_list":["post-76","page","type-page","status-publish","hentry"],"_links":{"self":[{"href":"https:\/\/blogg.hiof.no\/holmboeprisen\/wp-json\/wp\/v2\/pages\/76","targetHints":{"allow":["GET"]}}],"collection":[{"href":"https:\/\/blogg.hiof.no\/holmboeprisen\/wp-json\/wp\/v2\/pages"}],"about":[{"href":"https:\/\/blogg.hiof.no\/holmboeprisen\/wp-json\/wp\/v2\/types\/page"}],"author":[{"embeddable":true,"href":"https:\/\/blogg.hiof.no\/holmboeprisen\/wp-json\/wp\/v2\/users\/2225"}],"replies":[{"embeddable":true,"href":"https:\/\/blogg.hiof.no\/holmboeprisen\/wp-json\/wp\/v2\/comments?post=76"}],"version-history":[{"count":1,"href":"https:\/\/blogg.hiof.no\/holmboeprisen\/wp-json\/wp\/v2\/pages\/76\/revisions"}],"predecessor-version":[{"id":77,"href":"https:\/\/blogg.hiof.no\/holmboeprisen\/wp-json\/wp\/v2\/pages\/76\/revisions\/77"}],"up":[{"embeddable":true,"href":"https:\/\/blogg.hiof.no\/holmboeprisen\/wp-json\/wp\/v2\/pages\/12"}],"wp:attachment":[{"href":"https:\/\/blogg.hiof.no\/holmboeprisen\/wp-json\/wp\/v2\/media?parent=76"}],"curies":[{"name":"wp","href":"https:\/\/api.w.org\/{rel}","templated":true}]}}