{"id":78,"date":"2024-11-22T12:15:32","date_gmt":"2024-11-22T11:15:32","guid":{"rendered":"https:\/\/blogg.hiof.no\/holmboeprisen\/?page_id=78"},"modified":"2024-11-22T12:15:32","modified_gmt":"2024-11-22T11:15:32","slug":"prisvinner-2017","status":"publish","type":"page","link":"https:\/\/blogg.hiof.no\/holmboeprisen\/prisvinnere\/prisvinner-2017\/","title":{"rendered":"Prisvinner 2017"},"content":{"rendered":"<div class=\"ldark\">\n<h2>Hanan Mohamed Abdelrahman, Holmboeprisvinner 2017<\/h2>\n<p class=\"ingress\">Hanan Mohamed Abdelrahman er l\u00e6rer ved Lofsrud ungdomsskole i Oslo. Hun har et brennende engasjement for matematikkundervisning og for at alle elever skal lykkes i faget. Hun vektlegger sterkt at hver enkelt elev skal mestre og forst\u00e5 matematikken.<\/p>\n<div class=\"center\"><img loading=\"lazy\" decoding=\"async\" class=\"center\" title=\"Hanan Mohamed Abdelrahman\" src=\"https:\/\/holmboeprisen.no\/images\/HMAbdelrahman.jpg\" alt=\"Hanan Mohamed Abdelrahman\" width=\"415\" height=\"525\" \/><\/p>\n<p class=\"caption\">Hanan Mohamed Abdelrahman<\/p>\n<\/div>\n<p>Hanans undervisningsfilosofi bygger p\u00e5 at alle kan mestre matematikk. Hun stiller krav til elevene, utfordrer dem og forventer at de gj\u00f8r en innsats. Hun setter seg inn i og forst\u00e5r hvordan elevene tenker og hva de sliter med, og hun gir veiledning til den enkelte ut fra deres forutsetning. Hun leter stadig etter nye innfallsvinkler for \u00e5 hjelpe elevene til \u00e5 forst\u00e5, og hun anerkjenner deres egne tanker, forslag og kreativitet. Hun f\u00e5r elevene til \u00e5 anstrenge seg slik at de f\u00e5r mestringsf\u00f8lelse og tro p\u00e5 seg selv, og sv\u00e6rt mange elever mestrer faget bedre. Elever og foreldre framhever omsorgen og entusiasmen hun legger i \u00e5 hjelpe den enkelte. Hanan mestrer \u00e5 finne n\u00f8kkelen til motivasjon hos hver enkelt slik at elevene \u00f8nsker \u00e5 utvikle forst\u00e5else for den matematikken de arbeider med.<\/p>\n<p>Hanan har en solid faglig innsikt. Hun har mastergrad i grunnskoledidaktikk med fordypning i matematikk, og holder p\u00e5 med videre matematikkstudier. Hun har mange \u00e5rs erfaring som l\u00e6rer, og jobber m\u00e5lrettet med tilpasset oppl\u00e6ring og for \u00e5 heve elevenes resultater og karaktersnitt i matematikk. Undervisningen i Hanans timer er variert. Hun er en glimrende formidler og underviser av matematikk, og gir oppgaver basert p\u00e5 realistiske og hverdagslige kontekster. Hun supplerer l\u00e6reb\u00f8ker og tradisjonelle oppgaver med egne videoer, matematiske spill og matematikkleker. Lofsrud ungdomsskole har en stor andel minoritetsspr\u00e5klige elever som kommer til skolen med sv\u00e6rt ulik faglig bakgrunn. Hanan m\u00f8ter slike faglige utfordringer med \u00e5 hjelpe alle elevene til \u00e5 lykkes p\u00e5 sitt niv\u00e5 og utvikle seg videre.<\/p>\n<p>Hanan ser at det er viktig \u00e5 involvere foreldre og foresatte i barnas matematikkl\u00e6ring. Hun har holdt kurs for foreldre og gitt ut boka \u00abMattehjelperen \u2013 Leksehjelp for foreldre og elever p\u00e5 ungdomsskolen\u00bb. Hun st\u00e5r til disposisjon for elever og foreldre sent og tidlig, og hun svarer alltid n\u00e5r de kontakter henne. Hanan gir gratis leksehjelp p\u00e5 to bibliotek. Det er mange elever som benytter seg av dette. Dessuten tilbyr hun hjelp p\u00e5 Facebook-siden \u00abMatematikkhjelperen\u00bb. Hun er ogs\u00e5 spaltist i Aftenposten Junior, hvor hun skriver en \u00abmatematikksak\u00bb annenhver uke. I tillegg holder hun kurs for pedagoger, skoleledere og foreldre.<\/p>\n<p>Hanan er en stor ressurs for Lofsrud ungdomsskole. Hun er innovativ og nytenkende som matematikkl\u00e6rer, med ekstraordin\u00e6r lidenskap for \u00e5 motivere til l\u00e6ringsglede og interesse for matematikkfaget. Hun er et forbilde for mange.<\/p>\n<p><a class=\"menu\" href=\"https:\/\/lofsrud.osloskolen.no\/\">Lofsrud skole<\/a><\/p>\n<\/div>\n<div class=\"light\">\n<h2>Video med \u00e5rets Holmboeprisvinner<\/h2>\n<p><a class=\"menu\" href=\"https:\/\/drive.google.com\/file\/d\/0BzT9vjkNT4zeTUFYaEkzVDA2SUE\/view\">Nedlastbar versjon<\/a> fra Google Drive (76 MB)<\/p>\n<\/div>\n","protected":false},"excerpt":{"rendered":"<p>Hanan Mohamed Abdelrahman, Holmboeprisvinner 2017 Hanan Mohamed Abdelrahman er l\u00e6rer ved Lofsrud ungdomsskole i Oslo. Hun har et brennende engasjement for matematikkundervisning og for at alle elever skal lykkes i faget. Hun vektlegger sterkt at hver enkelt elev skal mestre &hellip; <a href=\"https:\/\/blogg.hiof.no\/holmboeprisen\/prisvinnere\/prisvinner-2017\/\">Les videre <span class=\"meta-nav\">&rarr;<\/span><\/a><\/p>\n","protected":false},"author":2225,"featured_media":0,"parent":12,"menu_order":0,"comment_status":"closed","ping_status":"closed","template":"","meta":{"footnotes":""},"class_list":["post-78","page","type-page","status-publish","hentry"],"_links":{"self":[{"href":"https:\/\/blogg.hiof.no\/holmboeprisen\/wp-json\/wp\/v2\/pages\/78","targetHints":{"allow":["GET"]}}],"collection":[{"href":"https:\/\/blogg.hiof.no\/holmboeprisen\/wp-json\/wp\/v2\/pages"}],"about":[{"href":"https:\/\/blogg.hiof.no\/holmboeprisen\/wp-json\/wp\/v2\/types\/page"}],"author":[{"embeddable":true,"href":"https:\/\/blogg.hiof.no\/holmboeprisen\/wp-json\/wp\/v2\/users\/2225"}],"replies":[{"embeddable":true,"href":"https:\/\/blogg.hiof.no\/holmboeprisen\/wp-json\/wp\/v2\/comments?post=78"}],"version-history":[{"count":1,"href":"https:\/\/blogg.hiof.no\/holmboeprisen\/wp-json\/wp\/v2\/pages\/78\/revisions"}],"predecessor-version":[{"id":79,"href":"https:\/\/blogg.hiof.no\/holmboeprisen\/wp-json\/wp\/v2\/pages\/78\/revisions\/79"}],"up":[{"embeddable":true,"href":"https:\/\/blogg.hiof.no\/holmboeprisen\/wp-json\/wp\/v2\/pages\/12"}],"wp:attachment":[{"href":"https:\/\/blogg.hiof.no\/holmboeprisen\/wp-json\/wp\/v2\/media?parent=78"}],"curies":[{"name":"wp","href":"https:\/\/api.w.org\/{rel}","templated":true}]}}