{"id":80,"date":"2024-11-22T12:16:00","date_gmt":"2024-11-22T11:16:00","guid":{"rendered":"https:\/\/blogg.hiof.no\/holmboeprisen\/?page_id=80"},"modified":"2024-11-22T12:16:00","modified_gmt":"2024-11-22T11:16:00","slug":"prisvinner-2018","status":"publish","type":"page","link":"https:\/\/blogg.hiof.no\/holmboeprisen\/prisvinnere\/prisvinner-2018\/","title":{"rendered":"Prisvinner 2018"},"content":{"rendered":"<div class=\"light\">\n<h2>Skage Hansen, Holmboeprisvinner 2018<\/h2>\n<p class=\"ingress\">Skage Hansen er l\u00e6rer ved Engebr\u00e5ten skole i Oslo. Han har utmerket seg gjennom en matematikk\u00adundervisning som motiverer og engasjerer alle elevene i klasserommet. Skage evner \u00e5 favne alle elever uansett hvilken faglig matematikk\u00adbakgrunn de kommer med. Han er inspirerende og elevene hans oppn\u00e5r sv\u00e6rt gode faglige resultater.<\/p>\n<div class=\"center\"><img loading=\"lazy\" decoding=\"async\" class=\"center\" title=\"Skage Hansen\" src=\"https:\/\/holmboeprisen.no\/images\/SHansen.jpeg\" alt=\"Skage Hansen\" width=\"402\" height=\"529\" \/><\/p>\n<p class=\"caption\">Skage Hansen<\/p>\n<\/div>\n<p>Skage Hansen er en erfaren og meget engasjert matematikk\u00adl\u00e6rer ved Engebr\u00e5ten skole. Skolen er kjent for sitt gode realfagsmilj\u00f8, og Skage har med sine kreative og faglig funderte undervisningsideer l\u00f8ftet matematikk\u00adundervisningen til et h\u00f8yere niv\u00e5. Sammen med kollegaer har han v\u00e6rt og er en viktig bidragsyter i utviklingen av Engebr\u00e5ten skoles modell for matematikk\u00adundervisning, med fokus p\u00e5 dybdel\u00e6ring og anvendelser av matematikk. Skage evner \u00e5 gj\u00f8re matematikk\u00adundervisningen lystbetont og spennende for elevene. Han har blitt kjent for sine fantastiske resultater n\u00e5r det gjelder elever med h\u00f8y m\u00e5loppn\u00e5else i matematikk. Mange av Skages elever tar matematikk p\u00e5 et h\u00f8yere niv\u00e5 enn p\u00e5 trinnet de h\u00f8rer til, og de f\u00e5r toppresultater i matematikk ogs\u00e5 her. Disse oppsiktsvekkende resultatene har gjort at han ved flere anledninger har v\u00e6rt omtalt i media, b\u00e5de i avisartikler og i fjernsynsinnslag. Han utmerker seg ved \u00e5 engasjere, utfordre og ta vare p\u00e5 elevene som har lyst til \u00e5 satse.<\/p>\n<p>Skage evner ogs\u00e5 \u00e5 im\u00f8tekomme de av elevene som har lav m\u00e5loppn\u00e5else i matematikk fra barneskolen. Han har en meget god evne til \u00e5 identifisere hva disse elevenes matematikk\u00adutfordringer bunner i, og legger opp undervisningen for den enkelte elev slik at de kommer videre i sin matematikk\u00adl\u00e6ring. Skage viser p\u00e5 denne m\u00e5ten sin rike matematiske innsikt og oversikt over matematikk\u00adfaget i skolen og den matematikken som vil m\u00f8te elevene videre i skolel\u00f8pet.<\/p>\n<p>Skages undervisningsfilosofi er at alle m\u00e5 l\u00e6re den grunnleggende matematikken s\u00e5 tidlig som mulig, for deretter \u00e5 anvende denne matematikkunnskapen gjennom probleml\u00f8sning over tid. I sin undervisning benytter han mye omvendt undervisning. Det vil si at elevene studerer undervisningsfilmer hjemme som lekse, for s\u00e5 \u00e5 arbeide med probleml\u00f8sningsoppgaver i klasserommet. Tid som ellers brukes til faglig gjennomgang av nytt l\u00e6restoff, frigj\u00f8res til faglig fordypning og individuell oppf\u00f8lging i klasserommet. Han har laget undervisningsfilmer og kortstokker med faglige spill som supplerer l\u00e6reb\u00f8ker og tradisjonelle oppgaver i matematikk. Undervisningsfilmene er samlet i en stor ressursbank og er flittig brukt av andre matematikk\u00adl\u00e6rere og elever p\u00e5 Engebr\u00e5ten skole. Filmene ligger ogs\u00e5 tilgjengelig p\u00e5 internett. Skage er dessuten en ettertraktet foredrags- og kursholder i matematikk og matematikk\u00adundervisning.<\/p>\n<p>Skage er en sterk matematikk\u00adfaglig ressurs for Engebr\u00e5ten skole. Han er iderik, nytenkende og faglig granskende som matematikk\u00adl\u00e6rer, med ekstraordin\u00e6r innsats for \u00e5 motivere til l\u00e6ringsglede og interesse for matematikk\u00adfaget.<\/p>\n<p><a class=\"menu\" href=\"https:\/\/engebraten.osloskolen.no\/\">Engebr\u00e5ten skole<\/a><\/p>\n<\/div>\n","protected":false},"excerpt":{"rendered":"<p>Skage Hansen, Holmboeprisvinner 2018 Skage Hansen er l\u00e6rer ved Engebr\u00e5ten skole i Oslo. Han har utmerket seg gjennom en matematikk\u00adundervisning som motiverer og engasjerer alle elevene i klasserommet. Skage evner \u00e5 favne alle elever uansett hvilken faglig matematikk\u00adbakgrunn de kommer &hellip; <a href=\"https:\/\/blogg.hiof.no\/holmboeprisen\/prisvinnere\/prisvinner-2018\/\">Les videre <span class=\"meta-nav\">&rarr;<\/span><\/a><\/p>\n","protected":false},"author":2225,"featured_media":0,"parent":12,"menu_order":0,"comment_status":"closed","ping_status":"closed","template":"","meta":{"footnotes":""},"class_list":["post-80","page","type-page","status-publish","hentry"],"_links":{"self":[{"href":"https:\/\/blogg.hiof.no\/holmboeprisen\/wp-json\/wp\/v2\/pages\/80","targetHints":{"allow":["GET"]}}],"collection":[{"href":"https:\/\/blogg.hiof.no\/holmboeprisen\/wp-json\/wp\/v2\/pages"}],"about":[{"href":"https:\/\/blogg.hiof.no\/holmboeprisen\/wp-json\/wp\/v2\/types\/page"}],"author":[{"embeddable":true,"href":"https:\/\/blogg.hiof.no\/holmboeprisen\/wp-json\/wp\/v2\/users\/2225"}],"replies":[{"embeddable":true,"href":"https:\/\/blogg.hiof.no\/holmboeprisen\/wp-json\/wp\/v2\/comments?post=80"}],"version-history":[{"count":1,"href":"https:\/\/blogg.hiof.no\/holmboeprisen\/wp-json\/wp\/v2\/pages\/80\/revisions"}],"predecessor-version":[{"id":81,"href":"https:\/\/blogg.hiof.no\/holmboeprisen\/wp-json\/wp\/v2\/pages\/80\/revisions\/81"}],"up":[{"embeddable":true,"href":"https:\/\/blogg.hiof.no\/holmboeprisen\/wp-json\/wp\/v2\/pages\/12"}],"wp:attachment":[{"href":"https:\/\/blogg.hiof.no\/holmboeprisen\/wp-json\/wp\/v2\/media?parent=80"}],"curies":[{"name":"wp","href":"https:\/\/api.w.org\/{rel}","templated":true}]}}