{"id":82,"date":"2024-11-22T12:16:26","date_gmt":"2024-11-22T11:16:26","guid":{"rendered":"https:\/\/blogg.hiof.no\/holmboeprisen\/?page_id=82"},"modified":"2024-11-22T12:16:26","modified_gmt":"2024-11-22T11:16:26","slug":"prisvinner-2019","status":"publish","type":"page","link":"https:\/\/blogg.hiof.no\/holmboeprisen\/prisvinnere\/prisvinner-2019\/","title":{"rendered":"Prisvinner 2019"},"content":{"rendered":"<div class=\"light\">\n<h2>Geir Birkeland, Holmboeprisvinner 2019<\/h2>\n<p class=\"ingress\">Geir Birkeland er l\u00e6rer ved H\u00e5nes skole. Han har utmerket seg gjennom en lekpreget matematikkundervisning som motiverer og engasjerer elevene i klasserommet. Birkeland evner \u00e5 undervise p\u00e5 en variert og unders\u00f8kende m\u00e5te og tilpasse undervisningen til den enkelte elev. Han er en inspirerende l\u00e6rer, og elevene hans gleder seg til matematikktimene.<\/p>\n<div class=\"center\"><img loading=\"lazy\" decoding=\"async\" class=\"center\" title=\"Geir Birkeland\" src=\"https:\/\/holmboeprisen.no\/images\/GeirBirkeland_400.jpg\" alt=\"Geir Birkeland\" width=\"400\" height=\"600\" \/><\/p>\n<p class=\"caption\">Geir Birkeland<\/p>\n<\/div>\n<p>Geir Birkeland er en erfaren og sv\u00e6rt engasjert matematikkl\u00e6rer ved sm\u00e5trinnet p\u00e5 H\u00e5nes skole. Han fronter matematikkfaget med sitt engasjement og arbeid for \u00e5 gj\u00f8re matematikkfaget spennende, interessant og morsomt for elevene. Birkeland er opptatt av at begynneroppl\u00e6ringen skal v\u00e6re lekpreget og lystbetont og at elevene skal f\u00e5 v\u00e6re i fysisk aktivitet. Han har innredet klasserommet som et fargerikt og inspirerende rom, med materiell og aktiviteter som bidrar til nysgjerrighet, glede og engasjement hos elevene. Birkeland lager materiell og aktiviteter selv og er opptatt av \u00e5 gi elevene utfordringer gjennom varierte oppgaver og aktiviteter som gj\u00f8r at de ikke blir sittende for lenge ved pulten.<\/p>\n<p>Matematiske samtaler og argumentasjon er sentrale elementer i Birkelands undervisning. Han legger vekt p\u00e5 forst\u00e5else i matematikk, og det \u00e5 se etter og utforske m\u00f8nster er en sentral del av undervisningen. Birkeland tilpasser aktivitetene til den enkelte elev, og han er opptatt av at det \u00e5 gj\u00f8re feil er en naturlig del av l\u00e6ringsprosessen.<\/p>\n<p>Birkeland er en sv\u00e6rt engasjert matematikkl\u00e6rer og en inspirator for kollegene sine p\u00e5 skolen. Han bruker ogs\u00e5 ferier og fritid p\u00e5 \u00e5 utvikle materiell og aktiviteter som kan bidra til l\u00e6ring og motivasjon hos elevene. Birkeland deler gjerne ideer og ressurser og l\u00e5ner ut klasserommet til kollegene sine. Birkeland er praksisl\u00e6rer og gjesteforeleser ved Universitetet i Agder. B\u00e5de studenter og kolleger bes\u00f8ker matematikktimene hans for \u00e5 bli inspirert og l\u00e6re mer om lekpreget matematikkundervisning i begynneroppl\u00e6ringen.<\/p>\n<p><a class=\"menu\" href=\"https:\/\/www.minskole.no\/haanes\">H\u00e5nes skole<\/a><\/p>\n<\/div>\n","protected":false},"excerpt":{"rendered":"<p>Geir Birkeland, Holmboeprisvinner 2019 Geir Birkeland er l\u00e6rer ved H\u00e5nes skole. Han har utmerket seg gjennom en lekpreget matematikkundervisning som motiverer og engasjerer elevene i klasserommet. Birkeland evner \u00e5 undervise p\u00e5 en variert og unders\u00f8kende m\u00e5te og tilpasse undervisningen til &hellip; <a href=\"https:\/\/blogg.hiof.no\/holmboeprisen\/prisvinnere\/prisvinner-2019\/\">Les videre <span class=\"meta-nav\">&rarr;<\/span><\/a><\/p>\n","protected":false},"author":2225,"featured_media":0,"parent":12,"menu_order":0,"comment_status":"closed","ping_status":"closed","template":"","meta":{"footnotes":""},"class_list":["post-82","page","type-page","status-publish","hentry"],"_links":{"self":[{"href":"https:\/\/blogg.hiof.no\/holmboeprisen\/wp-json\/wp\/v2\/pages\/82","targetHints":{"allow":["GET"]}}],"collection":[{"href":"https:\/\/blogg.hiof.no\/holmboeprisen\/wp-json\/wp\/v2\/pages"}],"about":[{"href":"https:\/\/blogg.hiof.no\/holmboeprisen\/wp-json\/wp\/v2\/types\/page"}],"author":[{"embeddable":true,"href":"https:\/\/blogg.hiof.no\/holmboeprisen\/wp-json\/wp\/v2\/users\/2225"}],"replies":[{"embeddable":true,"href":"https:\/\/blogg.hiof.no\/holmboeprisen\/wp-json\/wp\/v2\/comments?post=82"}],"version-history":[{"count":1,"href":"https:\/\/blogg.hiof.no\/holmboeprisen\/wp-json\/wp\/v2\/pages\/82\/revisions"}],"predecessor-version":[{"id":83,"href":"https:\/\/blogg.hiof.no\/holmboeprisen\/wp-json\/wp\/v2\/pages\/82\/revisions\/83"}],"up":[{"embeddable":true,"href":"https:\/\/blogg.hiof.no\/holmboeprisen\/wp-json\/wp\/v2\/pages\/12"}],"wp:attachment":[{"href":"https:\/\/blogg.hiof.no\/holmboeprisen\/wp-json\/wp\/v2\/media?parent=82"}],"curies":[{"name":"wp","href":"https:\/\/api.w.org\/{rel}","templated":true}]}}