{"id":84,"date":"2024-11-22T12:16:55","date_gmt":"2024-11-22T11:16:55","guid":{"rendered":"https:\/\/blogg.hiof.no\/holmboeprisen\/?page_id=84"},"modified":"2024-11-22T12:16:55","modified_gmt":"2024-11-22T11:16:55","slug":"prisvinner-2020","status":"publish","type":"page","link":"https:\/\/blogg.hiof.no\/holmboeprisen\/prisvinnere\/prisvinner-2020\/","title":{"rendered":"Prisvinner 2020"},"content":{"rendered":"<div class=\"light\">\n<h2>Anne Seland, Holmboeprisvinner 2020<\/h2>\n<p class=\"ingress\">Norsk matematikkr\u00e5d har tildelt Bernt Michael Holmboes minnepris for 2020 til Anne Seland. Prisvinneren er en sv\u00e6rt dyktig, grundig og engasjert l\u00e6rer, med en uvanlig stor arbeidskapasitet<\/p>\n<div class=\"center\"><img loading=\"lazy\" decoding=\"async\" class=\"center shadow\" title=\"Anne Seland\" src=\"https:\/\/holmboeprisen.no\/images\/ASeland_400.jpg\" alt=\"Anne Seland\" width=\"400\" height=\"560\" \/><\/p>\n<p class=\"caption\">Anne Seland<\/p>\n<\/div>\n<p>Anne Seland har en helt spesiell evne til \u00e5 l\u00f8fte og stimulere elevene sine. Dette gjelder b\u00e5de de som strever med faget, og elever som \u00f8nsker nye og st\u00f8rre utfordringer. Dette oppn\u00e5r hun gjennom \u00e5 legge vekt p\u00e5 forst\u00e5else fremfor pugging av l\u00f8sningsalgoritmer, og gjennom bruk av rike probleml\u00f8sningsoppgaver. Anne Seland underviser b\u00e5de p\u00e5 yrkesfag og i programfag som R1 og R2, og elevene hennes opplever matematikkfaget som meningsfullt og spennende.<\/p>\n<p>Vinneren av \u00e5rets Holmboepris er alltid p\u00e5 jakt etter nye undervisningsm\u00e5ter som kan gi elevene en dypere forst\u00e5else av sammenhenger i matematikkfaget. Atle Selberg har sagt at det viktigste i matematikken er \u00e5 oppdage m\u00f8nstre og systemer og \u00e5 se sammenhenger. Dette er noe som i stor grad preger undervisningen til Anne Seland. Elevene l\u00e6rer for eksempel m\u00f8nstergjenkjenning og generalisering gjennom \u00e5 utforske og finne fram til formler for antall flytt i Hanois t\u00e5rn, og gjennom andre oppgaver som stimulerer algoritmisk tenking. Hun er opptatt av at elevene skal bli gode probleml\u00f8sere, og lar dem gjerne jobbe i skiftende tilfeldige grupper, i tr\u00e5d med teoriene til Peter Liljedahl. Dette er noe som bidrar til engasjement og et stort l\u00e6ringstrykk.<\/p>\n<p>Anne Seland er fagkoordinator i matematikk p\u00e5 Flekkefjord videreg\u00e5ende skole, og blir opplevd som en stor inspirasjonskilde og ressurs for kollegene sine. Hun har utviklet egne kartleggingspr\u00f8ver i matematikk og har holdt kurs i m.a. Python-programmering for l\u00e6rerne p\u00e5 egen skole. I mange \u00e5r har hun arrangert sommerkurs med gode resultater for elever som trenger best\u00e5tt i 1P-Y for \u00e5 f\u00e5 fagbrev.<\/p>\n<p>Anne Seland er ogs\u00e5 en sv\u00e6rt aktiv og respektert bidragsyter utenfor egne klasser og egen skole. Hun er leder av eksamensnemnden i Utdanningsdirektoratet for fellesfagene i matematikk og er med p\u00e5 \u00e5 lede sensorskoleringen i disse fagene. Hun har holdt en rekke kurs i m.a. probleml\u00f8sning og Python-programmering rundt om i landet, og har ogs\u00e5 holdt foredrag om den norske eksamensordningen p\u00e5 konferanser i utlandet. Prisvinneren underviser i tillegg l\u00e6rere som tar etterutdanning ved Universitetet i Bergen, og f\u00e5r der sv\u00e6rt gode tilbakemeldinger fra studentene.<\/p>\n<p>Anne Seland blir omtalt som en meget dyktig matematikkl\u00e6rer med et eget blikk for hva hver enkelt elev trenger.<\/p>\n<p><a class=\"menu\" href=\"https:\/\/flekkefjord.vgs.no\/\">Flekkefjord videreg\u00e5ende skole<\/a><\/p>\n<\/div>\n","protected":false},"excerpt":{"rendered":"<p>Anne Seland, Holmboeprisvinner 2020 Norsk matematikkr\u00e5d har tildelt Bernt Michael Holmboes minnepris for 2020 til Anne Seland. Prisvinneren er en sv\u00e6rt dyktig, grundig og engasjert l\u00e6rer, med en uvanlig stor arbeidskapasitet Anne Seland Anne Seland har en helt spesiell evne &hellip; <a href=\"https:\/\/blogg.hiof.no\/holmboeprisen\/prisvinnere\/prisvinner-2020\/\">Les videre <span class=\"meta-nav\">&rarr;<\/span><\/a><\/p>\n","protected":false},"author":2225,"featured_media":0,"parent":12,"menu_order":0,"comment_status":"closed","ping_status":"closed","template":"","meta":{"footnotes":""},"class_list":["post-84","page","type-page","status-publish","hentry"],"_links":{"self":[{"href":"https:\/\/blogg.hiof.no\/holmboeprisen\/wp-json\/wp\/v2\/pages\/84","targetHints":{"allow":["GET"]}}],"collection":[{"href":"https:\/\/blogg.hiof.no\/holmboeprisen\/wp-json\/wp\/v2\/pages"}],"about":[{"href":"https:\/\/blogg.hiof.no\/holmboeprisen\/wp-json\/wp\/v2\/types\/page"}],"author":[{"embeddable":true,"href":"https:\/\/blogg.hiof.no\/holmboeprisen\/wp-json\/wp\/v2\/users\/2225"}],"replies":[{"embeddable":true,"href":"https:\/\/blogg.hiof.no\/holmboeprisen\/wp-json\/wp\/v2\/comments?post=84"}],"version-history":[{"count":1,"href":"https:\/\/blogg.hiof.no\/holmboeprisen\/wp-json\/wp\/v2\/pages\/84\/revisions"}],"predecessor-version":[{"id":85,"href":"https:\/\/blogg.hiof.no\/holmboeprisen\/wp-json\/wp\/v2\/pages\/84\/revisions\/85"}],"up":[{"embeddable":true,"href":"https:\/\/blogg.hiof.no\/holmboeprisen\/wp-json\/wp\/v2\/pages\/12"}],"wp:attachment":[{"href":"https:\/\/blogg.hiof.no\/holmboeprisen\/wp-json\/wp\/v2\/media?parent=84"}],"curies":[{"name":"wp","href":"https:\/\/api.w.org\/{rel}","templated":true}]}}