{"id":86,"date":"2024-11-22T12:17:19","date_gmt":"2024-11-22T11:17:19","guid":{"rendered":"https:\/\/blogg.hiof.no\/holmboeprisen\/?page_id=86"},"modified":"2024-11-22T12:17:19","modified_gmt":"2024-11-22T11:17:19","slug":"prisvinner-2021","status":"publish","type":"page","link":"https:\/\/blogg.hiof.no\/holmboeprisen\/prisvinnere\/prisvinner-2021\/","title":{"rendered":"Prisvinner 2021"},"content":{"rendered":"<div class=\"light\">\n<h2>Ludvig Vea, Holmboeprisvinner 2021<\/h2>\n<p class=\"ingress\">Norsk Matematikkr\u00e5d har tildelt Bernt Michael Holmboes minnepris for 2021 til Ludvig Vea, \u00c5krehamn vidareg\u00e5ande skole. Prisvinneren er en meget dyktig pedagog, og har, med sin bakgrunn som t\u00f8mrer og byggmester, en unik evne til \u00e5 gj\u00f8re matematikkundervisningen meningsfull for elevene.<\/p>\n<div class=\"center\"><img loading=\"lazy\" decoding=\"async\" class=\"center shadow\" title=\"Ludvig Vea\" src=\"https:\/\/holmboeprisen.no\/images\/LudvigVea-454.jpg\" alt=\"Ludvig Vea\" width=\"454\" height=\"454\" \/><\/p>\n<p class=\"caption\">Ludvig Vea<\/p>\n<\/div>\n<p>Ludvig Vea er spesielt flink til \u00e5 knytte kompetansem\u00e5lene i matematikk til det praktiske arbeidet i verkstedet og p\u00e5 byggeplassene. Vea er opptatt av at elevene skal se helheten i yrkesoppl\u00e6ringen, og blir gjerne sitert p\u00e5 at \u00ab<i>Livet best\u00e5r ikke av enkeltfag<\/i>\u00bb.<\/p>\n<p>Prisvinneren legger stor vekt p\u00e5 \u00e5 skape et trygt klassemilj\u00f8, der elevene f\u00e5r mot til \u00e5 utforske og pr\u00f8ve, og der det \u00e5 gj\u00f8re feil er en helt naturlig del av l\u00e6ringsprosessen. Han har ogs\u00e5 et v\u00e5kent blikk for de sterke sidene til hver enkelt elev. Gode personlige relasjoner er avgj\u00f8rende for trivsel og l\u00e6ring, og Vea uttrykker sin pedagogiske grunnholdning slik: \u00ab<i>Vi m\u00e5 s\u00f8rge for at eleven alltid f\u00f8ler seg velkommen.<\/i>\u00bb<\/p>\n<p>I perioden 2014\u20132017 utviklet Vea, sammen med to andre matematikkl\u00e6rere ved skolen, en gjennomg\u00e5ende yrkesretting av matematikkundervisningen p\u00e5 bygg- og anleggsteknikk p\u00e5 egen skole. Elevene opplevde \u00f8kt motivasjon og l\u00e6relyst n\u00e5r de oppdaget nytten av det de skulle l\u00e6re. Gjennomsnittskarakterene i matematikk har blitt markant bedre etter omleggingen. Dette gjelder b\u00e5de i standpunkt og p\u00e5 tradisjonelle skriftlige eksamener.<\/p>\n<p>Dette skole\u00e5ret har bygg- og anleggsteknikk et prosjekt i samarbeid med elektrofag, hvor de skal bygge et lite \u00abenergihus\u00bb. Kompetansem\u00e5lene i matematikk blir knyttet til dette prosjektet, slik at elevene jobber med disse n\u00e5r de har bruk for det i byggeprosessen. P\u00e5 denne m\u00e5ten l\u00e6rer de n\u00e5r og hvordan de kan bruke matematikken innenfor fagomr\u00e5det sitt.<\/p>\n<p>Den unike kompetansen til Ludvig Vea har ogs\u00e5 kommet til nytte utenfor egen skole. Han var medlem av l\u00e6replangruppa til fagfornyelsen i bygg- og anleggsteknikk vg1. Han var ogs\u00e5 konsulent for l\u00e6replangruppa i naturfag p\u00e5 omr\u00e5det yrkesretting. I l\u00f8pet av \u00e5rene har han v\u00e6rt veileder for en rekke PPU-studenter og yrkesfagl\u00e6rerstudenter. Disse har da kunnet la seg inspirere av Veas helt spesielle evne til \u00e5 skape interesse for og \u00e5 formidle matematikk p\u00e5 en ny og meningsgivende m\u00e5te.<\/p>\n<p>En av kollegene til Ludvig Vea skrev dette til ledelsen p\u00e5 skolen da han hadde hospitert i en av timene til prisvinneren: \u00ab<i>Jeg m\u00e5 bare si at jeg er voldsomt imponert over hvordan han driver sin undervisning! Tonen han svarer elevene med, forklaringene han gir, yrkesrettingen, \u2013 alt er virkelig topp klasse!<\/i>\u00bb<\/p>\n<p><a class=\"menu\" href=\"https:\/\/www.akrehamn.vgs.no\/\">\u00c5krehamn vidareg\u00e5ande skole<\/a><\/p>\n<\/div>\n","protected":false},"excerpt":{"rendered":"<p>Ludvig Vea, Holmboeprisvinner 2021 Norsk Matematikkr\u00e5d har tildelt Bernt Michael Holmboes minnepris for 2021 til Ludvig Vea, \u00c5krehamn vidareg\u00e5ande skole. Prisvinneren er en meget dyktig pedagog, og har, med sin bakgrunn som t\u00f8mrer og byggmester, en unik evne til \u00e5 &hellip; <a href=\"https:\/\/blogg.hiof.no\/holmboeprisen\/prisvinnere\/prisvinner-2021\/\">Les videre <span class=\"meta-nav\">&rarr;<\/span><\/a><\/p>\n","protected":false},"author":2225,"featured_media":0,"parent":12,"menu_order":0,"comment_status":"closed","ping_status":"closed","template":"","meta":{"footnotes":""},"class_list":["post-86","page","type-page","status-publish","hentry"],"_links":{"self":[{"href":"https:\/\/blogg.hiof.no\/holmboeprisen\/wp-json\/wp\/v2\/pages\/86","targetHints":{"allow":["GET"]}}],"collection":[{"href":"https:\/\/blogg.hiof.no\/holmboeprisen\/wp-json\/wp\/v2\/pages"}],"about":[{"href":"https:\/\/blogg.hiof.no\/holmboeprisen\/wp-json\/wp\/v2\/types\/page"}],"author":[{"embeddable":true,"href":"https:\/\/blogg.hiof.no\/holmboeprisen\/wp-json\/wp\/v2\/users\/2225"}],"replies":[{"embeddable":true,"href":"https:\/\/blogg.hiof.no\/holmboeprisen\/wp-json\/wp\/v2\/comments?post=86"}],"version-history":[{"count":1,"href":"https:\/\/blogg.hiof.no\/holmboeprisen\/wp-json\/wp\/v2\/pages\/86\/revisions"}],"predecessor-version":[{"id":87,"href":"https:\/\/blogg.hiof.no\/holmboeprisen\/wp-json\/wp\/v2\/pages\/86\/revisions\/87"}],"up":[{"embeddable":true,"href":"https:\/\/blogg.hiof.no\/holmboeprisen\/wp-json\/wp\/v2\/pages\/12"}],"wp:attachment":[{"href":"https:\/\/blogg.hiof.no\/holmboeprisen\/wp-json\/wp\/v2\/media?parent=86"}],"curies":[{"name":"wp","href":"https:\/\/api.w.org\/{rel}","templated":true}]}}