{"id":88,"date":"2024-11-22T12:17:43","date_gmt":"2024-11-22T11:17:43","guid":{"rendered":"https:\/\/blogg.hiof.no\/holmboeprisen\/?page_id=88"},"modified":"2024-11-22T12:18:20","modified_gmt":"2024-11-22T11:18:20","slug":"prisvinner-2022","status":"publish","type":"page","link":"https:\/\/blogg.hiof.no\/holmboeprisen\/prisvinnere\/prisvinner-2022\/","title":{"rendered":"Prisvinner 2022"},"content":{"rendered":"<div class=\"light\">\n<h2>Tor Espen Kristensen, Holmboeprisvinner 2022<\/h2>\n<p class=\"ingress\">Norsk matematikkr\u00e5d har tildelt Bernt Michael Holmboes minnepris for 2022 til Tor Espen Kristensen ved Stord vidareg\u00e5ande skule. Prisvinneren har utmerket seg som en uvanlig solid fagperson, en inspirerende l\u00e6rer for egne elever, og en innflytelsesrik og dyktig bidragsyter til utviklingen av matematikkundervisningen, b\u00e5de lokalt og nasjonalt.<\/p>\n<div class=\"center\">\n<p><img loading=\"lazy\" decoding=\"async\" class=\"center shadow\" title=\"Tor Espen Kristensen\" src=\"https:\/\/holmboeprisen.no\/images\/TorEspenKristensen-454.jpg\" alt=\"Ludvig Vea\" width=\"454\" height=\"454\" \/><\/p>\n<p class=\"caption\">Tor Espen Kristensen<\/p>\n<\/div>\n<p>Elevene omtaler Tor Espen Kristensen som en sv\u00e6rt motiverende, lun, engasjert og meget faglig kompetent l\u00e6rer. Den rosende omtalen er uavhengig av graden av m\u00e5loppn\u00e5else og hvilke karakterer elevene har oppn\u00e5dd i faget.<\/p>\n<p>Han er alltid godt forberedt, og undervisningen er preget av variasjon, utradisjonelle arbeidsformer og niv\u00e5tilpassede utfordringer. Prisvinneren legger vekt p\u00e5 at elevene skal bli dyktige probleml\u00f8sere i samarbeid med andre. For \u00e5 oppn\u00e5 dette, blir det blant annet jobbet mye ved vertikale tavler i tilfeldig inndelte grupper p\u00e5 3-4 elever, inspirert av forskningen til Peter Liljedahl. Kristensen stiller h\u00f8ye faglige krav, og elevene hans oppn\u00e5r i snitt sv\u00e6rt gode resultater.<\/p>\n<p>Han bidrar aktivt i realfagseksjonen p\u00e5 egen skole, og er en h\u00f8yt verdsatt mentor for l\u00e6rere som \u00f8nsker \u00e5 dra nytte av den brede kompetansen og den lange erfaringen hans. Kristensen blir omtalt som en endringsagent p\u00e5 egen skole, blant annet i prosjektet \u00abMatematikk for framtida\u00bb. Her er m\u00e5let \u00e5 styrke fellesskapet blant l\u00e6rerne og \u00e5 ta i bruk et bredere spektrum av metoder for l\u00e6ring og evaluering.<\/p>\n<p>Prisvinneren er helt i front n\u00e5r det gjelder \u00e5 ta i bruk digitale hjelpemidler p\u00e5 en hensiktsmessig m\u00e5te. Han er spesielt opptatt av \u00e5 vurdere hvordan slike hjelpemidler kan knyttes til relevante oppgaver, slik at hjelpemidlene bidrar til \u00e5 \u00f8ke den matematiske forst\u00e5elsen.<\/p>\n<p>Kristensen er ressursperson for Matematikksenteret, og har v\u00e6rt medlem av gruppen som utarbeidet kjerneelementene og av l\u00e6replangruppen for LK20. Han er ogs\u00e5 leder av eksamensnemnden for programfagene i matematikk i Utdanningsdirektoratet. Han har utgitt l\u00e6remidler i bruk av GeoGebra og i programmering, og har holdt en rekke kurs og innlegg om de nye l\u00e6replanene, digitale hjelpemidler og probleml\u00f8sning i matematikkfaget. Kristensen underviser n\u00e5 ogs\u00e5 p\u00e5 Universitetet i Bergen, der han har ansvaret for flere videreutdanningskurs for l\u00e6rere.<\/p>\n<p>Tor Espen Kristensen har de kvalitetene som Inge Eidsv\u00e5g beskriver hos en uvanlig god l\u00e6rer: \u00abDen gode l\u00e6reren ser elevene sine, finner dem der de er \u2013 og gir dem noe de ikke visste at de trengte.\u00bb<\/p>\n<p><a class=\"menu\" href=\"https:\/\/www.stord.vgs.no\">Stord vidareg\u00e5ande skule<\/a><\/p>\n<\/div>\n","protected":false},"excerpt":{"rendered":"<p>Tor Espen Kristensen, Holmboeprisvinner 2022 Norsk matematikkr\u00e5d har tildelt Bernt Michael Holmboes minnepris for 2022 til Tor Espen Kristensen ved Stord vidareg\u00e5ande skule. Prisvinneren har utmerket seg som en uvanlig solid fagperson, en inspirerende l\u00e6rer for egne elever, og en &hellip; <a href=\"https:\/\/blogg.hiof.no\/holmboeprisen\/prisvinnere\/prisvinner-2022\/\">Les videre <span class=\"meta-nav\">&rarr;<\/span><\/a><\/p>\n","protected":false},"author":2225,"featured_media":0,"parent":12,"menu_order":0,"comment_status":"closed","ping_status":"closed","template":"","meta":{"footnotes":""},"class_list":["post-88","page","type-page","status-publish","hentry"],"_links":{"self":[{"href":"https:\/\/blogg.hiof.no\/holmboeprisen\/wp-json\/wp\/v2\/pages\/88","targetHints":{"allow":["GET"]}}],"collection":[{"href":"https:\/\/blogg.hiof.no\/holmboeprisen\/wp-json\/wp\/v2\/pages"}],"about":[{"href":"https:\/\/blogg.hiof.no\/holmboeprisen\/wp-json\/wp\/v2\/types\/page"}],"author":[{"embeddable":true,"href":"https:\/\/blogg.hiof.no\/holmboeprisen\/wp-json\/wp\/v2\/users\/2225"}],"replies":[{"embeddable":true,"href":"https:\/\/blogg.hiof.no\/holmboeprisen\/wp-json\/wp\/v2\/comments?post=88"}],"version-history":[{"count":2,"href":"https:\/\/blogg.hiof.no\/holmboeprisen\/wp-json\/wp\/v2\/pages\/88\/revisions"}],"predecessor-version":[{"id":92,"href":"https:\/\/blogg.hiof.no\/holmboeprisen\/wp-json\/wp\/v2\/pages\/88\/revisions\/92"}],"up":[{"embeddable":true,"href":"https:\/\/blogg.hiof.no\/holmboeprisen\/wp-json\/wp\/v2\/pages\/12"}],"wp:attachment":[{"href":"https:\/\/blogg.hiof.no\/holmboeprisen\/wp-json\/wp\/v2\/media?parent=88"}],"curies":[{"name":"wp","href":"https:\/\/api.w.org\/{rel}","templated":true}]}}