{"id":16,"date":"2017-08-10T09:42:57","date_gmt":"2017-08-10T07:42:57","guid":{"rendered":"https:\/\/blogg.hiof.no\/ithjelp\/?page_id=16"},"modified":"2026-03-13T12:49:05","modified_gmt":"2026-03-13T11:49:05","slug":"programvare","status":"publish","type":"page","link":"https:\/\/blogg.hiof.no\/ithjelp\/programvare\/","title":{"rendered":"Programvare"},"content":{"rendered":"<p><img loading=\"lazy\" decoding=\"async\" class=\"alignnone wp-image-191\" src=\"https:\/\/blogg.hiof.no\/ithjelp\/files\/2019\/02\/microsoft-azure-logo-png-7.png\" alt=\"\" width=\"368\" height=\"184\" srcset=\"https:\/\/blogg.hiof.no\/ithjelp\/files\/2019\/02\/microsoft-azure-logo-png-7.png 480w, https:\/\/blogg.hiof.no\/ithjelp\/files\/2019\/02\/microsoft-azure-logo-png-7-300x150.png 300w\" sizes=\"auto, (max-width: 368px) 85vw, 368px\" \/><br \/>\nAvdelingen har en avtale med Microsoft som gj\u00f8r at IT-studenter f\u00e5r tilgang til det meste av utviklingsverkt\u00f8y og operativsystem gratis s\u00e5 lenge de er aktive studenter.\u00a0<span class=\"text_medium\"><br \/>\n<\/span><\/p>\n<p>Denne tjenesten heter &laquo;Azure Dev Tools for Teaching&raquo; og erstatter Microsoft Imagine og Dreamspark.<\/p>\n<p>Logg inn <a href=\"https:\/\/portal.azure.com\/?Microsoft_Azure_Education_correlationId=bf4be7df-2c63-42c1-adc9-4f35c2a26a75#blade\/Microsoft_Azure_Education\/EducationMenuBlade\/overview\">her<\/a>\u00a0 med din hiof adresse og Feide passord eller s\u00f8k etter &laquo;Education&raquo; fra Azure hovedside<\/p>\n<p>For \u00e5 f\u00e5 tilgang til all programvare m\u00e5 gj\u00f8re f\u00f8lgende:<\/p>\n<ul>\n<li>Velg &laquo;Sign up now&raquo;<\/li>\n<li>Lag en profil og velg H\u00f8gskolen i \u00d8stfold som universitet<\/li>\n<\/ul>\n<p><img loading=\"lazy\" decoding=\"async\" class=\"alignnone size-full wp-image-318\" src=\"https:\/\/blogg.hiof.no\/ithjelp\/files\/2024\/08\/Azure2-2-e1723027222844.png\" alt=\"\" width=\"773\" height=\"137\" srcset=\"https:\/\/blogg.hiof.no\/ithjelp\/files\/2024\/08\/Azure2-2-e1723027222844.png 773w, https:\/\/blogg.hiof.no\/ithjelp\/files\/2024\/08\/Azure2-2-e1723027222844-300x53.png 300w, https:\/\/blogg.hiof.no\/ithjelp\/files\/2024\/08\/Azure2-2-e1723027222844-768x136.png 768w\" sizes=\"auto, (max-width: 773px) 85vw, 773px\" \/><\/p>\n<ul>\n<li>Du kan n\u00e5 g\u00e5 tilbake til Azure Education og velge\u00a0 <a href=\"https:\/\/portal.azure.com\/?Microsoft_Azure_Education_correlationId=bf4be7df-2c63-42c1-adc9-4f35c2a26a75#blade\/Microsoft_Azure_Education\/EducationMenuBlade\/software\">Software<\/a> under &laquo;Learning resources&raquo;<\/li>\n<li>Du f\u00e5r ogs\u00e5 en kreditt p\u00e5 $100 som kan brukes p\u00e5 skytjenester som f.eks. en virtuell maskin<\/li>\n<\/ul>\n<p>Det er ogs\u00e5 tilgang til mange andre tjenester som AI (f.eks. ansikt- og stemmegjenkenning), maskinl\u00e6ring, databaser og IoT tjenester.<\/p>\n<p>\u00d8nsker du Office, f\u00e5r du denne fra &laquo;<a href=\"http:\/\/office.com\">office.com<\/a>&laquo;. Her er det vanlig Feide-p\u00e5logging.<\/p>\n<h1><img loading=\"lazy\" decoding=\"async\" class=\"alignnone wp-image-115\" src=\"https:\/\/blogg.hiof.no\/ithjelp\/files\/2017\/08\/VMware_logo_gry_RGB_300dpi-e1504254837402.jpg\" alt=\"\" width=\"209\" height=\"81\" srcset=\"https:\/\/blogg.hiof.no\/ithjelp\/files\/2017\/08\/VMware_logo_gry_RGB_300dpi-e1504254837402.jpg 1100w, https:\/\/blogg.hiof.no\/ithjelp\/files\/2017\/08\/VMware_logo_gry_RGB_300dpi-e1504254837402-300x116.jpg 300w, https:\/\/blogg.hiof.no\/ithjelp\/files\/2017\/08\/VMware_logo_gry_RGB_300dpi-e1504254837402-768x297.jpg 768w, https:\/\/blogg.hiof.no\/ithjelp\/files\/2017\/08\/VMware_logo_gry_RGB_300dpi-e1504254837402-1024x396.jpg 1024w\" sizes=\"auto, (max-width: 209px) 85vw, 209px\" \/><\/h1>\n<p>VMware Workstation for Windows og VMware Fusion for Mac er n\u00e5 gratis for personlig bruk.<br \/>\nV\u00e5r gamle avtale for lisenser er derfor utg\u00e5tt.<\/p>\n<ul>\n<li>For nedlastning g\u00e5 f\u00f8rst til Broadcom og <a href=\"https:\/\/profile.broadcom.com\/web\/registration\">registrer en konto<\/a><\/li>\n<li><a href=\"https:\/\/support.broadcom.com\/group\/ecx\/productdownloads?subfamily=VMware%20Workstation%20Pro\">WMware Workstation<\/a><\/li>\n<li><a href=\"https:\/\/support.broadcom.com\/group\/ecx\/productdownloads?subfamily=VMware%20Fusion\">WMware Fusion<\/a><\/li>\n<\/ul>\n<p>&nbsp;<\/p>\n<p><img loading=\"lazy\" decoding=\"async\" class=\"alignnone wp-image-120\" style=\"font-size: 33px;font-weight: 900\" src=\"https:\/\/blogg.hiof.no\/ithjelp\/files\/2017\/08\/MATLAB.jpg\" alt=\"\" width=\"343\" height=\"68\" srcset=\"https:\/\/blogg.hiof.no\/ithjelp\/files\/2017\/08\/MATLAB.jpg 2458w, https:\/\/blogg.hiof.no\/ithjelp\/files\/2017\/08\/MATLAB-300x59.jpg 300w, https:\/\/blogg.hiof.no\/ithjelp\/files\/2017\/08\/MATLAB-768x152.jpg 768w, https:\/\/blogg.hiof.no\/ithjelp\/files\/2017\/08\/MATLAB-1024x202.jpg 1024w, https:\/\/blogg.hiof.no\/ithjelp\/files\/2017\/08\/MATLAB-1200x237.jpg 1200w\" sizes=\"auto, (max-width: 343px) 85vw, 343px\" \/><\/p>\n<p>Vi har n\u00e5 en Campus-lisens for Matlab. Dette betyr at studenter og ansatte kan installere Matlab p\u00e5 egen maskin og f\u00e5 tilgang til alle toolbokser.<\/p>\n<p>Matlab kan lastes ned fra v\u00e5r <a href=\"https:\/\/se.mathworks.com\/academia\/tah-portal\/hogskolen-i-ostfold-40673635.html\">portal<\/a> hos Matlab.<\/p>\n<p>Du m\u00e5 opprette en Matlab-konto som er knyttet til din Hiof mailadresse. Du kan deretter laste ned og installere Matlab.<\/p>\n<h1><a href=\"https:\/\/www.overleaf.com\/\"><img loading=\"lazy\" decoding=\"async\" class=\"alignnone wp-image-269\" style=\"font-size: 16px;font-weight: 400\" src=\"https:\/\/blogg.hiof.no\/ithjelp\/files\/2023\/03\/overleaf_wide_colour_green_bg.png\" alt=\"\" width=\"218\" height=\"72\" srcset=\"https:\/\/blogg.hiof.no\/ithjelp\/files\/2023\/03\/overleaf_wide_colour_green_bg.png 3509w, https:\/\/blogg.hiof.no\/ithjelp\/files\/2023\/03\/overleaf_wide_colour_green_bg-300x99.png 300w, https:\/\/blogg.hiof.no\/ithjelp\/files\/2023\/03\/overleaf_wide_colour_green_bg-1024x339.png 1024w, https:\/\/blogg.hiof.no\/ithjelp\/files\/2023\/03\/overleaf_wide_colour_green_bg-768x254.png 768w, https:\/\/blogg.hiof.no\/ithjelp\/files\/2023\/03\/overleaf_wide_colour_green_bg-1536x509.png 1536w, https:\/\/blogg.hiof.no\/ithjelp\/files\/2023\/03\/overleaf_wide_colour_green_bg-2048x678.png 2048w, https:\/\/blogg.hiof.no\/ithjelp\/files\/2023\/03\/overleaf_wide_colour_green_bg-1200x397.png 1200w\" sizes=\"auto, (max-width: 218px) 85vw, 218px\" \/><\/a><\/h1>\n<p><a id=\"Overleaf\" href=\"https:\/\/www.overleaf.com\/\">Overleaf<\/a> this is an online editor for LaTex documents commonly used for Science\/academic writing.<br \/>\nWe have acquired some licenses on Overleaf for our faculty. These are primarily intended for employees but can also be used for certain student groups.<br \/>\nA license is only required if you are to collaborate with more than one person. Only one license is required per group, a person with a license can invite others who have the free version.<br \/>\nShould you need a licence please contact me. I will need the exact mail address you are registered with at Overleaf.<\/p>\n<p><img loading=\"lazy\" decoding=\"async\" class=\"alignnone wp-image-304 size-full\" src=\"https:\/\/blogg.hiof.no\/ithjelp\/files\/2023\/09\/Adobe-e1695799122314.png\" alt=\"\" width=\"297\" height=\"76\" \/><\/p>\n<p>Adobe Creative Cloud er installert p\u00e5 maskinene i VR-laben. Logg inn med din Hiof bruker i Windows. Du m\u00e5 anngi en Adobe bruker n\u00e5r ett av disse programmene startes. En slik bruker kan man selv lage gratis hos Adobe.<\/p>\n<p>Hvis du \u00f8nsker Adobe p\u00e5 egen maskin m\u00e5 du kj\u00f8pe et abonnement selv. Dette koster for tiden kr 191 pr m\u00e5ned for studenter.<\/p>\n<h1><img loading=\"lazy\" decoding=\"async\" class=\"alignnone wp-image-138\" src=\"https:\/\/blogg.hiof.no\/ithjelp\/files\/2018\/03\/Autodesk_Logo.png\" alt=\"\" width=\"393\" height=\"66\" srcset=\"https:\/\/blogg.hiof.no\/ithjelp\/files\/2018\/03\/Autodesk_Logo.png 1000w, https:\/\/blogg.hiof.no\/ithjelp\/files\/2018\/03\/Autodesk_Logo-300x50.png 300w, https:\/\/blogg.hiof.no\/ithjelp\/files\/2018\/03\/Autodesk_Logo-768x128.png 768w\" sizes=\"auto, (max-width: 393px) 85vw, 393px\" \/><\/h1>\n<p>Autodesk tilbyr\u00a0<a href=\"http:\/\/students.autodesk.com\/?nd=m_downloads&amp;lbon=1\">gratisversjoner<\/a> av mange av sine programmer. Du kan laste ned Maya, Autocad m.fl.<\/p>\n<h1><img loading=\"lazy\" decoding=\"async\" class=\"alignnone wp-image-118\" src=\"https:\/\/blogg.hiof.no\/ithjelp\/files\/2017\/08\/altova.png\" alt=\"\" width=\"155\" height=\"40\" \/><\/h1>\n<p>Avdeling for Informasjonsteknologi er\u00a0Education Partner\u00a0med <a href=\"https:\/\/www.altova.com\/\">Altova<\/a>. Vi har derfor fri tilgang til bl. a. XML-Spy til bruk i undervisning. Se\u00a0<a href=\"https:\/\/www.hiof.no\/tjenester\/it\/programvare\/xml-spy.html\">her<\/a>\u00a0for lisensinformasjon (krever innlogging p\u00e5 intranett).<\/p>\n<h1><img loading=\"lazy\" decoding=\"async\" class=\"alignnone wp-image-236\" src=\"https:\/\/blogg.hiof.no\/ithjelp\/files\/2022\/06\/jetbrains-2.png\" alt=\"\" width=\"133\" height=\"73\" \/>\u00a0 Jetbrains<\/h1>\n<p>Jetbrains har en rekke utviklingsverkt\u00f8y for bl.a. Java, C\/C++, Python, PHP og Javascript. Dette er gratis for studenter og ansatte ved H\u00f8gskolen i \u00d8stfold s\u00e5 lenge man<a href=\"https:\/\/www.jetbrains.com\/shop\/eform\/students\"> registrerer seg<\/a> med sin Hiof mailadresse.<\/p>\n<p>&nbsp;<\/p>\n<p><img loading=\"lazy\" decoding=\"async\" class=\"alignnone wp-image-288\" src=\"https:\/\/blogg.hiof.no\/ithjelp\/files\/2023\/08\/Power-BI.png\" alt=\"\" width=\"298\" height=\"111\" srcset=\"https:\/\/blogg.hiof.no\/ithjelp\/files\/2023\/08\/Power-BI.png 367w, https:\/\/blogg.hiof.no\/ithjelp\/files\/2023\/08\/Power-BI-300x112.png 300w\" sizes=\"auto, (max-width: 298px) 85vw, 298px\" \/><\/p>\n<p>Power BI (Business Intelligence) er en programvare for datavisualisering fra Microsoft med hovedfokus p\u00e5 forretningsinnsikt. Det er funksjoner for bl.a. Data Warehous og Datamining.<\/p>\n<p>Ved \u00e5 logg inn p\u00e5 <a href=\"https:\/\/powerbi.microsoft.com\">powerbi.microsoft.com<\/a> med Feide konto f\u00e5r man gratis tilgang.<\/p>\n<p>&nbsp;<\/p>\n<p><img loading=\"lazy\" decoding=\"async\" class=\"alignnone size-full wp-image-342\" src=\"https:\/\/blogg.hiof.no\/ithjelp\/files\/2026\/03\/Metaedit.png\" alt=\"\" width=\"273\" height=\"68\" \/><\/p>\n<p>MetaEdit+ Modeler &#8211; Supports your modeling language<br \/>\nMetaEdit+ provides full modeling tool functionality for multiple users, multiple projects, running on all major platforms. It automatically follows the modeling language defined with MetaEdit+ Workbench by retrieving it from the repository.<\/p>\n<p>We have a few licenses for Metaedit, contakt Hans Olav for a key<\/p>\n<p>&nbsp;<\/p>\n<p>15\/8-24\u00a0 Hans Olav<\/p>\n","protected":false},"excerpt":{"rendered":"<p>Avdelingen har en avtale med Microsoft som gj\u00f8r at IT-studenter f\u00e5r tilgang til det meste av utviklingsverkt\u00f8y og operativsystem gratis s\u00e5 lenge de er aktive studenter.\u00a0 Denne tjenesten heter &laquo;Azure Dev Tools for Teaching&raquo; og erstatter Microsoft Imagine og Dreamspark. Logg inn her\u00a0 med din hiof adresse og Feide passord eller s\u00f8k etter &laquo;Education&raquo; fra &hellip; <a href=\"https:\/\/blogg.hiof.no\/ithjelp\/programvare\/\" class=\"more-link\">Fortsett \u00e5 lese<span class=\"screen-reader-text\"> \u00abProgramvare\u00bb<\/span><\/a><\/p>\n","protected":false},"author":221,"featured_media":0,"parent":0,"menu_order":0,"comment_status":"closed","ping_status":"closed","template":"","meta":{"footnotes":""},"class_list":["post-16","page","type-page","status-publish","hentry"],"_links":{"self":[{"href":"https:\/\/blogg.hiof.no\/ithjelp\/wp-json\/wp\/v2\/pages\/16","targetHints":{"allow":["GET"]}}],"collection":[{"href":"https:\/\/blogg.hiof.no\/ithjelp\/wp-json\/wp\/v2\/pages"}],"about":[{"href":"https:\/\/blogg.hiof.no\/ithjelp\/wp-json\/wp\/v2\/types\/page"}],"author":[{"embeddable":true,"href":"https:\/\/blogg.hiof.no\/ithjelp\/wp-json\/wp\/v2\/users\/221"}],"replies":[{"embeddable":true,"href":"https:\/\/blogg.hiof.no\/ithjelp\/wp-json\/wp\/v2\/comments?post=16"}],"version-history":[{"count":58,"href":"https:\/\/blogg.hiof.no\/ithjelp\/wp-json\/wp\/v2\/pages\/16\/revisions"}],"predecessor-version":[{"id":343,"href":"https:\/\/blogg.hiof.no\/ithjelp\/wp-json\/wp\/v2\/pages\/16\/revisions\/343"}],"wp:attachment":[{"href":"https:\/\/blogg.hiof.no\/ithjelp\/wp-json\/wp\/v2\/media?parent=16"}],"curies":[{"name":"wp","href":"https:\/\/api.w.org\/{rel}","templated":true}]}}