{"id":254,"date":"2022-11-21T15:25:58","date_gmt":"2022-11-21T14:25:58","guid":{"rendered":"https:\/\/blogg.hiof.no\/ithjelp\/?page_id=254"},"modified":"2023-10-23T10:34:31","modified_gmt":"2023-10-23T08:34:31","slug":"windows","status":"publish","type":"page","link":"https:\/\/blogg.hiof.no\/ithjelp\/windows\/","title":{"rendered":"Windows"},"content":{"rendered":"<p>Windows installasjonsmedia og produktn\u00f8kkel kan lastes ned fra <a href=\"https:\/\/blogg.hiof.no\/ithjelp\/programvare\/\">Azure<\/a><\/p>\n<p>For \u00e5 lage en oppstartbar minnepinne benyttes programmet Rufus for \u00e5 kopiere innholdet av .iso filen. Det er ikke nok \u00e5 kopiere filene.<\/p>\n<p>Windows 11 har i utgangspunktet krav til nyere maskinvare.\u00a0 For \u00e5 installere p\u00e5 eldre maskiner kan man bruke Rufus for \u00e5 lage en bootbar minnepinne uten disse kravene.<\/p>\n<p><img loading=\"lazy\" decoding=\"async\" class=\"alignnone wp-image-255\" src=\"https:\/\/blogg.hiof.no\/ithjelp\/files\/2022\/11\/Capture-197x300.png\" alt=\"\" width=\"251\" height=\"332\" \/><\/p>\n<p>Kryss av for &laquo;Fjern krav om 4 GB+ &#8230;&raquo;<\/p>\n<p><img loading=\"lazy\" decoding=\"async\" class=\"alignnone  wp-image-308\" src=\"https:\/\/blogg.hiof.no\/ithjelp\/files\/2023\/10\/rufus.png\" alt=\"\" width=\"467\" height=\"221\" srcset=\"https:\/\/blogg.hiof.no\/ithjelp\/files\/2023\/10\/rufus.png 543w, https:\/\/blogg.hiof.no\/ithjelp\/files\/2023\/10\/rufus-300x142.png 300w\" sizes=\"auto, (max-width: 467px) 85vw, 467px\" \/><\/p>\n","protected":false},"excerpt":{"rendered":"<p>Windows installasjonsmedia og produktn\u00f8kkel kan lastes ned fra Azure For \u00e5 lage en oppstartbar minnepinne benyttes programmet Rufus for \u00e5 kopiere innholdet av .iso filen. Det er ikke nok \u00e5 kopiere filene. Windows 11 har i utgangspunktet krav til nyere maskinvare.\u00a0 For \u00e5 installere p\u00e5 eldre maskiner kan man bruke Rufus for \u00e5 lage en &hellip; <a href=\"https:\/\/blogg.hiof.no\/ithjelp\/windows\/\" class=\"more-link\">Fortsett \u00e5 lese<span class=\"screen-reader-text\"> \u00abWindows\u00bb<\/span><\/a><\/p>\n","protected":false},"author":2109,"featured_media":0,"parent":0,"menu_order":0,"comment_status":"closed","ping_status":"closed","template":"","meta":{"footnotes":""},"class_list":["post-254","page","type-page","status-publish","hentry"],"_links":{"self":[{"href":"https:\/\/blogg.hiof.no\/ithjelp\/wp-json\/wp\/v2\/pages\/254","targetHints":{"allow":["GET"]}}],"collection":[{"href":"https:\/\/blogg.hiof.no\/ithjelp\/wp-json\/wp\/v2\/pages"}],"about":[{"href":"https:\/\/blogg.hiof.no\/ithjelp\/wp-json\/wp\/v2\/types\/page"}],"author":[{"embeddable":true,"href":"https:\/\/blogg.hiof.no\/ithjelp\/wp-json\/wp\/v2\/users\/2109"}],"replies":[{"embeddable":true,"href":"https:\/\/blogg.hiof.no\/ithjelp\/wp-json\/wp\/v2\/comments?post=254"}],"version-history":[{"count":6,"href":"https:\/\/blogg.hiof.no\/ithjelp\/wp-json\/wp\/v2\/pages\/254\/revisions"}],"predecessor-version":[{"id":309,"href":"https:\/\/blogg.hiof.no\/ithjelp\/wp-json\/wp\/v2\/pages\/254\/revisions\/309"}],"wp:attachment":[{"href":"https:\/\/blogg.hiof.no\/ithjelp\/wp-json\/wp\/v2\/media?parent=254"}],"curies":[{"name":"wp","href":"https:\/\/api.w.org\/{rel}","templated":true}]}}