{"id":262,"date":"2022-11-22T10:32:22","date_gmt":"2022-11-22T09:32:22","guid":{"rendered":"https:\/\/blogg.hiof.no\/ithjelp\/?page_id=262"},"modified":"2022-11-22T10:32:22","modified_gmt":"2022-11-22T09:32:22","slug":"gamle-maskiner","status":"publish","type":"page","link":"https:\/\/blogg.hiof.no\/ithjelp\/gamle-maskiner\/","title":{"rendered":"Gamle maskiner"},"content":{"rendered":"<h2>HP 840<\/h2>\n<p>HP 840 kan v\u00e6re vanskelig \u00e5 starte opp fra noen minnepinner. Bruk da f\u00f8lgende innstillinger i Bios:<\/p>\n<ul>\n<li>Uefi<\/li>\n<li>Fjern Fastboot<\/li>\n<li>Device options: Fjern USB 3.0<\/li>\n<\/ul>\n<p>Sett USB 3.0 tilbake n\u00e5r ferdig<\/p>\n<p>HP 840 har VGA og Displayport utganger for skjerm. Den kan kobles til HDMI p\u00e5 skjerm med adapter fra Displayport<\/p>\n<h2>Dell 7440\/50<\/h2>\n<p>Maskinene har HDMI og MiniDisplayport utganger for skjerm<\/p>\n<h2>Gamle skjermer<\/h2>\n<p>Mange av v\u00e5re gamle skjermer mangler HDMI inngang men har Displayport, DVI og VGA. For \u00e5 koble til en PC med HDMI utgang kan man bruke en kabel eller adapter fra HDMI til DVI.<\/p>\n<p>HDMI til Displayport i skjermen fungerer <span style=\"text-decoration: underline\">ikke<\/span><\/p>\n","protected":false},"excerpt":{"rendered":"<p>HP 840 HP 840 kan v\u00e6re vanskelig \u00e5 starte opp fra noen minnepinner. Bruk da f\u00f8lgende innstillinger i Bios: Uefi Fjern Fastboot Device options: Fjern USB 3.0 Sett USB 3.0 tilbake n\u00e5r ferdig HP 840 har VGA og Displayport utganger for skjerm. Den kan kobles til HDMI p\u00e5 skjerm med adapter fra Displayport Dell 7440\/50 &hellip; <a href=\"https:\/\/blogg.hiof.no\/ithjelp\/gamle-maskiner\/\" class=\"more-link\">Fortsett \u00e5 lese<span class=\"screen-reader-text\"> \u00abGamle maskiner\u00bb<\/span><\/a><\/p>\n","protected":false},"author":221,"featured_media":0,"parent":0,"menu_order":0,"comment_status":"closed","ping_status":"closed","template":"","meta":{"footnotes":""},"class_list":["post-262","page","type-page","status-publish","hentry"],"_links":{"self":[{"href":"https:\/\/blogg.hiof.no\/ithjelp\/wp-json\/wp\/v2\/pages\/262","targetHints":{"allow":["GET"]}}],"collection":[{"href":"https:\/\/blogg.hiof.no\/ithjelp\/wp-json\/wp\/v2\/pages"}],"about":[{"href":"https:\/\/blogg.hiof.no\/ithjelp\/wp-json\/wp\/v2\/types\/page"}],"author":[{"embeddable":true,"href":"https:\/\/blogg.hiof.no\/ithjelp\/wp-json\/wp\/v2\/users\/221"}],"replies":[{"embeddable":true,"href":"https:\/\/blogg.hiof.no\/ithjelp\/wp-json\/wp\/v2\/comments?post=262"}],"version-history":[{"count":1,"href":"https:\/\/blogg.hiof.no\/ithjelp\/wp-json\/wp\/v2\/pages\/262\/revisions"}],"predecessor-version":[{"id":264,"href":"https:\/\/blogg.hiof.no\/ithjelp\/wp-json\/wp\/v2\/pages\/262\/revisions\/264"}],"wp:attachment":[{"href":"https:\/\/blogg.hiof.no\/ithjelp\/wp-json\/wp\/v2\/media?parent=262"}],"curies":[{"name":"wp","href":"https:\/\/api.w.org\/{rel}","templated":true}]}}