{"id":38,"date":"2017-08-10T10:51:49","date_gmt":"2017-08-10T08:51:49","guid":{"rendered":"https:\/\/blogg.hiof.no\/ithjelp\/?page_id=38"},"modified":"2019-08-14T15:09:34","modified_gmt":"2019-08-14T13:09:34","slug":"terminal","status":"publish","type":"page","link":"https:\/\/blogg.hiof.no\/ithjelp\/terminal\/","title":{"rendered":"Terminal"},"content":{"rendered":"<p>I noen tilfeller trenger vi en terminal-klient for \u00e5 koble oss til ITstud. P\u00e5 Mac og Linux er en slik innebygget. P\u00e5 en Windows maskin kan man laste ned et gratis program som f.eks. <a href=\"http:\/\/www.putty.org\/\">putty<\/a>.<\/p>\n<p>Hvis du bruker Chrome, kan utvidelsen &laquo;<a href=\"https:\/\/chrome.google.com\/webstore\/detail\/secure-shell-extension\/iodihamcpbpeioajjeobimgagajmlibd\">Secure Shell Extension<\/a>&raquo; brukes.<\/p>\n<p>(Hvis du har nyeste versjon av Windows 10, kan du bruke en terminalklient i &laquo;<a href=\"https:\/\/msdn.microsoft.com\/en-us\/commandline\/wsl\/install_guide\">Windows subsystem for Linux<\/a>&raquo;<\/p>\n<p><img loading=\"lazy\" decoding=\"async\" class=\"alignnone size-full wp-image-91\" src=\"https:\/\/blogg.hiof.no\/ithjelp\/files\/2017\/08\/Putty.png\" alt=\"\" width=\"667\" height=\"317\" srcset=\"https:\/\/blogg.hiof.no\/ithjelp\/files\/2017\/08\/Putty.png 667w, https:\/\/blogg.hiof.no\/ithjelp\/files\/2017\/08\/Putty-300x143.png 300w\" sizes=\"auto, (max-width: 667px) 85vw, 667px\" \/><\/p>\n","protected":false},"excerpt":{"rendered":"<p>I noen tilfeller trenger vi en terminal-klient for \u00e5 koble oss til ITstud. P\u00e5 Mac og Linux er en slik innebygget. P\u00e5 en Windows maskin kan man laste ned et gratis program som f.eks. putty. Hvis du bruker Chrome, kan utvidelsen &laquo;Secure Shell Extension&raquo; brukes. (Hvis du har nyeste versjon av Windows 10, kan du &hellip; <a href=\"https:\/\/blogg.hiof.no\/ithjelp\/terminal\/\" class=\"more-link\">Fortsett \u00e5 lese<span class=\"screen-reader-text\"> \u00abTerminal\u00bb<\/span><\/a><\/p>\n","protected":false},"author":221,"featured_media":0,"parent":0,"menu_order":0,"comment_status":"closed","ping_status":"closed","template":"","meta":{"footnotes":""},"class_list":["post-38","page","type-page","status-publish","hentry"],"_links":{"self":[{"href":"https:\/\/blogg.hiof.no\/ithjelp\/wp-json\/wp\/v2\/pages\/38","targetHints":{"allow":["GET"]}}],"collection":[{"href":"https:\/\/blogg.hiof.no\/ithjelp\/wp-json\/wp\/v2\/pages"}],"about":[{"href":"https:\/\/blogg.hiof.no\/ithjelp\/wp-json\/wp\/v2\/types\/page"}],"author":[{"embeddable":true,"href":"https:\/\/blogg.hiof.no\/ithjelp\/wp-json\/wp\/v2\/users\/221"}],"replies":[{"embeddable":true,"href":"https:\/\/blogg.hiof.no\/ithjelp\/wp-json\/wp\/v2\/comments?post=38"}],"version-history":[{"count":5,"href":"https:\/\/blogg.hiof.no\/ithjelp\/wp-json\/wp\/v2\/pages\/38\/revisions"}],"predecessor-version":[{"id":206,"href":"https:\/\/blogg.hiof.no\/ithjelp\/wp-json\/wp\/v2\/pages\/38\/revisions\/206"}],"wp:attachment":[{"href":"https:\/\/blogg.hiof.no\/ithjelp\/wp-json\/wp\/v2\/media?parent=38"}],"curies":[{"name":"wp","href":"https:\/\/api.w.org\/{rel}","templated":true}]}}