{"id":40,"date":"2017-08-10T10:52:06","date_gmt":"2017-08-10T08:52:06","guid":{"rendered":"https:\/\/blogg.hiof.no\/ithjelp\/?page_id=40"},"modified":"2024-08-23T10:58:37","modified_gmt":"2024-08-23T08:58:37","slug":"filoverforing","status":"publish","type":"page","link":"https:\/\/blogg.hiof.no\/ithjelp\/filoverforing\/","title":{"rendered":"Filoverf\u00f8ring"},"content":{"rendered":"<h2>FileZilla<\/h2>\n<p>Som alternativ til \u00e5 koble seg til IT-stud som en vanlig filserver, kan man bruker klienter som st\u00f8tter Secure FTP og lignende. Filezilla, WinSCP og Cyberduck er eksempler p\u00e5 slike.<\/p>\n<p>OBS, enkelte utgaver av installasjonsprogrammet til Filezilla inneholder ekstra sponsor programvare. Dette kan i noen tilfeller gi utslag i antivirusprogramvare som malvare. Dette er ikke skadelig programvare, men for \u00e5 unng\u00e5 dette kan man velge &laquo;Show additional download options&raquo; og velge en &laquo;ren&raquo; setup.<\/p>\n<p>https:\/\/filezilla-project.org\/download.php?show_all=1<\/p>\n<p>Protocol:\u00a0 SFTP &#8211; SSH File Transfer Protocol<br \/>\nHost:\u00a0 itstud.hiof.no<br \/>\nPort:\u00a0 22<br \/>\nLogon type:\u00a0 Ask for password<br \/>\nUser:\u00a0 Ditt brukernavn<\/p>\n<p><a href=\"https:\/\/blogg.hiof.no\/ithjelp\/files\/2017\/08\/filezilla.png\"><img loading=\"lazy\" decoding=\"async\" class=\"alignnone wp-image-106\" src=\"https:\/\/blogg.hiof.no\/ithjelp\/files\/2017\/08\/filezilla-300x200.png\" alt=\"\" width=\"693\" height=\"462\" srcset=\"https:\/\/blogg.hiof.no\/ithjelp\/files\/2017\/08\/filezilla-300x200.png 300w, https:\/\/blogg.hiof.no\/ithjelp\/files\/2017\/08\/filezilla-768x513.png 768w, https:\/\/blogg.hiof.no\/ithjelp\/files\/2017\/08\/filezilla.png 1019w\" sizes=\"auto, (max-width: 693px) 85vw, 693px\" \/><\/a><\/p>\n<p>&nbsp;<\/p>\n","protected":false},"excerpt":{"rendered":"<p>FileZilla Som alternativ til \u00e5 koble seg til IT-stud som en vanlig filserver, kan man bruker klienter som st\u00f8tter Secure FTP og lignende. Filezilla, WinSCP og Cyberduck er eksempler p\u00e5 slike. OBS, enkelte utgaver av installasjonsprogrammet til Filezilla inneholder ekstra sponsor programvare. Dette kan i noen tilfeller gi utslag i antivirusprogramvare som malvare. Dette er &hellip; <a href=\"https:\/\/blogg.hiof.no\/ithjelp\/filoverforing\/\" class=\"more-link\">Fortsett \u00e5 lese<span class=\"screen-reader-text\"> \u00abFiloverf\u00f8ring\u00bb<\/span><\/a><\/p>\n","protected":false},"author":221,"featured_media":0,"parent":0,"menu_order":0,"comment_status":"closed","ping_status":"closed","template":"","meta":{"footnotes":""},"class_list":["post-40","page","type-page","status-publish","hentry"],"_links":{"self":[{"href":"https:\/\/blogg.hiof.no\/ithjelp\/wp-json\/wp\/v2\/pages\/40","targetHints":{"allow":["GET"]}}],"collection":[{"href":"https:\/\/blogg.hiof.no\/ithjelp\/wp-json\/wp\/v2\/pages"}],"about":[{"href":"https:\/\/blogg.hiof.no\/ithjelp\/wp-json\/wp\/v2\/types\/page"}],"author":[{"embeddable":true,"href":"https:\/\/blogg.hiof.no\/ithjelp\/wp-json\/wp\/v2\/users\/221"}],"replies":[{"embeddable":true,"href":"https:\/\/blogg.hiof.no\/ithjelp\/wp-json\/wp\/v2\/comments?post=40"}],"version-history":[{"count":9,"href":"https:\/\/blogg.hiof.no\/ithjelp\/wp-json\/wp\/v2\/pages\/40\/revisions"}],"predecessor-version":[{"id":330,"href":"https:\/\/blogg.hiof.no\/ithjelp\/wp-json\/wp\/v2\/pages\/40\/revisions\/330"}],"wp:attachment":[{"href":"https:\/\/blogg.hiof.no\/ithjelp\/wp-json\/wp\/v2\/media?parent=40"}],"curies":[{"name":"wp","href":"https:\/\/api.w.org\/{rel}","templated":true}]}}