{"id":42,"date":"2017-08-10T10:52:28","date_gmt":"2017-08-10T08:52:28","guid":{"rendered":"https:\/\/blogg.hiof.no\/ithjelp\/?page_id=42"},"modified":"2022-10-28T13:27:50","modified_gmt":"2022-10-28T11:27:50","slug":"webserver","status":"publish","type":"page","link":"https:\/\/blogg.hiof.no\/ithjelp\/webserver\/","title":{"rendered":"Webserver"},"content":{"rendered":"<p>For \u00e5 legge ut websider p\u00e5 ditt eget omr\u00e5de p\u00e5 ITstud, m\u00e5 du plassere html-dokumentene i &laquo;htdocs&raquo;. Startsiden kan hete &laquo;index.html&raquo;<\/p>\n<p>Webadressen blir da &laquo;itstud.hiof.no\/~brukernavn&raquo;\u00a0 \u00a0 \u00a0 &#8211; <strong>Husk \u00e5 ta med tilde-tegnet<\/strong><\/p>\n","protected":false},"excerpt":{"rendered":"<p>For \u00e5 legge ut websider p\u00e5 ditt eget omr\u00e5de p\u00e5 ITstud, m\u00e5 du plassere html-dokumentene i &laquo;htdocs&raquo;. Startsiden kan hete &laquo;index.html&raquo; Webadressen blir da &laquo;itstud.hiof.no\/~brukernavn&raquo;\u00a0 \u00a0 \u00a0 &#8211; Husk \u00e5 ta med tilde-tegnet<\/p>\n","protected":false},"author":221,"featured_media":0,"parent":0,"menu_order":0,"comment_status":"closed","ping_status":"closed","template":"","meta":{"footnotes":""},"class_list":["post-42","page","type-page","status-publish","hentry"],"_links":{"self":[{"href":"https:\/\/blogg.hiof.no\/ithjelp\/wp-json\/wp\/v2\/pages\/42","targetHints":{"allow":["GET"]}}],"collection":[{"href":"https:\/\/blogg.hiof.no\/ithjelp\/wp-json\/wp\/v2\/pages"}],"about":[{"href":"https:\/\/blogg.hiof.no\/ithjelp\/wp-json\/wp\/v2\/types\/page"}],"author":[{"embeddable":true,"href":"https:\/\/blogg.hiof.no\/ithjelp\/wp-json\/wp\/v2\/users\/221"}],"replies":[{"embeddable":true,"href":"https:\/\/blogg.hiof.no\/ithjelp\/wp-json\/wp\/v2\/comments?post=42"}],"version-history":[{"count":6,"href":"https:\/\/blogg.hiof.no\/ithjelp\/wp-json\/wp\/v2\/pages\/42\/revisions"}],"predecessor-version":[{"id":251,"href":"https:\/\/blogg.hiof.no\/ithjelp\/wp-json\/wp\/v2\/pages\/42\/revisions\/251"}],"wp:attachment":[{"href":"https:\/\/blogg.hiof.no\/ithjelp\/wp-json\/wp\/v2\/media?parent=42"}],"curies":[{"name":"wp","href":"https:\/\/api.w.org\/{rel}","templated":true}]}}