{"id":6,"date":"2017-08-09T15:13:48","date_gmt":"2017-08-09T13:13:48","guid":{"rendered":"https:\/\/blogg.hiof.no\/ithjelp\/?page_id=6"},"modified":"2024-08-15T08:50:00","modified_gmt":"2024-08-15T06:50:00","slug":"forside","status":"publish","type":"page","link":"https:\/\/blogg.hiof.no\/ithjelp\/","title":{"rendered":"Forside"},"content":{"rendered":"<p><img loading=\"lazy\" decoding=\"async\" class=\"alignnone wp-image-94\" src=\"https:\/\/blogg.hiof.no\/ithjelp\/files\/2017\/08\/hiof-logo-nor-black-subbranding-it-v1.0.0.png\" alt=\"\" width=\"562\" height=\"161\" srcset=\"https:\/\/blogg.hiof.no\/ithjelp\/files\/2017\/08\/hiof-logo-nor-black-subbranding-it-v1.0.0.png 328w, https:\/\/blogg.hiof.no\/ithjelp\/files\/2017\/08\/hiof-logo-nor-black-subbranding-it-v1.0.0-300x86.png 300w\" sizes=\"auto, (max-width: 562px) 85vw, 562px\" \/><\/p>\r\n<p>Disse sidene er ment som en hjelp for studenter og ansatte ved ITK-instituttet til \u00e5 finne fram i program- og maskinvare p\u00e5 avdelingen .<\/p>\r\n<p><a href=\"https:\/\/docs.google.com\/presentation\/d\/1LOdFQnBA8aKTP7uZ28OBI5A1KNgLOYTI5IBRi34PlwM\/edit?usp=sharing\">Introduksjon <\/a>for nye studenter 2024<\/p>\r\n<p>For generell informasjon om VPN, Tr\u00e5dl\u00f8st nett, B\u00e6rbar PC og lignende, se IT-drifts hjelpesider p\u00e5 adressen &laquo;<a href=\"http:\/\/hjelp.hiof.no\" target=\"_blank\" rel=\"noopener noreferrer\">hjelp.hiof.no<\/a>&laquo;<\/p>\r\n<p><a href=\"https:\/\/docs.google.com\/presentation\/d\/1PErtht5-Oe6mMsADz2EYyTbXag-KbKDJs8WNTAkjrN0\/edit?usp=sharing\">Intro<\/a> til kurset videoproduksjon 2023<\/p>\r\n\r\n<p>&nbsp;<\/p>\r\n","protected":false},"excerpt":{"rendered":"<p>Disse sidene er ment som en hjelp for studenter og ansatte ved ITK-instituttet til \u00e5 finne fram i program- og maskinvare p\u00e5 avdelingen . Introduksjon for nye studenter 2024 For generell informasjon om VPN, Tr\u00e5dl\u00f8st nett, B\u00e6rbar PC og lignende, se IT-drifts hjelpesider p\u00e5 adressen &laquo;hjelp.hiof.no&laquo; Intro til kurset videoproduksjon 2023 &nbsp;<\/p>\n","protected":false},"author":221,"featured_media":0,"parent":0,"menu_order":0,"comment_status":"closed","ping_status":"closed","template":"","meta":{"footnotes":""},"class_list":["post-6","page","type-page","status-publish","hentry"],"_links":{"self":[{"href":"https:\/\/blogg.hiof.no\/ithjelp\/wp-json\/wp\/v2\/pages\/6","targetHints":{"allow":["GET"]}}],"collection":[{"href":"https:\/\/blogg.hiof.no\/ithjelp\/wp-json\/wp\/v2\/pages"}],"about":[{"href":"https:\/\/blogg.hiof.no\/ithjelp\/wp-json\/wp\/v2\/types\/page"}],"author":[{"embeddable":true,"href":"https:\/\/blogg.hiof.no\/ithjelp\/wp-json\/wp\/v2\/users\/221"}],"replies":[{"embeddable":true,"href":"https:\/\/blogg.hiof.no\/ithjelp\/wp-json\/wp\/v2\/comments?post=6"}],"version-history":[{"count":21,"href":"https:\/\/blogg.hiof.no\/ithjelp\/wp-json\/wp\/v2\/pages\/6\/revisions"}],"predecessor-version":[{"id":327,"href":"https:\/\/blogg.hiof.no\/ithjelp\/wp-json\/wp\/v2\/pages\/6\/revisions\/327"}],"wp:attachment":[{"href":"https:\/\/blogg.hiof.no\/ithjelp\/wp-json\/wp\/v2\/media?parent=6"}],"curies":[{"name":"wp","href":"https:\/\/api.w.org\/{rel}","templated":true}]}}