{"id":84,"date":"2017-08-14T12:46:30","date_gmt":"2017-08-14T10:46:30","guid":{"rendered":"https:\/\/blogg.hiof.no\/ithjelp\/?page_id=84"},"modified":"2024-08-15T09:14:56","modified_gmt":"2024-08-15T07:14:56","slug":"ansatte","status":"publish","type":"page","link":"https:\/\/blogg.hiof.no\/ithjelp\/ansatte\/","title":{"rendered":"Ansatte"},"content":{"rendered":"<p>Vi er for tiden 7 teknisk ansatte p\u00e5 Institutt for informasjonsteknologi og kommunikasjon.<br \/>\nVi er en l\u00e6rling og seks ingeni\u00f8rer. Kontaktinformasjon finnes <a href=\"https:\/\/www.hiof.no\/iio\/itk\/personer\/tekn-adm-ansatte\/\">her<\/a> og <a href=\"https:\/\/www.hiof.no\/iio\/itk\/personer\/und-forsk-ansatte\/michaeal\/index.html\">her<\/a>.<\/p>\n<p>Alle forelesere og andre ansatte p\u00e5 Instituttet finnes <a href=\"https:\/\/www.hiof.no\/iio\/itk\/personer\/\">her<\/a>.<\/p>\n<p>&nbsp;<\/p>\n<p>15\/8-24 Hans Olav<\/p>\n","protected":false},"excerpt":{"rendered":"<p>Vi er for tiden 7 teknisk ansatte p\u00e5 Institutt for informasjonsteknologi og kommunikasjon. Vi er en l\u00e6rling og seks ingeni\u00f8rer. Kontaktinformasjon finnes her og her. Alle forelesere og andre ansatte p\u00e5 Instituttet finnes her. &nbsp; 15\/8-24 Hans Olav<\/p>\n","protected":false},"author":221,"featured_media":0,"parent":0,"menu_order":0,"comment_status":"closed","ping_status":"closed","template":"","meta":{"footnotes":""},"class_list":["post-84","page","type-page","status-publish","hentry"],"_links":{"self":[{"href":"https:\/\/blogg.hiof.no\/ithjelp\/wp-json\/wp\/v2\/pages\/84","targetHints":{"allow":["GET"]}}],"collection":[{"href":"https:\/\/blogg.hiof.no\/ithjelp\/wp-json\/wp\/v2\/pages"}],"about":[{"href":"https:\/\/blogg.hiof.no\/ithjelp\/wp-json\/wp\/v2\/types\/page"}],"author":[{"embeddable":true,"href":"https:\/\/blogg.hiof.no\/ithjelp\/wp-json\/wp\/v2\/users\/221"}],"replies":[{"embeddable":true,"href":"https:\/\/blogg.hiof.no\/ithjelp\/wp-json\/wp\/v2\/comments?post=84"}],"version-history":[{"count":10,"href":"https:\/\/blogg.hiof.no\/ithjelp\/wp-json\/wp\/v2\/pages\/84\/revisions"}],"predecessor-version":[{"id":328,"href":"https:\/\/blogg.hiof.no\/ithjelp\/wp-json\/wp\/v2\/pages\/84\/revisions\/328"}],"wp:attachment":[{"href":"https:\/\/blogg.hiof.no\/ithjelp\/wp-json\/wp\/v2\/media?parent=84"}],"curies":[{"name":"wp","href":"https:\/\/api.w.org\/{rel}","templated":true}]}}