{"id":11,"date":"2021-01-28T13:45:25","date_gmt":"2021-01-28T13:45:25","guid":{"rendered":"https:\/\/blogg.hiof.no\/maprog\/?page_id=11"},"modified":"2021-05-06T14:22:55","modified_gmt":"2021-05-06T14:22:55","slug":"om-oss","status":"publish","type":"page","link":"https:\/\/blogg.hiof.no\/maprog\/","title":{"rendered":"Om oss"},"content":{"rendered":"<p>Dette nettstedet er resultatet av et samarbeidprosjekt ved H\u00f8gskolen i \u00d8stfold mellom l\u00e6rerutdanningsskoler, Avdeling for l\u00e6rerutdanning og\u00a0 Avdeling for informasjonsteknologi. Prosjektet ville utvikle l\u00e6rernes kunnskap om programmering i matematikkfaget p\u00e5 ungdomstrinnet. <span data-contrast=\"auto\">Prosjektet foregikk som fem samlinger med planlegging, refleksjon og diskusjon og med utpr\u00f8ving i l\u00e6rernes egne klasser mellom samlingene<\/span><\/p>\n<p>Hensikten med siden er \u00e5 spre kunnskap om programmering i matematikkfaget p\u00e5 ungdomstrinnet ved bruk av en <a href=\"https:\/\/blogg.hiof.no\/maprog\/arbeidsmater\/\">arbeidsm\u00e5te<\/a> som heter Use \u2013 Modify \u2013 Create.<\/p>\n<p>Vi presenterer <a href=\"https:\/\/blogg.hiof.no\/maprog\/category\/undervisningsopplegg\/\">undervisningsopplegg<\/a> knyttet til hvert av kompetansem\u00e5lene relatert til programmering p\u00e5 8. , 9. og 10. trinn.<\/p>\n<p>Vi som st\u00e5r bak nettstedet og har gjennomf\u00f8rt prosjektet, er<br \/>\nH\u00f8gskolelektor <a href=\"https:\/\/www.hiof.no\/it\/personer\/und-forsk-ansatte\/susannks\/index.html\">Susanne K Stigberg<\/a>, Avdeling for Informasjonsteknologi<br \/>\nStipendiat <a href=\"https:\/\/www.hiof.no\/lu\/personer\/und-forsk-ansatte\/hsti\/index.html\">Henrik Stigberg<\/a>, Avdeling for l\u00e6rerutdanning<br \/>\nDosent <a href=\"https:\/\/www.hiof.no\/lu\/personer\/und-forsk-ansatte\/mm\/index.html\">Marianne Maugesten<\/a>, Avdeling for l\u00e6rerutdanning<\/p>\n","protected":false},"excerpt":{"rendered":"<p>Dette nettstedet er resultatet av et samarbeidprosjekt ved H\u00f8gskolen i \u00d8stfold mellom l\u00e6rerutdanningsskoler, Avdeling for l\u00e6rerutdanning og\u00a0 Avdeling for informasjonsteknologi. Prosjektet ville utvikle l\u00e6rernes kunnskap om programmering i matematikkfaget p\u00e5 ungdomstrinnet. Prosjektet foregikk som fem samlinger med planlegging, refleksjon og diskusjon og med utpr\u00f8ving i l\u00e6rernes egne klasser mellom samlingene Hensikten med siden er \u00e5 &hellip; <\/p>\n<p class=\"link-more\"><a href=\"https:\/\/blogg.hiof.no\/maprog\/\" class=\"more-link\">Fortsett \u00e5 lese<span class=\"screen-reader-text\"> \u00abOm oss\u00bb<\/span><\/a><\/p>\n","protected":false},"author":454,"featured_media":0,"parent":0,"menu_order":0,"comment_status":"closed","ping_status":"closed","template":"","meta":{"footnotes":""},"class_list":["post-11","page","type-page","status-publish","hentry"],"jetpack_sharing_enabled":true,"_links":{"self":[{"href":"https:\/\/blogg.hiof.no\/maprog\/wp-json\/wp\/v2\/pages\/11","targetHints":{"allow":["GET"]}}],"collection":[{"href":"https:\/\/blogg.hiof.no\/maprog\/wp-json\/wp\/v2\/pages"}],"about":[{"href":"https:\/\/blogg.hiof.no\/maprog\/wp-json\/wp\/v2\/types\/page"}],"author":[{"embeddable":true,"href":"https:\/\/blogg.hiof.no\/maprog\/wp-json\/wp\/v2\/users\/454"}],"replies":[{"embeddable":true,"href":"https:\/\/blogg.hiof.no\/maprog\/wp-json\/wp\/v2\/comments?post=11"}],"version-history":[{"count":10,"href":"https:\/\/blogg.hiof.no\/maprog\/wp-json\/wp\/v2\/pages\/11\/revisions"}],"predecessor-version":[{"id":171,"href":"https:\/\/blogg.hiof.no\/maprog\/wp-json\/wp\/v2\/pages\/11\/revisions\/171"}],"wp:attachment":[{"href":"https:\/\/blogg.hiof.no\/maprog\/wp-json\/wp\/v2\/media?parent=11"}],"curies":[{"name":"wp","href":"https:\/\/api.w.org\/{rel}","templated":true}]}}