{"id":45,"date":"2016-05-09T11:31:56","date_gmt":"2016-05-09T11:31:56","guid":{"rendered":"https:\/\/blogg.hiof.no\/rektorat\/?page_id=45"},"modified":"2021-09-02T10:58:48","modified_gmt":"2021-09-02T08:58:48","slug":"om-rektoratets-blogg","status":"publish","type":"page","link":"https:\/\/blogg.hiof.no\/rektorat\/om-rektoratets-blogg\/","title":{"rendered":"Om rektoratets blogg"},"content":{"rendered":"<p><em>Rektoratets blogg er en felles blogg for synspunkter, refleksjoner og orienteringer fra rektor <a href=\"https:\/\/www.hiof.no\/om\/organisasjon\/ledelsen\/personer\/tekn-adm-ansatte\/larspetj\/index.html\">Lars-Petter Jelsness-J\u00f8rgensen<\/a>, prorektor for utdanning \u00a0<a href=\"https:\/\/www.hiof.no\/om\/organisasjon\/ledelsen\/personer\/tekn-adm-ansatte\/avd\/index.html\">Annette Veberg Dahl<\/a>\u00a0og prorektor for forskning og formidling <a href=\"https:\/\/www.hiof.no\/om\/organisasjon\/ledelsen\/personer\/tekn-adm-ansatte\/kcbache\/index.html\">Kristi Cecilie Gr\u00f8nvold Bache<\/a>.<\/em><\/p>\n<p>M\u00e5let med bloggen er \u00e5 bidra til \u00f8kt \u00e5penhet og dialog med ansatte og studenter ved H\u00f8gskolen i \u00d8stfold, samt samfunnet for\u00f8vrig.<\/p>\n<p>Lars-Petter<\/p>\n<p>&nbsp;<\/p>\n<table>\n<tbody>\n<tr>\n<td style=\"text-align: center;\"><img data-recalc-dims=\"1\" loading=\"lazy\" decoding=\"async\" class=\"aligncenter\" src=\"https:\/\/i0.wp.com\/blogg.hiof.no\/rektorat\/files\/2016\/05\/Lars-Petter-Jelsness-J%C3%B8rgensen.jpg?resize=242%2C161&#038;ssl=1\" alt=\"\" width=\"242\" height=\"161\" \/>Rektor Lars-Petter Jelsness-J\u00f8rgensen<\/td>\n<\/tr>\n<tr>\n<td style=\"text-align: center;\"><img data-recalc-dims=\"1\" loading=\"lazy\" decoding=\"async\" class=\"aligncenter\" src=\"https:\/\/i0.wp.com\/blogg.hiof.no\/rektorat\/files\/2019\/08\/48535177382_7ae62fb858_z.jpg?resize=242%2C161&#038;ssl=1\" alt=\"\" width=\"242\" height=\"161\" \/>Prorektor Annette Veberg Dahl<\/td>\n<\/tr>\n<tr>\n<td style=\"text-align: center;\" data-wp-editing=\"1\"><a href=\"https:\/\/i0.wp.com\/blogg.hiof.no\/rektorat\/files\/2021\/09\/C233C72D-0016-4AAC-83AD-869E741145CB.jpeg?ssl=1\"><img data-recalc-dims=\"1\" loading=\"lazy\" decoding=\"async\" data-attachment-id=\"666\" data-permalink=\"https:\/\/blogg.hiof.no\/rektorat\/om-rektoratets-blogg\/c233c72d-0016-4aac-83ad-869e741145cb\/\" data-orig-file=\"https:\/\/i0.wp.com\/blogg.hiof.no\/rektorat\/files\/2021\/09\/C233C72D-0016-4AAC-83AD-869E741145CB.jpeg?fit=2048%2C1365&amp;ssl=1\" data-orig-size=\"2048,1365\" data-comments-opened=\"0\" data-image-meta=\"{&quot;aperture&quot;:&quot;0&quot;,&quot;credit&quot;:&quot;B\\u00e5rd Halvorsen - fotograf ved H\\u00f8gskolen i \\u00d8stfold&quot;,&quot;camera&quot;:&quot;&quot;,&quot;caption&quot;:&quot;&quot;,&quot;created_timestamp&quot;:&quot;0&quot;,&quot;copyright&quot;:&quot;Foto \\u00a9 B\\u00e5rd Halvorsen, H\\u00f8gskolen i \\u00d8stfold&quot;,&quot;focal_length&quot;:&quot;0&quot;,&quot;iso&quot;:&quot;0&quot;,&quot;shutter_speed&quot;:&quot;0&quot;,&quot;title&quot;:&quot;&quot;,&quot;orientation&quot;:&quot;0&quot;}\" data-image-title=\"Kristi\" data-image-description=\"\" data-image-caption=\"\" data-medium-file=\"https:\/\/i0.wp.com\/blogg.hiof.no\/rektorat\/files\/2021\/09\/C233C72D-0016-4AAC-83AD-869E741145CB.jpeg?fit=300%2C200&amp;ssl=1\" data-large-file=\"https:\/\/i0.wp.com\/blogg.hiof.no\/rektorat\/files\/2021\/09\/C233C72D-0016-4AAC-83AD-869E741145CB.jpeg?fit=1024%2C683&amp;ssl=1\" class=\"aligncenter size-medium wp-image-666\" src=\"https:\/\/i0.wp.com\/blogg.hiof.no\/rektorat\/files\/2021\/09\/C233C72D-0016-4AAC-83AD-869E741145CB.jpeg?resize=242%2C161&#038;ssl=1\" alt=\"\" width=\"242\" height=\"161\" srcset=\"https:\/\/i0.wp.com\/blogg.hiof.no\/rektorat\/files\/2021\/09\/C233C72D-0016-4AAC-83AD-869E741145CB.jpeg?resize=300%2C200&amp;ssl=1 300w, https:\/\/i0.wp.com\/blogg.hiof.no\/rektorat\/files\/2021\/09\/C233C72D-0016-4AAC-83AD-869E741145CB.jpeg?resize=1024%2C683&amp;ssl=1 1024w, https:\/\/i0.wp.com\/blogg.hiof.no\/rektorat\/files\/2021\/09\/C233C72D-0016-4AAC-83AD-869E741145CB.jpeg?resize=768%2C512&amp;ssl=1 768w, https:\/\/i0.wp.com\/blogg.hiof.no\/rektorat\/files\/2021\/09\/C233C72D-0016-4AAC-83AD-869E741145CB.jpeg?resize=1536%2C1024&amp;ssl=1 1536w, https:\/\/i0.wp.com\/blogg.hiof.no\/rektorat\/files\/2021\/09\/C233C72D-0016-4AAC-83AD-869E741145CB.jpeg?w=2048&amp;ssl=1 2048w\" sizes=\"auto, (max-width: 242px) 100vw, 242px\" \/><\/a>Prorektor Kristi Cecilie Gr\u00f8nvold Bache<\/td>\n<\/tr>\n<\/tbody>\n<\/table>\n","protected":false},"excerpt":{"rendered":"<p>Rektoratets blogg er en felles blogg for synspunkter, refleksjoner og orienteringer fra rektor Lars-Petter Jelsness-J\u00f8rgensen, prorektor for utdanning \u00a0Annette Veberg Dahl\u00a0og prorektor for forskning og formidling Kristi Cecilie Gr\u00f8nvold Bache. M\u00e5let med bloggen er \u00e5 bidra til \u00f8kt \u00e5penhet og dialog med ansatte og studenter ved H\u00f8gskolen i \u00d8stfold, samt samfunnet for\u00f8vrig. Lars-Petter &nbsp; Rektor <a class=\"read-more\" href=\"https:\/\/blogg.hiof.no\/rektorat\/om-rektoratets-blogg\/\">Les mer \u2192<\/a><\/p>\n","protected":false},"author":267,"featured_media":0,"parent":0,"menu_order":0,"comment_status":"closed","ping_status":"closed","template":"","meta":{"jetpack_post_was_ever_published":false,"footnotes":""},"class_list":["post-45","page","type-page","status-publish","hentry"],"jetpack_sharing_enabled":true,"jetpack_shortlink":"https:\/\/wp.me\/P7yfVR-J","jetpack-related-posts":[],"_links":{"self":[{"href":"https:\/\/blogg.hiof.no\/rektorat\/wp-json\/wp\/v2\/pages\/45","targetHints":{"allow":["GET"]}}],"collection":[{"href":"https:\/\/blogg.hiof.no\/rektorat\/wp-json\/wp\/v2\/pages"}],"about":[{"href":"https:\/\/blogg.hiof.no\/rektorat\/wp-json\/wp\/v2\/types\/page"}],"author":[{"embeddable":true,"href":"https:\/\/blogg.hiof.no\/rektorat\/wp-json\/wp\/v2\/users\/267"}],"replies":[{"embeddable":true,"href":"https:\/\/blogg.hiof.no\/rektorat\/wp-json\/wp\/v2\/comments?post=45"}],"version-history":[{"count":32,"href":"https:\/\/blogg.hiof.no\/rektorat\/wp-json\/wp\/v2\/pages\/45\/revisions"}],"predecessor-version":[{"id":667,"href":"https:\/\/blogg.hiof.no\/rektorat\/wp-json\/wp\/v2\/pages\/45\/revisions\/667"}],"wp:attachment":[{"href":"https:\/\/blogg.hiof.no\/rektorat\/wp-json\/wp\/v2\/media?parent=45"}],"curies":[{"name":"wp","href":"https:\/\/api.w.org\/{rel}","templated":true}]}}