{"id":100,"date":"2016-12-06T15:09:58","date_gmt":"2016-12-06T15:09:58","guid":{"rendered":"https:\/\/skul946.wordpress.com\/?page_id=100"},"modified":"2019-03-19T16:53:56","modified_gmt":"2019-03-19T15:53:56","slug":"presentasjoner","status":"publish","type":"page","link":"https:\/\/blogg.hiof.no\/skul\/presentasjoner\/","title":{"rendered":"Presentasjoner"},"content":{"rendered":"<ol>\n<li>Litteraturoversikt i vitenskapelige artikler v\/ Hege Hermansen\u00a0<a href=\"https:\/\/blogg.hiof.no\/skul\/files\/2019\/03\/Hege-Hermansen-litteraturreview-mars-2018.pdf\">Hege Hermansen litteratur review mars 2018<\/a><\/li>\n<li>Kvantitative tekster og studier: en kort innf\u00f8ring v\/ Anders Nordahl-Hansen\u00a0<a href=\"https:\/\/blogg.hiof.no\/skul\/files\/2019\/02\/SkuL-seminar-20.02.19-Nordahl-Hansen.pdf\">SkuL seminar 20.02.19 Nordahl-Hansen<\/a><\/li>\n<li>Fra ide til forskningsprosjekt\u00a0<a href=\"https:\/\/blogg.hiof.no\/skul\/files\/2018\/10\/Fra-ide-til-forskningsprosjekt-311018-web.pptx\">Fra ide til forskningsprosjekt 311018 web<\/a><\/li>\n<li>Hva er teori og hva kan vi bruke den til?\u00a0<a href=\"https:\/\/blogg.hiof.no\/skul\/files\/2018\/10\/Theory_norsk_2018-GeirAfdal.pptx\">Theory_norsk_2018 GeirAfdal<\/a><\/li>\n<li>Observasjon som vitenskapelig metode\u00a0<a href=\"https:\/\/blogg.hiof.no\/skul\/files\/2016\/12\/Observasjon-230517-Christensen-.pdf\">Observasjon 230517 Christensen<\/a><\/li>\n<li>\u00c5 gj\u00f8re og skrive &laquo;literature review&raquo;\u00a0<a href=\"https:\/\/blogg.hiof.no\/skul\/files\/2016\/12\/Pr\u00f8itz-Mausethagen-litteratur-review-25.04.17-Hi\u00d8.pdf\">Pr\u00f8itz Mausethagen litteratur review 25.04.17 Hi\u00d8<\/a><\/li>\n<li>Forskningsetikk v\/ Espen Schjetne og Hilde W. Afdal\u00a0<a href=\"https:\/\/blogg.hiof.no\/skul\/files\/2016\/12\/HI\u00d8-Forskningsetikk-2017.pdf\">HI\u00d8 Forskningsetikk 2017<\/a><\/li>\n<li>Finnish teachers&#8217; Professional role v\/Katriina Maaranen\u00a0<a href=\"https:\/\/blogg.hiof.no\/skul\/files\/2016\/12\/Teachers-Professional-Role-in-Finnish-Education-System.pdf\">Teachers&#8217; Professional Role in Finnish Education System<\/a><\/li>\n<li>Finnish Teacher Education v\/Katriina Maaranen\u00a0<a href=\"https:\/\/blogg.hiof.no\/skul\/files\/2016\/12\/Finnish-Teacher-Education_presentation-in-Halden.pdf\">Finnish Teacher Education_presentation in Halden<\/a><\/li>\n<li>Finansiera och utveckla forskning f\u00f6r storskalig f\u00f6rb\u00e4ttring klassrumsundervisning v\/Andreas Ryve\u00a0<a href=\"https:\/\/blogg.hiof.no\/skul\/files\/2016\/12\/Andreas-Ryve-22-feb-2017-Halden.pdf\">Andreas Ryve 22 feb 2017 &#8211; Halden<\/a><\/li>\n<li>INTERVENSJONSSTUDIER v\/Mette \u00a0Nordby\u00a0<a title=\"intervensjonsforkning-workshop-hio\" href=\"https:\/\/blogg.hiof.no\/skul\/files\/2017\/01\/intervensjonsforkning-workshop-hic3b8.pdf\">intervensjonsforkning-workshop-hio<\/a><\/li>\n<li>FORSKNINGSDESIGN v\/Geir Afdal:\u00a0<a title=\"kvalitative-forskningsdesign-hio-003\" href=\"https:\/\/blogg.hiof.no\/skul\/files\/2016\/12\/kvalitative-forskningsdesign-hic3b8-003.pptx\">kvalitative-forskningsdesign-<\/a><\/li>\n<li>ORIENTERING OM SKUL v\/Hilde Afdal\u00a0<a title=\"skul-presentasjon-25-05-16\" href=\"https:\/\/blogg.hiof.no\/skul\/files\/2016\/12\/skul-presentasjon-25-05-16.pptx\">skul-presentasjon-25-05-16<\/a><\/li>\n<li>BRUK AV TEORI I FORSKNING v\/Trine Anker\u00a0<a title=\"trine-anker-teori-i-forskning_halden\" href=\"https:\/\/blogg.hiof.no\/skul\/files\/2016\/12\/trine-anker-teori-i-forskning_halden.pptx\">teori-i-forskning<\/a><\/li>\n<\/ol>\n","protected":false},"excerpt":{"rendered":"<p>Litteraturoversikt i vitenskapelige artikler v\/ Hege Hermansen\u00a0Hege Hermansen litteratur review mars 2018 Kvantitative tekster og studier: en kort innf\u00f8ring v\/ Anders Nordahl-Hansen\u00a0SkuL seminar 20.02.19 Nordahl-Hansen Fra ide til forskningsprosjekt\u00a0Fra ide til forskningsprosjekt 311018 web Hva er teori og hva kan vi bruke den til?\u00a0Theory_norsk_2018 GeirAfdal Observasjon som vitenskapelig metode\u00a0Observasjon 230517 Christensen \u00c5 gj\u00f8re og skrive &hellip; <a href=\"https:\/\/blogg.hiof.no\/skul\/presentasjoner\/\" class=\"more-link\">Fortsett \u00e5 lese<span class=\"screen-reader-text\"> \u00abPresentasjoner\u00bb<\/span><\/a><\/p>\n","protected":false},"author":950,"featured_media":0,"parent":0,"menu_order":0,"comment_status":"closed","ping_status":"closed","template":"","meta":{"jetpack_post_was_ever_published":false,"footnotes":""},"class_list":["post-100","page","type-page","status-publish","hentry"],"jetpack_sharing_enabled":true,"jetpack_shortlink":"https:\/\/wp.me\/P8tVq0-1C","_links":{"self":[{"href":"https:\/\/blogg.hiof.no\/skul\/wp-json\/wp\/v2\/pages\/100","targetHints":{"allow":["GET"]}}],"collection":[{"href":"https:\/\/blogg.hiof.no\/skul\/wp-json\/wp\/v2\/pages"}],"about":[{"href":"https:\/\/blogg.hiof.no\/skul\/wp-json\/wp\/v2\/types\/page"}],"author":[{"embeddable":true,"href":"https:\/\/blogg.hiof.no\/skul\/wp-json\/wp\/v2\/users\/950"}],"replies":[{"embeddable":true,"href":"https:\/\/blogg.hiof.no\/skul\/wp-json\/wp\/v2\/comments?post=100"}],"version-history":[{"count":12,"href":"https:\/\/blogg.hiof.no\/skul\/wp-json\/wp\/v2\/pages\/100\/revisions"}],"predecessor-version":[{"id":1713,"href":"https:\/\/blogg.hiof.no\/skul\/wp-json\/wp\/v2\/pages\/100\/revisions\/1713"}],"wp:attachment":[{"href":"https:\/\/blogg.hiof.no\/skul\/wp-json\/wp\/v2\/media?parent=100"}],"curies":[{"name":"wp","href":"https:\/\/api.w.org\/{rel}","templated":true}]}}