{"id":251,"date":"2017-03-09T09:12:52","date_gmt":"2017-03-09T08:12:52","guid":{"rendered":"https:\/\/blogg.hiof.no\/skul\/?page_id=251"},"modified":"2017-03-10T10:22:19","modified_gmt":"2017-03-10T09:22:19","slug":"forside","status":"publish","type":"page","link":"https:\/\/blogg.hiof.no\/skul\/","title":{"rendered":"SKuL"},"content":{"rendered":"<div class=\"box_skul\">Dagens kunnskapssamfunn har omfattende forventninger til framtidige l\u00e6rere, noe som igjen krever forskningsbaserte og profesjonsrettede grunnskolel\u00e6rerutdanninger. Det overordnede m\u00e5let for satsingsomr\u00e5det er \u00e5 bidra med forskning som skal forberede og styrke de nye grunnskolel\u00e6rerutdanningene. Satsingsomr\u00e5det er avdelingsovergripende, og inkluderer forskere fra Avdeling for l\u00e6rerutdanning, Avdeling for \u00f8konomi, samfunnsfag og spr\u00e5k og Avdeling for informasjonsteknologi ved H\u00f8gskolen i \u00d8stfold.<\/div>\n<p><strong>Alle innlegg:<\/strong><\/p>\n<ul class=\"display-posts-listing\"><li class=\"listing-item\"><a class=\"title\" href=\"https:\/\/blogg.hiof.no\/skul\/2019\/10\/18\/after-skul-seminar-29-11-en-introduksjon-til-nyere-praksisteori\/\">After-SKuL seminar 29.11: En introduksjon til nyere praksisteori<\/a> <span class=\"date\">(10\/18\/2019)<\/span><\/li><li class=\"listing-item\"><a class=\"title\" href=\"https:\/\/blogg.hiof.no\/skul\/2019\/01\/14\/avslutningskonferanse-skul-12-06-2019\/\">Avslutningskonferanse SKuL 12.06. 2019<\/a> <span class=\"date\">(1\/14\/2019)<\/span><\/li><li class=\"listing-item\"><a class=\"title\" href=\"https:\/\/blogg.hiof.no\/skul\/2019\/01\/14\/skul-seminar-19-03-a-skrive-litteraturoversikt-i-vitenskapelige-artikler\/\">SKuL seminar 19.03: \u00c5 skrive litteraturoversikt i vitenskapelige artikler<\/a> <span class=\"date\">(1\/14\/2019)<\/span><\/li><li class=\"listing-item\"><a class=\"title\" href=\"https:\/\/blogg.hiof.no\/skul\/2019\/01\/14\/skul-seminar-20-02-lesing-av-kvantitative-tekster\/\">SKuL seminar 20.02: Lesing av kvantitative tekster<\/a> <span class=\"date\">(1\/14\/2019)<\/span><\/li><li class=\"listing-item\"><a class=\"title\" href=\"https:\/\/blogg.hiof.no\/skul\/2018\/11\/23\/skul-seminar-7-desember-kl-9-15\/\">SKuL seminar 7. desember, kl. 9-14<\/a> <span class=\"date\">(11\/23\/2018)<\/span><\/li><li class=\"listing-item\"><a class=\"title\" href=\"https:\/\/blogg.hiof.no\/skul\/2018\/09\/07\/skul-seminar-14-november-kl-11-30-15-valg-og-bruk-av-metode-i-empirisk-forskning\/\">SKuL SEMINAR 14. november, kl. 11.30-15: Valg og bruk av metode i empirisk forskning<\/a> <span class=\"date\">(9\/7\/2018)<\/span><\/li><li class=\"listing-item\"><a class=\"title\" href=\"https:\/\/blogg.hiof.no\/skul\/2018\/08\/31\/skul-seminar-31-oktober-2018-fra-ide-til-forskningsprosjekt-om-a-komme-i-gang-med-forskning\/\">SKuL SEMINAR 31. oktober 2018 : Fra id\u00e9 til forskningsprosjekt &#8211; om \u00e5 komme i gang med forskning<\/a> <span class=\"date\">(8\/31\/2018)<\/span><\/li><li class=\"listing-item\"><a class=\"title\" href=\"https:\/\/blogg.hiof.no\/skul\/2018\/08\/17\/hva-er-en-teori-og-hva-skal-vi-med-den-om-teori-og-teoretisering-i-empirisk-forskning\/\">SEMINAR 10. oktober 2018: Hva er en teori og hva skal vi med den? Om teori og teoretisering i empirisk forskning.<\/a> <span class=\"date\">(8\/17\/2018)<\/span><\/li><li class=\"listing-item\"><a class=\"title\" href=\"https:\/\/blogg.hiof.no\/skul\/2017\/10\/19\/hvordan-far-jeg-publisert-forskningen-min\/\">SEMINAR  24 nov: Hvordan f\u00e5r jeg publisert forskningen min?<\/a> <span class=\"date\">(10\/19\/2017)<\/span><\/li><li class=\"listing-item\"><a class=\"title\" href=\"https:\/\/blogg.hiof.no\/skul\/2017\/09\/04\/mote-skul-fredag-26-september-kl-1330-1500\/\">M\u00f8te SKuL tirsdag 26. september kl 1330-1500<\/a> <span class=\"date\">(9\/4\/2017)<\/span><\/li><li class=\"listing-item\"><a class=\"title\" href=\"https:\/\/blogg.hiof.no\/skul\/2017\/05\/16\/skul-seminar-presentasjons-av-arbeider-i-satsingsomradet\/\">SKuL seminar &#8211; presentasjons av arbeider i satsingsomr\u00e5det<\/a> <span class=\"date\">(5\/16\/2017)<\/span><\/li><li class=\"listing-item\"><a class=\"title\" href=\"https:\/\/blogg.hiof.no\/skul\/2017\/02\/11\/kommer-i-mai-observasjon-som-vitenskapelig-metode\/\">SKuL seminar: Observasjon som vitenskapelig metode, 23. 05, 11.30-15.00:<\/a> <span class=\"date\">(2\/11\/2017)<\/span><\/li><li class=\"listing-item\"><a class=\"title\" href=\"https:\/\/blogg.hiof.no\/skul\/2017\/02\/11\/kommer-hvordan-skrive-literature-review-seminar-med-forsteamanuensisene-solvie-mausethagen-hioa-og-tine-proitz-hsn\/\">SKuL seminar: Hvordan gj\u00f8re og skrive en systematisk&raquo;literature review&raquo;. 25.04, 11.30-15<\/a> <span class=\"date\">(2\/11\/2017)<\/span><\/li><li class=\"listing-item\"><a class=\"title\" href=\"https:\/\/blogg.hiof.no\/skul\/2017\/02\/09\/nysgjerrig-pa-finsk-laererutdanning-velkommen-til-seminar-med-professor-katriina-maaranen-fra-universitetet-i-helsinki\/\">Nysgjerrig p\u00e5 finsk l\u00e6rerutdanning? Velkommen til seminar med professor Katriina Maaranen fra Universitetet i Helsinki<\/a> <span class=\"date\">(2\/9\/2017)<\/span><\/li><li class=\"listing-item\"><a class=\"title\" href=\"https:\/\/blogg.hiof.no\/skul\/2017\/01\/23\/bli-kjent-med-andreas-ryve-professor-i-matematikkdidaktikk-22-2-9-11-3o\/\">Bli kjent med Andreas Ryve &#8211; professor i matematikkdidaktikk 22.2, 9-12.3o<\/a> <span class=\"date\">(1\/23\/2017)<\/span><\/li><li class=\"listing-item\"><a class=\"title\" href=\"https:\/\/blogg.hiof.no\/skul\/2017\/01\/13\/seminar-om-forskningsetikk\/\">Seminar om forskningsetikk<\/a> <span class=\"date\">(1\/13\/2017)<\/span><\/li><li class=\"listing-item\"><a class=\"title\" href=\"https:\/\/blogg.hiof.no\/skul\/2016\/12\/15\/skul-seminar-varen-2017-blir-13-juni\/\">SKuL seminar v\u00e5ren 2017 blir 13. juni!<\/a> <span class=\"date\">(12\/15\/2016)<\/span><\/li><li class=\"listing-item\"><a class=\"title\" href=\"https:\/\/blogg.hiof.no\/skul\/2016\/12\/09\/introduksjonskurs-nvivo-7-februar-2017-9-15\/\">Introduksjonskurs NVivo 7. februar 2017, 9-15, rom E1-041<\/a> <span class=\"date\">(12\/9\/2016)<\/span><\/li><li class=\"listing-item\"><a class=\"title\" href=\"https:\/\/blogg.hiof.no\/skul\/2016\/12\/06\/skul-seminar-15-12-16\/\">SKuL seminar 15.12.16<\/a> <span class=\"date\">(12\/6\/2016)<\/span><\/li><li class=\"listing-item\"><a class=\"title\" href=\"https:\/\/blogg.hiof.no\/skul\/2016\/12\/06\/aktiviteter-i-2016\/\">Aktiviteter i 2016 &#8211; oppsummert<\/a> <span class=\"date\">(12\/6\/2016)<\/span><\/li><li class=\"listing-item\"><a class=\"title\" href=\"https:\/\/blogg.hiof.no\/skul\/2016\/12\/06\/gjennomforte-aktiviteter-i-2015\/\">Gjennomf\u00f8rte aktiviteter i 2015<\/a> <span class=\"date\">(12\/6\/2016)<\/span><\/li><\/ul>\n","protected":false},"excerpt":{"rendered":"<p>Dagens kunnskapssamfunn har omfattende forventninger til framtidige l\u00e6rere, noe som igjen krever forskningsbaserte og profesjonsrettede grunnskolel\u00e6rerutdanninger. Det overordnede m\u00e5let for satsingsomr\u00e5det er \u00e5 bidra med forskning som skal forberede og styrke de nye grunnskolel\u00e6rerutdanningene. Satsingsomr\u00e5det er avdelingsovergripende, og inkluderer forskere fra Avdeling for l\u00e6rerutdanning, Avdeling for \u00f8konomi, samfunnsfag og spr\u00e5k og Avdeling for informasjonsteknologi ved &hellip; <a href=\"https:\/\/blogg.hiof.no\/skul\/2016\/12\/06\/gjennomforte-aktiviteter-i-2015\/\" class=\"more-link\">Fortsett \u00e5 lese<span class=\"screen-reader-text\"> \u00abGjennomf\u00f8rte aktiviteter i 2015\u00bb<\/span><\/a><\/p>\n","protected":false},"author":267,"featured_media":0,"parent":0,"menu_order":0,"comment_status":"closed","ping_status":"closed","template":"","meta":{"jetpack_post_was_ever_published":false,"footnotes":""},"class_list":["post-251","page","type-page","status-publish","hentry"],"jetpack_sharing_enabled":true,"jetpack_shortlink":"https:\/\/wp.me\/P8tVq0-43","_links":{"self":[{"href":"https:\/\/blogg.hiof.no\/skul\/wp-json\/wp\/v2\/pages\/251","targetHints":{"allow":["GET"]}}],"collection":[{"href":"https:\/\/blogg.hiof.no\/skul\/wp-json\/wp\/v2\/pages"}],"about":[{"href":"https:\/\/blogg.hiof.no\/skul\/wp-json\/wp\/v2\/types\/page"}],"author":[{"embeddable":true,"href":"https:\/\/blogg.hiof.no\/skul\/wp-json\/wp\/v2\/users\/267"}],"replies":[{"embeddable":true,"href":"https:\/\/blogg.hiof.no\/skul\/wp-json\/wp\/v2\/comments?post=251"}],"version-history":[{"count":35,"href":"https:\/\/blogg.hiof.no\/skul\/wp-json\/wp\/v2\/pages\/251\/revisions"}],"predecessor-version":[{"id":301,"href":"https:\/\/blogg.hiof.no\/skul\/wp-json\/wp\/v2\/pages\/251\/revisions\/301"}],"wp:attachment":[{"href":"https:\/\/blogg.hiof.no\/skul\/wp-json\/wp\/v2\/media?parent=251"}],"curies":[{"name":"wp","href":"https:\/\/api.w.org\/{rel}","templated":true}]}}