{"id":35,"date":"2016-12-06T13:20:48","date_gmt":"2016-12-06T13:20:48","guid":{"rendered":"https:\/\/skul946.wordpress.com\/?page_id=35"},"modified":"2018-03-21T13:40:50","modified_gmt":"2018-03-21T12:40:50","slug":"about","status":"publish","type":"page","link":"https:\/\/blogg.hiof.no\/skul\/about\/","title":{"rendered":"Om SKuL"},"content":{"rendered":"<h3><strong>SKuL \u2013 Skole, kunnskap &amp; l\u00e6rerutdanning<\/strong><\/h3>\n<p>Dagens kunnskapssamfunn har omfattende forventninger til framtidige l\u00e6rere, noe som igjen krever forskningsbaserte og profesjonsrettede grunnskolel\u00e6rerutdanninger. Det overordnede m\u00e5let for satsingsomr\u00e5det er \u00e5 bidra med forskning som skal forberede og styrke de nye grunnskolel\u00e6rerutdanningene. Satsingsomr\u00e5det er avdelingsovergripende, og inkluderer forskere fra Avdeling for l\u00e6rerutdanning, Avdeling for \u00f8konomi, samfunnsfag og spr\u00e5k og Avdeling for informasjonsteknologi ved H\u00f8gskolen i \u00f8stfold.<\/p>\n<p>Den overordnede problemstillingen for satsingsomr\u00e5det er:<\/p>\n<p><em>Hvordan kan fag, fagdidaktikk, pedagogikk, profesjons- og forskningsorientering bidra til \u00e5 styrke kunnskapsutvikling i skole og grunnskolel\u00e6rerutdanning?<\/em><\/p>\n<p>Valget av en slik bred problemstilling er n\u00f8dvendig siden kunnskapsutvikling for en 5-\u00e5rig grunnskolel\u00e6rerutdanning m\u00e5 g\u00e5 p\u00e5 tvers av fagdisipliner og forskningstradisjoner. Gitt at grunnskolel\u00e6rerutdanning fordrer en kompleks integrering av fag, fagdidaktikk, pedagogikk og praksis, m\u00e5 forskningen som skal ligge til grunn for utdanningen, v\u00e6re tverrfaglig.<\/p>\n<p>Satsingsomr\u00e5det organisert i tre \u00abarbeidspakker\u00bb (WP 1-3) med hvert sitt sett av forskningssp\u00f8rsm\u00e5l og delprosjekter. I disse arbeidspakkene konkretiseres og operasjonaliseres ogs\u00e5 den brede overordnede problemstillingen. Hver arbeidspakke er igjen delt inn i tre deler:<\/p>\n<table>\n<tbody>\n<tr>\n<td width=\"205\"><strong>WP1: Realfag\/matematikk<\/strong><\/td>\n<\/tr>\n<tr>\n<td width=\"205\">WP 1.1 L\u00e6rernes og grunnskolel\u00e6rerstudentenes kunnskapstilegnelse i matematikk<\/td>\n<\/tr>\n<tr>\n<td width=\"205\">WP 1.2 L\u00e6rerstudenter implementerer naturvitenskapelig tenke- og arbeidsm\u00e5te i praksis<\/td>\n<\/tr>\n<tr>\n<td width=\"205\">WP 1.3 Programmering som fag og pedagogisk verkt\u00f8y i grunnskolen<\/td>\n<\/tr>\n<\/tbody>\n<\/table>\n<table>\n<tbody>\n<tr>\n<td width=\"205\"><strong>WP2: Spr\u00e5kdidaktikk<\/strong><\/td>\n<\/tr>\n<tr>\n<td width=\"205\">WP 2.1 Spr\u00e5k i skolen<\/td>\n<\/tr>\n<tr>\n<td width=\"205\">WP 2.2 Flerspr\u00e5klighet og andrespr\u00e5kstilegnelse<\/td>\n<\/tr>\n<tr>\n<td width=\"205\">WP 2.3 Spr\u00e5k, litteratur, kultur og samfunn<\/td>\n<\/tr>\n<\/tbody>\n<\/table>\n<table>\n<tbody>\n<tr>\n<td width=\"205\"><strong>WP3: Kunnskapsprosesser<\/strong><\/td>\n<\/tr>\n<tr>\n<td width=\"205\">WP 3.1 Profesjonskunnskap i endring &#8211; innhold, kvalitet og effektivitet av norsk (l\u00e6rer)utdanning<\/td>\n<\/tr>\n<tr>\n<td width=\"205\">WP 3.2 Forskningsbasert l\u00e6rerutdanning<\/td>\n<\/tr>\n<tr>\n<td width=\"205\">WP 3.3 Arbeidsm\u00e5ter i ny l\u00e6rerutdanning: samarbeid og samhandling mellom l\u00e6rerutdanning og praksisfelt<\/td>\n<\/tr>\n<\/tbody>\n<\/table>\n<p>Satsingsomr\u00e5det har som m\u00e5l \u00e5 utvikle en infrastruktur og en nettverksorganisering som kan gj\u00f8re forskere ved HI\u00d8 i stand til \u00e5 integrere, syntetisere og videreutvikle forskningsfeltet. Organisering av satsingsomr\u00e5det vil skape m\u00f8teplasser hvor de ulike prosjektene ogs\u00e5 treffes p\u00e5 tvers av arbeidspakkene.\u00a0 Dette kan igjen gj\u00f8re det mulig \u00e5 utvikle nye flerfaglige prosjekter og \u00e5 se forbindelser mellom fagomr\u00e5dene som er representert i satsingsomr\u00e5det.<\/p>\n<h3><\/h3>\n<h3><strong>Kjernedeltakere<\/strong><\/h3>\n<p><strong>WP 1: Realfag\/matematikk<\/strong><\/p>\n<ul>\n<li>F\u00f8rsteamanuensis Odd Tore Kaufmann (leder); LU<\/li>\n<li>F\u00f8rsteamanuensis Camilla B. Halstvedt, LU<\/li>\n<li>F\u00f8rstelektor Marianne Maugesten, LU<\/li>\n<li>H\u00f8yskolelektor Monica Nordbakke, LU<\/li>\n<li>F\u00f8rstelektor Jan H\u00f8iberg, IT<\/li>\n<li>F\u00f8rsteamanuensis Harald Holone, IT<\/li>\n<li>Stipendiat Sanna Erika Forsstr\u00f6m, IT\/LU<\/li>\n<li>Stipendiat Hege Marie Poulaki Mandt, LU<\/li>\n<\/ul>\n<p>&nbsp;<\/p>\n<p><strong>WP 2: Spr\u00e5k, kultur og litteratur<\/strong><\/p>\n<ul>\n<li>F\u00f8rsteamanuensis \u00c5shild S\u00f8fteland (leder), LU<\/li>\n<li>F\u00f8rstelektor Camilla Bj\u00f8rke (leder), \u00d8SS<\/li>\n<li>Dosent Arnstein Hjelde, LU<\/li>\n<li>F\u00f8rsteamanuensis Karine Stjernholm, LU<\/li>\n<li>F\u00f8rsteamanuensis Kristin Hagemann, \u00d8SS<\/li>\n<li>F\u00f8rsteamanuensis Marcus Axelsson, LU<\/li>\n<li>Stipendiat Gro Anita Myklevold v\/USN, tilknytta \u00d8SS<\/li>\n<li>Stipendiat Linda Evenstad Emilsen, LU<\/li>\n<\/ul>\n<p>&nbsp;<\/p>\n<p><strong>WP 3: Kunnskapsprosesser i grunnskole og grunnskolel\u00e6rerutdanning<\/strong><\/p>\n<ul>\n<li>F\u00f8rsteamanuensis Hilde Afdal (leder), LU<\/li>\n<li>Dosent Rolf Baltzersen, LU<\/li>\n<li>Professor Roger Str\u00e4ng; LU<\/li>\n<li>F\u00f8rsteamanuensis Fred Carlo Andersen, LU<\/li>\n<li>Dosent Roald Jensen, LU<\/li>\n<li>F\u00f8rstelektor Kari Spernes, LU<\/li>\n<li>H\u00f8gskolelektor Reidunn Hoff-Jensen<\/li>\n<\/ul>\n<p>&nbsp;<\/p>\n","protected":false},"excerpt":{"rendered":"<p>SKuL \u2013 Skole, kunnskap &amp; l\u00e6rerutdanning Dagens kunnskapssamfunn har omfattende forventninger til framtidige l\u00e6rere, noe som igjen krever forskningsbaserte og profesjonsrettede grunnskolel\u00e6rerutdanninger. Det overordnede m\u00e5let for satsingsomr\u00e5det er \u00e5 bidra med forskning som skal forberede og styrke de nye grunnskolel\u00e6rerutdanningene. Satsingsomr\u00e5det er avdelingsovergripende, og inkluderer forskere fra Avdeling for l\u00e6rerutdanning, Avdeling for \u00f8konomi, samfunnsfag og &hellip; <a href=\"https:\/\/blogg.hiof.no\/skul\/about\/\" class=\"more-link\">Fortsett \u00e5 lese<span class=\"screen-reader-text\"> \u00abOm SKuL\u00bb<\/span><\/a><\/p>\n","protected":false},"author":950,"featured_media":0,"parent":0,"menu_order":0,"comment_status":"closed","ping_status":"closed","template":"","meta":{"jetpack_post_was_ever_published":false,"footnotes":""},"class_list":["post-35","page","type-page","status-publish","hentry"],"jetpack_sharing_enabled":true,"jetpack_shortlink":"https:\/\/wp.me\/P8tVq0-z","_links":{"self":[{"href":"https:\/\/blogg.hiof.no\/skul\/wp-json\/wp\/v2\/pages\/35","targetHints":{"allow":["GET"]}}],"collection":[{"href":"https:\/\/blogg.hiof.no\/skul\/wp-json\/wp\/v2\/pages"}],"about":[{"href":"https:\/\/blogg.hiof.no\/skul\/wp-json\/wp\/v2\/types\/page"}],"author":[{"embeddable":true,"href":"https:\/\/blogg.hiof.no\/skul\/wp-json\/wp\/v2\/users\/950"}],"replies":[{"embeddable":true,"href":"https:\/\/blogg.hiof.no\/skul\/wp-json\/wp\/v2\/comments?post=35"}],"version-history":[{"count":5,"href":"https:\/\/blogg.hiof.no\/skul\/wp-json\/wp\/v2\/pages\/35\/revisions"}],"predecessor-version":[{"id":664,"href":"https:\/\/blogg.hiof.no\/skul\/wp-json\/wp\/v2\/pages\/35\/revisions\/664"}],"wp:attachment":[{"href":"https:\/\/blogg.hiof.no\/skul\/wp-json\/wp\/v2\/media?parent=35"}],"curies":[{"name":"wp","href":"https:\/\/api.w.org\/{rel}","templated":true}]}}