{"id":58,"date":"2023-02-08T15:45:56","date_gmt":"2023-02-08T14:45:56","guid":{"rendered":"https:\/\/blogg.hiof.no\/v23ipling13\/?page_id=58"},"modified":"2023-02-08T15:45:56","modified_gmt":"2023-02-08T14:45:56","slug":"kontakt-meg","status":"publish","type":"page","link":"https:\/\/blogg.hiof.no\/v23ipling13\/kontakt-meg\/","title":{"rendered":"Kontakt meg"},"content":{"rendered":"<p>Epost:<\/p>\n<p>Prosjektleder J. J\u00f8rgen F. S\u00e6ves<\/p>\n<p>jjsaeves@hiof.no<\/p>\n<p>&nbsp;<\/p>\n<p>Daglig leder Kristoffer L. \u00d8pstad:<\/p>\n<p>&nbsp;<\/p>\n<p>kristoffer@creationcreates.com<img loading=\"lazy\" decoding=\"async\" class=\"wp-image-23 alignright\" src=\"https:\/\/blogg.hiof.no\/v23ipling13\/files\/2023\/02\/CC-AS-logo-stor-clean-300x214.png\" alt=\"\" width=\"252\" height=\"180\" srcset=\"https:\/\/blogg.hiof.no\/v23ipling13\/files\/2023\/02\/CC-AS-logo-stor-clean-300x214.png 300w, https:\/\/blogg.hiof.no\/v23ipling13\/files\/2023\/02\/CC-AS-logo-stor-clean-1024x731.png 1024w, https:\/\/blogg.hiof.no\/v23ipling13\/files\/2023\/02\/CC-AS-logo-stor-clean-768x548.png 768w, https:\/\/blogg.hiof.no\/v23ipling13\/files\/2023\/02\/CC-AS-logo-stor-clean-1536x1097.png 1536w, https:\/\/blogg.hiof.no\/v23ipling13\/files\/2023\/02\/CC-AS-logo-stor-clean-2048x1463.png 2048w\" sizes=\"auto, (max-width: 252px) 100vw, 252px\" \/><\/p>\n","protected":false},"excerpt":{"rendered":"<p>Epost: Prosjektleder J. J\u00f8rgen F. S\u00e6ves jjsaeves@hiof.no &nbsp; Daglig leder Kristoffer L. \u00d8pstad: &nbsp; kristoffer@creationcreates.com<\/p>\n","protected":false},"author":2148,"featured_media":0,"parent":0,"menu_order":0,"comment_status":"closed","ping_status":"closed","template":"","meta":{"footnotes":""},"class_list":["post-58","page","type-page","status-publish","hentry"],"_links":{"self":[{"href":"https:\/\/blogg.hiof.no\/v23ipling13\/wp-json\/wp\/v2\/pages\/58","targetHints":{"allow":["GET"]}}],"collection":[{"href":"https:\/\/blogg.hiof.no\/v23ipling13\/wp-json\/wp\/v2\/pages"}],"about":[{"href":"https:\/\/blogg.hiof.no\/v23ipling13\/wp-json\/wp\/v2\/types\/page"}],"author":[{"embeddable":true,"href":"https:\/\/blogg.hiof.no\/v23ipling13\/wp-json\/wp\/v2\/users\/2148"}],"replies":[{"embeddable":true,"href":"https:\/\/blogg.hiof.no\/v23ipling13\/wp-json\/wp\/v2\/comments?post=58"}],"version-history":[{"count":1,"href":"https:\/\/blogg.hiof.no\/v23ipling13\/wp-json\/wp\/v2\/pages\/58\/revisions"}],"predecessor-version":[{"id":59,"href":"https:\/\/blogg.hiof.no\/v23ipling13\/wp-json\/wp\/v2\/pages\/58\/revisions\/59"}],"wp:attachment":[{"href":"https:\/\/blogg.hiof.no\/v23ipling13\/wp-json\/wp\/v2\/media?parent=58"}],"curies":[{"name":"wp","href":"https:\/\/api.w.org\/{rel}","templated":true}]}}