{"id":61,"date":"2023-02-08T23:18:37","date_gmt":"2023-02-08T22:18:37","guid":{"rendered":"https:\/\/blogg.hiof.no\/v23ipling13\/?page_id=61"},"modified":"2023-02-08T23:40:59","modified_gmt":"2023-02-08T22:40:59","slug":"om-meg","status":"publish","type":"page","link":"https:\/\/blogg.hiof.no\/v23ipling13\/om-meg\/","title":{"rendered":"OM MEG"},"content":{"rendered":"<p>Navn: Johann J\u00f8rgen Fredriksen S\u00e6ves &#8211; Johann etter sk\u00f8yte-legenden Johann Olav Koss. Hverdagslig bruker jeg kun J\u00f8rgen og det er det navnet de fleste kjenner meg som. Jeg er 28 \u00e5r og bosatt i Indre \u00d8stfold.<\/p>\n<p>Student: In<img loading=\"lazy\" decoding=\"async\" class=\"size-medium wp-image-65 alignleft\" src=\"https:\/\/blogg.hiof.no\/v23ipling13\/files\/2023\/02\/promo7-195x300.jpg\" alt=\"\" width=\"195\" height=\"300\" srcset=\"https:\/\/blogg.hiof.no\/v23ipling13\/files\/2023\/02\/promo7-195x300.jpg 195w, https:\/\/blogg.hiof.no\/v23ipling13\/files\/2023\/02\/promo7-665x1024.jpg 665w, https:\/\/blogg.hiof.no\/v23ipling13\/files\/2023\/02\/promo7-768x1182.jpg 768w, https:\/\/blogg.hiof.no\/v23ipling13\/files\/2023\/02\/promo7-998x1536.jpg 998w, https:\/\/blogg.hiof.no\/v23ipling13\/files\/2023\/02\/promo7-1331x2048.jpg 1331w, https:\/\/blogg.hiof.no\/v23ipling13\/files\/2023\/02\/promo7-scaled.jpg 1664w\" sizes=\"auto, (max-width: 195px) 100vw, 195px\" \/>novasjon og Prosjektledelse p\u00e5 H\u00f8gskolen i \u00d8stfold, avdeling Fredrikstad.<\/p>\n<p>Etter en lang og noks\u00e5 god sk\u00f8yte-karriere tok jeg sjansen og s\u00f8kte p\u00e5 denne linjen akkurat i det covid begynte \u00e5 blusse opp for alvor. Man kan vel si at jeg aldri har sett meg tilbake.<\/p>\n<p>Som en del av Innovasjon og Prosjektledelse har jeg f\u00e5tt spille p\u00e5 alle de styrkene jeg har. Jeg har for eksempel nytt godt av lang og bred erfaring fra toppidretten der jeg har arbeidet mye i team og under ulike styresett. Og fra ungdomspolitikk der jeg har pitchet og debattert.<\/p>\n<p>Foreleserne hos Innovasjon og Prosjektledelse er eksperter p\u00e5 \u00e5 introdusere deg for verkt\u00f8y som \u00e5pner d\u00f8rer. Og undervisningen er lagt opp p\u00e5 en m\u00e5te som gj\u00f8r at du raskt begynner \u00e5 oppdage styrker og svakheter hos deg selv n\u00e5r du jobber i ulike team.<\/p>\n<p>Jeg brenner for en middelvei mellom gr\u00fcndervirksomhet og prosjektledelse. Kreativitet faller meg naturlig, og jeg tar ansvar n\u00e5r det skal presenteres noe p\u00e5 b\u00e5de sm\u00e5 og store arenaer.<\/p>\n<p>Jeg liker \u00e5 analysere situasjoner og mange vil nok beskrive meg som en stille leder, p\u00e5 tross av at jeg ofte st\u00e5r i sentrum n\u00e5r jeg f\u00f8rst tar ordet. Jeg liker \u00e5 leke med helheter og bygge sammen en st\u00f8rre forst\u00e5else av prosesser. Gode prosesser skaper gode resultater.<\/p>\n<p>&nbsp;<\/p>\n<p>Jeg b\u00e5de gleder meg og gruer meg til \u00e5 komme i m\u00e5l.<\/p>\n<p><img loading=\"lazy\" decoding=\"async\" class=\"size-medium wp-image-67 alignleft\" style=\"font-size: 16px\" src=\"https:\/\/blogg.hiof.no\/v23ipling13\/files\/2023\/02\/Sving-300x200.jpg\" alt=\"\" width=\"300\" height=\"200\" srcset=\"https:\/\/blogg.hiof.no\/v23ipling13\/files\/2023\/02\/Sving-300x200.jpg 300w, https:\/\/blogg.hiof.no\/v23ipling13\/files\/2023\/02\/Sving-1024x683.jpg 1024w, https:\/\/blogg.hiof.no\/v23ipling13\/files\/2023\/02\/Sving-768x512.jpg 768w, https:\/\/blogg.hiof.no\/v23ipling13\/files\/2023\/02\/Sving-1536x1024.jpg 1536w, https:\/\/blogg.hiof.no\/v23ipling13\/files\/2023\/02\/Sving-2048x1365.jpg 2048w\" sizes=\"auto, (max-width: 300px) 100vw, 300px\" \/><\/p>\n<p>J\u00f8rgen<\/p>\n","protected":false},"excerpt":{"rendered":"<p>Navn: Johann J\u00f8rgen Fredriksen S\u00e6ves &#8211; Johann etter sk\u00f8yte-legenden Johann Olav Koss. Hverdagslig bruker jeg kun J\u00f8rgen og det er det navnet de fleste kjenner meg som. Jeg er 28 \u00e5r og bosatt i Indre \u00d8stfold. Student: Innovasjon og Prosjektledelse &hellip; <a href=\"https:\/\/blogg.hiof.no\/v23ipling13\/om-meg\/\">Les videre <span class=\"meta-nav\">&rarr;<\/span><\/a><\/p>\n","protected":false},"author":2148,"featured_media":0,"parent":0,"menu_order":0,"comment_status":"closed","ping_status":"closed","template":"","meta":{"footnotes":""},"class_list":["post-61","page","type-page","status-publish","hentry"],"_links":{"self":[{"href":"https:\/\/blogg.hiof.no\/v23ipling13\/wp-json\/wp\/v2\/pages\/61","targetHints":{"allow":["GET"]}}],"collection":[{"href":"https:\/\/blogg.hiof.no\/v23ipling13\/wp-json\/wp\/v2\/pages"}],"about":[{"href":"https:\/\/blogg.hiof.no\/v23ipling13\/wp-json\/wp\/v2\/types\/page"}],"author":[{"embeddable":true,"href":"https:\/\/blogg.hiof.no\/v23ipling13\/wp-json\/wp\/v2\/users\/2148"}],"replies":[{"embeddable":true,"href":"https:\/\/blogg.hiof.no\/v23ipling13\/wp-json\/wp\/v2\/comments?post=61"}],"version-history":[{"count":3,"href":"https:\/\/blogg.hiof.no\/v23ipling13\/wp-json\/wp\/v2\/pages\/61\/revisions"}],"predecessor-version":[{"id":68,"href":"https:\/\/blogg.hiof.no\/v23ipling13\/wp-json\/wp\/v2\/pages\/61\/revisions\/68"}],"wp:attachment":[{"href":"https:\/\/blogg.hiof.no\/v23ipling13\/wp-json\/wp\/v2\/media?parent=61"}],"curies":[{"name":"wp","href":"https:\/\/api.w.org\/{rel}","templated":true}]}}