{"id":9,"date":"2023-01-26T16:46:39","date_gmt":"2023-01-26T15:46:39","guid":{"rendered":"https:\/\/blogg.hiof.no\/v23ipling13\/?page_id=9"},"modified":"2023-01-26T16:46:39","modified_gmt":"2023-01-26T15:46:39","slug":"creation-creates-som-arbeidsgiver","status":"publish","type":"page","link":"https:\/\/blogg.hiof.no\/v23ipling13\/creation-creates-som-arbeidsgiver\/","title":{"rendered":"Creation Creates som arbeidsgiver"},"content":{"rendered":"<h2>Bedriftspraksis 2022<\/h2>\n<p>H\u00f8sten 2022 var jeg i bedriftspraksis hos Creation Creates as.<\/p>\n<p>&nbsp;<\/p>\n<p>Under praksistiden forholdte jeg meg til daglig leder i Creation Creates Kristoffer L. \u00d8pstad. Han fungerer som en slags veileder\/mentor. Han deler av sin erfaring og veileder p\u00e5 en m\u00e5te som gj\u00f8r at jeg tilegner meg ny kunnskap hele veien gjennom samarbeidet.<\/p>\n<p>&nbsp;<\/p>\n<h2><strong>Hvem er Creation Creates?<\/strong><\/h2>\n<p>Creation Creates er en startup lokalisert I Fredrikstad. Dette er en startup som jobber med \u00e5 tilf\u00f8re samfunnet verdi gjennom innovasjon. Det \u00e5 skape noe nytt til verdi for samfunnet. Bedriften peker p\u00e5 at samfunnet er ufullstendig, og at stadig kreves nye bedre l\u00f8sninger.<\/p>\n<h2><\/h2>\n<h2>Bedriftens organisering:<\/h2>\n<p>Creation Creates er en liten start up med store dr\u00f8mmer.<\/p>\n<p>Bedriften spesialiserer seg innenfor \u00e5 innovere til fellesskapets beste. Fokuset er p\u00e5 menneskevennlig teknologi, og dermed fors\u00f8ker bedriften \u00e5 bidra til \u00e5 styrke menneskers hverdagslige opplevelser, enten det er innen utdanning, familieliv, treningsbransjen eller i grunn hva som helst annet.<\/p>\n<p>&nbsp;<\/p>\n<h2>Bedriftens verdigrunnlag:<\/h2>\n<p>Creation Creates tror p\u00e5 \u00e5 skape bedre l\u00f8sninger med mer verdi.<\/p>\n<p>Med bakgrunn i f\u00f8lelser om at livet ikke alltid f\u00f8les like bra som det kan v\u00e6re, s\u00e5 \u00f8nsker bedriften \u00e5 innovere p\u00e5 \u00abinnsiden\u00bb og konsultere p\u00e5 \u00abutsiden\u00bb av der innovasjonsprosessen foreg\u00e5r.<\/p>\n<p>Bedriften fors\u00f8ker \u00e5 praktisere en fremgangsm\u00e5te hvor man kombinerer etiske praksiser og b\u00e6rekraftig tankegang med gjennomf\u00f8rte gode businessplaner og bedriftskulturer som f\u00e5r det beste ut av hele systemet. Ved interesse kan man lese mer om bedriften p\u00e5 <a href=\"https:\/\/www.creationcreates.com\/about\">https:\/\/www.creationcreates.com\/about<\/a>.<\/p>\n<p>&nbsp;<\/p>\n<p>&nbsp;<\/p>\n","protected":false},"excerpt":{"rendered":"<p>Bedriftspraksis 2022 H\u00f8sten 2022 var jeg i bedriftspraksis hos Creation Creates as. &nbsp; Under praksistiden forholdte jeg meg til daglig leder i Creation Creates Kristoffer L. \u00d8pstad. Han fungerer som en slags veileder\/mentor. Han deler av sin erfaring og veileder &hellip; <a href=\"https:\/\/blogg.hiof.no\/v23ipling13\/creation-creates-som-arbeidsgiver\/\">Les videre <span class=\"meta-nav\">&rarr;<\/span><\/a><\/p>\n","protected":false},"author":2148,"featured_media":0,"parent":0,"menu_order":0,"comment_status":"closed","ping_status":"closed","template":"","meta":{"footnotes":""},"class_list":["post-9","page","type-page","status-publish","hentry"],"_links":{"self":[{"href":"https:\/\/blogg.hiof.no\/v23ipling13\/wp-json\/wp\/v2\/pages\/9","targetHints":{"allow":["GET"]}}],"collection":[{"href":"https:\/\/blogg.hiof.no\/v23ipling13\/wp-json\/wp\/v2\/pages"}],"about":[{"href":"https:\/\/blogg.hiof.no\/v23ipling13\/wp-json\/wp\/v2\/types\/page"}],"author":[{"embeddable":true,"href":"https:\/\/blogg.hiof.no\/v23ipling13\/wp-json\/wp\/v2\/users\/2148"}],"replies":[{"embeddable":true,"href":"https:\/\/blogg.hiof.no\/v23ipling13\/wp-json\/wp\/v2\/comments?post=9"}],"version-history":[{"count":1,"href":"https:\/\/blogg.hiof.no\/v23ipling13\/wp-json\/wp\/v2\/pages\/9\/revisions"}],"predecessor-version":[{"id":10,"href":"https:\/\/blogg.hiof.no\/v23ipling13\/wp-json\/wp\/v2\/pages\/9\/revisions\/10"}],"wp:attachment":[{"href":"https:\/\/blogg.hiof.no\/v23ipling13\/wp-json\/wp\/v2\/media?parent=9"}],"curies":[{"name":"wp","href":"https:\/\/api.w.org\/{rel}","templated":true}]}}