{"id":63,"date":"2023-03-01T12:18:09","date_gmt":"2023-03-01T11:18:09","guid":{"rendered":"https:\/\/blogg.hiof.no\/v23ipling15\/?page_id=63"},"modified":"2023-03-22T12:51:06","modified_gmt":"2023-03-22T11:51:06","slug":"om-oss","status":"publish","type":"page","link":"https:\/\/blogg.hiof.no\/v23ipling15\/om-oss\/","title":{"rendered":"Hvem er vi?"},"content":{"rendered":"<p><img loading=\"lazy\" decoding=\"async\" class=\"wp-image-29 alignleft\" src=\"https:\/\/blogg.hiof.no\/v23ipling15\/files\/2023\/02\/Simen-O-213x300.jpg\" alt=\"\" width=\"219\" height=\"309\" srcset=\"https:\/\/blogg.hiof.no\/v23ipling15\/files\/2023\/02\/Simen-O-213x300.jpg 213w, https:\/\/blogg.hiof.no\/v23ipling15\/files\/2023\/02\/Simen-O.jpg 320w\" sizes=\"auto, (max-width: 219px) 100vw, 219px\" \/><\/p>\n<h4>Simen Kobbevik<\/h4>\n<p>Simen begynte p\u00e5 sin bachelorgrad etter endt f\u00f8rstegangstjeneste. Tjenesten i forsvaret gav god trening i kreativ oppdragsl\u00f8sning som enkeltperson og ledererfaring i team. Studiespesialisering med realfag, logiske m\u00e5ter \u00e5 l\u00f8se oppgaver p\u00e5 og en ny m\u00e5te \u00e5 se verden p\u00e5 gjennom fysikkens \u00f8yne. Jobber i tjenester til funksjonshemmede, der han jobber med \u00e5 tilrettelegge og hjelpe folk som har diverse utfordringer. Salgserfaring fra kiwi.<\/p>\n<p>Fra Fredrikstad<\/p>\n<h4><img loading=\"lazy\" decoding=\"async\" class=\"wp-image-30 alignleft\" src=\"https:\/\/blogg.hiof.no\/v23ipling15\/files\/2023\/02\/Simen-I.jpg\" alt=\"\" width=\"217\" height=\"314\" \/><\/h4>\n<h4>Simen Iversen<\/h4>\n<p>Simen begynte p\u00e5 sin bachelorgrad i innovasjon og prosjektledelse etter et \u00e5r p\u00e5 p\u00e5bygg til generell studiekompetanse.<br \/>\nFagbrev som matros, og var l\u00e6rling p\u00e5 supplyb\u00e5t, noe som har gitt erfaring i aktiv probleml\u00f8sning i stressende situasjoner, samt \u00e5 ta ansvar for egne arbeidsoppgaver.<br \/>\nJobber i butikk, hvor han jobber som selger og behandler av nettbutikk ordre som skal sendes via post.<\/p>\n<p>Fra Hvaler<\/p>\n","protected":false},"excerpt":{"rendered":"<p>Simen Kobbevik Simen begynte p\u00e5 sin bachelorgrad etter endt f\u00f8rstegangstjeneste. Tjenesten i forsvaret gav god trening i kreativ oppdragsl\u00f8sning som enkeltperson og ledererfaring i team. Studiespesialisering med realfag, logiske m\u00e5ter \u00e5 l\u00f8se oppgaver p\u00e5 og en ny m\u00e5te \u00e5 se verden p\u00e5 gjennom fysikkens \u00f8yne. Jobber i tjenester til funksjonshemmede, der han jobber med \u00e5 &hellip; <\/p>\n<p class=\"link-more\"><a href=\"https:\/\/blogg.hiof.no\/v23ipling15\/om-oss\/\" class=\"more-link\">Fortsett \u00e5 lese<span class=\"screen-reader-text\"> \u00abHvem er vi?\u00bb<\/span><\/a><\/p>\n","protected":false},"author":2154,"featured_media":0,"parent":0,"menu_order":0,"comment_status":"closed","ping_status":"closed","template":"","meta":{"footnotes":""},"class_list":["post-63","page","type-page","status-publish","hentry"],"jetpack_sharing_enabled":true,"_links":{"self":[{"href":"https:\/\/blogg.hiof.no\/v23ipling15\/wp-json\/wp\/v2\/pages\/63","targetHints":{"allow":["GET"]}}],"collection":[{"href":"https:\/\/blogg.hiof.no\/v23ipling15\/wp-json\/wp\/v2\/pages"}],"about":[{"href":"https:\/\/blogg.hiof.no\/v23ipling15\/wp-json\/wp\/v2\/types\/page"}],"author":[{"embeddable":true,"href":"https:\/\/blogg.hiof.no\/v23ipling15\/wp-json\/wp\/v2\/users\/2154"}],"replies":[{"embeddable":true,"href":"https:\/\/blogg.hiof.no\/v23ipling15\/wp-json\/wp\/v2\/comments?post=63"}],"version-history":[{"count":6,"href":"https:\/\/blogg.hiof.no\/v23ipling15\/wp-json\/wp\/v2\/pages\/63\/revisions"}],"predecessor-version":[{"id":104,"href":"https:\/\/blogg.hiof.no\/v23ipling15\/wp-json\/wp\/v2\/pages\/63\/revisions\/104"}],"wp:attachment":[{"href":"https:\/\/blogg.hiof.no\/v23ipling15\/wp-json\/wp\/v2\/media?parent=63"}],"curies":[{"name":"wp","href":"https:\/\/api.w.org\/{rel}","templated":true}]}}