{"id":50,"date":"2023-03-08T09:47:59","date_gmt":"2023-03-08T08:47:59","guid":{"rendered":"https:\/\/blogg.hiof.no\/v23ipling5\/?page_id=50"},"modified":"2023-03-08T14:01:35","modified_gmt":"2023-03-08T13:01:35","slug":"hvem-er-vi","status":"publish","type":"page","link":"https:\/\/blogg.hiof.no\/v23ipling5\/hvem-er-vi\/","title":{"rendered":"Hvem er vi?"},"content":{"rendered":"<p>V\u00e5rt navn er Mathilde Marie Sandli Andersen og Kasper Johansen Forsstr\u00f8m.<\/p>\n<p>Vi er to studenter ved H\u00f8gskolen i \u00d8stfold som tar en bachelorgrad p\u00e5 Innovasjon &amp; Prosjektledelse i Fredrikstad.<\/p>\n<p>N\u00e5 g\u00e5r vi inn i den siste delen av studiet, og skal i den anledning skrive en bacheloroppgave. Oppdragsgiveren v\u00e5r er GG GRUPPEN, og oppgaven skal handle om Viken park.<\/p>\n","protected":false},"excerpt":{"rendered":"<p>V\u00e5rt navn er Mathilde Marie Sandli Andersen og Kasper Johansen Forsstr\u00f8m. Vi er to studenter ved H\u00f8gskolen i \u00d8stfold som tar en bachelorgrad p\u00e5 Innovasjon &amp; Prosjektledelse i Fredrikstad. N\u00e5 g\u00e5r vi inn i den siste delen av studiet, og skal i den anledning skrive en bacheloroppgave. Oppdragsgiveren v\u00e5r er GG GRUPPEN, og oppgaven skal <a class=\"read-more\" href=\"https:\/\/blogg.hiof.no\/v23ipling5\/hvem-er-vi\/\">&hellip;&nbsp;<span class=\"meta-nav\">&rarr;<\/span><\/a><\/p>\n","protected":false},"author":2129,"featured_media":0,"parent":0,"menu_order":0,"comment_status":"closed","ping_status":"closed","template":"","meta":{"footnotes":""},"class_list":["post-50","page","type-page","status-publish","hentry"],"jetpack_sharing_enabled":true,"_links":{"self":[{"href":"https:\/\/blogg.hiof.no\/v23ipling5\/wp-json\/wp\/v2\/pages\/50","targetHints":{"allow":["GET"]}}],"collection":[{"href":"https:\/\/blogg.hiof.no\/v23ipling5\/wp-json\/wp\/v2\/pages"}],"about":[{"href":"https:\/\/blogg.hiof.no\/v23ipling5\/wp-json\/wp\/v2\/types\/page"}],"author":[{"embeddable":true,"href":"https:\/\/blogg.hiof.no\/v23ipling5\/wp-json\/wp\/v2\/users\/2129"}],"replies":[{"embeddable":true,"href":"https:\/\/blogg.hiof.no\/v23ipling5\/wp-json\/wp\/v2\/comments?post=50"}],"version-history":[{"count":7,"href":"https:\/\/blogg.hiof.no\/v23ipling5\/wp-json\/wp\/v2\/pages\/50\/revisions"}],"predecessor-version":[{"id":84,"href":"https:\/\/blogg.hiof.no\/v23ipling5\/wp-json\/wp\/v2\/pages\/50\/revisions\/84"}],"wp:attachment":[{"href":"https:\/\/blogg.hiof.no\/v23ipling5\/wp-json\/wp\/v2\/media?parent=50"}],"curies":[{"name":"wp","href":"https:\/\/api.w.org\/{rel}","templated":true}]}}