{"id":2,"date":"2023-01-20T09:02:15","date_gmt":"2023-01-20T08:02:15","guid":{"rendered":"https:\/\/blogg.hiof.no\/v23ipling6\/?page_id=2"},"modified":"2023-03-24T19:40:27","modified_gmt":"2023-03-24T18:40:27","slug":"testside","status":"publish","type":"page","link":"https:\/\/blogg.hiof.no\/v23ipling6\/testside\/","title":{"rendered":"Hvem er vi"},"content":{"rendered":"<p>Vi er fire kvinnelige studenter ved innovasjon og prosjektledelse ved H\u00f8gskolen i \u00d8stfold. Denne v\u00e5ren skriver vi bacheloren v\u00e5r sammen med oppdragiver som er kompetansesenteret i NITO om tematikken jenter og STEM.<\/p>\n<p><a href=\"https:\/\/www.linkedin.com\/in\/wivinyborg\/\"><img loading=\"lazy\" decoding=\"async\" class=\"size-medium wp-image-72 alignleft\" src=\"https:\/\/blogg.hiof.no\/v23ipling6\/files\/2023\/03\/BOOST-300x300.png\" alt=\"\" width=\"300\" height=\"300\" srcset=\"https:\/\/blogg.hiof.no\/v23ipling6\/files\/2023\/03\/BOOST-300x300.png 300w, https:\/\/blogg.hiof.no\/v23ipling6\/files\/2023\/03\/BOOST-1024x1024.png 1024w, https:\/\/blogg.hiof.no\/v23ipling6\/files\/2023\/03\/BOOST-150x150.png 150w, https:\/\/blogg.hiof.no\/v23ipling6\/files\/2023\/03\/BOOST-768x768.png 768w, https:\/\/blogg.hiof.no\/v23ipling6\/files\/2023\/03\/BOOST.png 1080w\" sizes=\"auto, (max-width: 300px) 100vw, 300px\" \/><\/a><\/p>\n<p><a href=\"https:\/\/www.linkedin.com\/in\/marthepettersen\/\"><img loading=\"lazy\" decoding=\"async\" class=\"size-medium wp-image-85 alignleft\" src=\"https:\/\/blogg.hiof.no\/v23ipling6\/files\/2023\/03\/BOOST-4-300x300.png\" alt=\"\" width=\"300\" height=\"300\" srcset=\"https:\/\/blogg.hiof.no\/v23ipling6\/files\/2023\/03\/BOOST-4-300x300.png 300w, https:\/\/blogg.hiof.no\/v23ipling6\/files\/2023\/03\/BOOST-4-1024x1024.png 1024w, https:\/\/blogg.hiof.no\/v23ipling6\/files\/2023\/03\/BOOST-4-150x150.png 150w, https:\/\/blogg.hiof.no\/v23ipling6\/files\/2023\/03\/BOOST-4-768x768.png 768w, https:\/\/blogg.hiof.no\/v23ipling6\/files\/2023\/03\/BOOST-4.png 1080w\" sizes=\"auto, (max-width: 300px) 100vw, 300px\" \/><\/a><a href=\"https:\/\/www.linkedin.com\/in\/madeleine-christensen-17b072229\/\"><img loading=\"lazy\" decoding=\"async\" class=\"size-medium wp-image-77 alignleft\" src=\"https:\/\/blogg.hiof.no\/v23ipling6\/files\/2023\/03\/BOOST-3-300x300.png\" alt=\"\" width=\"300\" height=\"300\" srcset=\"https:\/\/blogg.hiof.no\/v23ipling6\/files\/2023\/03\/BOOST-3-300x300.png 300w, https:\/\/blogg.hiof.no\/v23ipling6\/files\/2023\/03\/BOOST-3-1024x1024.png 1024w, https:\/\/blogg.hiof.no\/v23ipling6\/files\/2023\/03\/BOOST-3-150x150.png 150w, https:\/\/blogg.hiof.no\/v23ipling6\/files\/2023\/03\/BOOST-3-768x768.png 768w, https:\/\/blogg.hiof.no\/v23ipling6\/files\/2023\/03\/BOOST-3.png 1080w\" sizes=\"auto, (max-width: 300px) 100vw, 300px\" \/><\/a><\/p>\n<p><a href=\"https:\/\/www.linkedin.com\/in\/bintou-marie-konate-3b4372264\/\"><img loading=\"lazy\" decoding=\"async\" class=\"size-medium wp-image-82 alignleft\" src=\"https:\/\/blogg.hiof.no\/v23ipling6\/files\/2023\/03\/BOOST-2-300x300.png\" alt=\"\" width=\"300\" height=\"300\" srcset=\"https:\/\/blogg.hiof.no\/v23ipling6\/files\/2023\/03\/BOOST-2-300x300.png 300w, https:\/\/blogg.hiof.no\/v23ipling6\/files\/2023\/03\/BOOST-2-1024x1024.png 1024w, https:\/\/blogg.hiof.no\/v23ipling6\/files\/2023\/03\/BOOST-2-150x150.png 150w, https:\/\/blogg.hiof.no\/v23ipling6\/files\/2023\/03\/BOOST-2-768x768.png 768w, https:\/\/blogg.hiof.no\/v23ipling6\/files\/2023\/03\/BOOST-2.png 1080w\" sizes=\"auto, (max-width: 300px) 100vw, 300px\" \/><\/a><\/p>\n","protected":false},"excerpt":{"rendered":"<p>Vi er fire kvinnelige studenter ved innovasjon og prosjektledelse ved H\u00f8gskolen i \u00d8stfold. Denne v\u00e5ren skriver vi bacheloren v\u00e5r sammen med oppdragiver som er kompetansesenteret i NITO om tematikken jenter og STEM.<\/p>\n","protected":false},"author":1799,"featured_media":0,"parent":0,"menu_order":0,"comment_status":"closed","ping_status":"open","template":"","meta":{"footnotes":""},"class_list":["post-2","page","type-page","status-publish","hentry"],"jetpack_sharing_enabled":true,"_links":{"self":[{"href":"https:\/\/blogg.hiof.no\/v23ipling6\/wp-json\/wp\/v2\/pages\/2","targetHints":{"allow":["GET"]}}],"collection":[{"href":"https:\/\/blogg.hiof.no\/v23ipling6\/wp-json\/wp\/v2\/pages"}],"about":[{"href":"https:\/\/blogg.hiof.no\/v23ipling6\/wp-json\/wp\/v2\/types\/page"}],"author":[{"embeddable":true,"href":"https:\/\/blogg.hiof.no\/v23ipling6\/wp-json\/wp\/v2\/users\/1799"}],"replies":[{"embeddable":true,"href":"https:\/\/blogg.hiof.no\/v23ipling6\/wp-json\/wp\/v2\/comments?post=2"}],"version-history":[{"count":5,"href":"https:\/\/blogg.hiof.no\/v23ipling6\/wp-json\/wp\/v2\/pages\/2\/revisions"}],"predecessor-version":[{"id":35,"href":"https:\/\/blogg.hiof.no\/v23ipling6\/wp-json\/wp\/v2\/pages\/2\/revisions\/35"}],"wp:attachment":[{"href":"https:\/\/blogg.hiof.no\/v23ipling6\/wp-json\/wp\/v2\/media?parent=2"}],"curies":[{"name":"wp","href":"https:\/\/api.w.org\/{rel}","templated":true}]}}