{"id":18,"date":"2024-04-10T09:50:34","date_gmt":"2024-04-10T07:50:34","guid":{"rendered":"https:\/\/blogg.hiof.no\/v24ipl01\/?page_id=18"},"modified":"2024-04-10T22:07:16","modified_gmt":"2024-04-10T20:07:16","slug":"om-prosjektet","status":"publish","type":"page","link":"https:\/\/blogg.hiof.no\/v24ipl01\/om-prosjektet\/","title":{"rendered":"Om prosjektet"},"content":{"rendered":"<p><\/p>\n<ol>\n\u00d8stfold energi skal oppgradere energisystemet i et offentlig bygg, i sammenheng av dette har vi f\u00e5tt et oppdrag! Vi skal dykke inn i verden av digitale verkt\u00f8y og software, der vi skal finne en l\u00f8sning for peak shaving ved det nye energisystemet. Programvaren skal overv\u00e5ke en rekke parametere, samt anvendes i load shift og regulering av str\u00f8mforbruk. Samspillet mellom dette skal s\u00f8rge for at det nye energisystemet har behov for en lavere reservert kapasitet enn det de har i dag.  <\/p>\n<p>I oppgaven v\u00e5r vil vi diskutere potensialet som ligger i optimalisering ved ren bruk av programvare. Vi vil stille dette opp mot implementasjoner som i tillegg setter krav til infrastrukturelle endringer, dvs. tilleggskomponenter som batterier, solceller etc.  <\/p>\n<p>Oppgaven er en f\u00f8lge av det enorme kraftunderskuddet vi har i regionen. Det er ikke nok kapasitet til elektrifisering, dette er viktig for \u00e5 oppn\u00e5 utslippskutt og n\u00e5 klimam\u00e5lene, i tr\u00e5d med FN\u00b4s b\u00e6rekraftsm\u00e5l 7.2 &amp; 7.3. Vi ser p\u00e5 l\u00f8sninger og alternativer for \u00e5 frigj\u00f8re kapasitet p\u00e5 eksisterende energisystemer, for \u00e5 bidra til \u00e5 akselerere elektrifiseringen i regionen.  <\/p>\n<p>\u00d8stfold Energi har den siste tiden jobbet intenst med deres datafabrikk. Det er store endringer i sving i energilandskapet. Digitalisering st\u00e5r i front, med stort fokus p\u00e5 databehandling og optimalisering. \u00d8stfold Energi har i dag et moderne samspill i sin organisasjon, allikevel foreligger det et stort \u00f8nske om utarbeiding av en l\u00f8sning p\u00e5 tvers av deres portef\u00f8lje og samarbeidspartnere.<\/ol>\n<p><a href=\"https:\/\/fn.no\/om-fn\/fns-baerekraftsmaal\/ren-energi-til-alle\" rel=\"noopener\" target=\"_blank\"><img loading=\"lazy\" decoding=\"async\" src=\"https:\/\/blogg.hiof.no\/v24ipl01\/files\/2024\/04\/mal-7-bokmal-150x150.png\" alt=\"\" width=\"150\" height=\"150\" class=\"alignnone size-thumbnail wp-image-58\" srcset=\"https:\/\/blogg.hiof.no\/v24ipl01\/files\/2024\/04\/mal-7-bokmal-150x150.png 150w, https:\/\/blogg.hiof.no\/v24ipl01\/files\/2024\/04\/mal-7-bokmal-300x300.png 300w, https:\/\/blogg.hiof.no\/v24ipl01\/files\/2024\/04\/mal-7-bokmal-1024x1024.png 1024w, https:\/\/blogg.hiof.no\/v24ipl01\/files\/2024\/04\/mal-7-bokmal-768x768.png 768w, https:\/\/blogg.hiof.no\/v24ipl01\/files\/2024\/04\/mal-7-bokmal-1536x1536.png 1536w, https:\/\/blogg.hiof.no\/v24ipl01\/files\/2024\/04\/mal-7-bokmal-2048x2048.png 2048w\" sizes=\"auto, (max-width: 150px) 100vw, 150px\" \/><\/a><\/p>\n","protected":false},"excerpt":{"rendered":"<p>\u00d8stfold energi skal oppgradere energisystemet i et offentlig bygg, i sammenheng av dette har vi f\u00e5tt et oppdrag! Vi skal dykke inn i verden av digitale verkt\u00f8y og software, der vi skal finne en l\u00f8sning for peak shaving ved det nye energisystemet. Programvaren skal overv\u00e5ke en rekke parametere, samt anvendes i load shift og regulering <a class=\"read-more\" href=\"https:\/\/blogg.hiof.no\/v24ipl01\/om-prosjektet\/\">&hellip;&nbsp;<span class=\"meta-nav\">&rarr;<\/span><\/a><\/p>\n","protected":false},"author":2188,"featured_media":0,"parent":0,"menu_order":0,"comment_status":"closed","ping_status":"closed","template":"","meta":{"footnotes":""},"class_list":["post-18","page","type-page","status-publish","hentry"],"jetpack_sharing_enabled":true,"_links":{"self":[{"href":"https:\/\/blogg.hiof.no\/v24ipl01\/wp-json\/wp\/v2\/pages\/18","targetHints":{"allow":["GET"]}}],"collection":[{"href":"https:\/\/blogg.hiof.no\/v24ipl01\/wp-json\/wp\/v2\/pages"}],"about":[{"href":"https:\/\/blogg.hiof.no\/v24ipl01\/wp-json\/wp\/v2\/types\/page"}],"author":[{"embeddable":true,"href":"https:\/\/blogg.hiof.no\/v24ipl01\/wp-json\/wp\/v2\/users\/2188"}],"replies":[{"embeddable":true,"href":"https:\/\/blogg.hiof.no\/v24ipl01\/wp-json\/wp\/v2\/comments?post=18"}],"version-history":[{"count":10,"href":"https:\/\/blogg.hiof.no\/v24ipl01\/wp-json\/wp\/v2\/pages\/18\/revisions"}],"predecessor-version":[{"id":64,"href":"https:\/\/blogg.hiof.no\/v24ipl01\/wp-json\/wp\/v2\/pages\/18\/revisions\/64"}],"wp:attachment":[{"href":"https:\/\/blogg.hiof.no\/v24ipl01\/wp-json\/wp\/v2\/media?parent=18"}],"curies":[{"name":"wp","href":"https:\/\/api.w.org\/{rel}","templated":true}]}}