{"id":19,"date":"2024-04-10T09:50:34","date_gmt":"2024-04-10T07:50:34","guid":{"rendered":"https:\/\/blogg.hiof.no\/v24ipl01\/?page_id=19"},"modified":"2024-04-11T00:08:46","modified_gmt":"2024-04-10T22:08:46","slug":"oppdragsgiver","status":"publish","type":"page","link":"https:\/\/blogg.hiof.no\/v24ipl01\/oppdragsgiver\/","title":{"rendered":"Oppdragsgiver"},"content":{"rendered":"<p><a href=\"https:\/\/www.ostfoldenergi.no\/\" rel=\"noopener\" target=\"_blank\"><img loading=\"lazy\" decoding=\"async\" src=\"https:\/\/blogg.hiof.no\/v24ipl01\/files\/2024\/04\/Ostfold-Energi_Logo_Gradient_Positiv.png\" alt=\"\" width=\"1072\" height=\"485\" class=\"alignnone size-full wp-image-6\" srcset=\"https:\/\/blogg.hiof.no\/v24ipl01\/files\/2024\/04\/Ostfold-Energi_Logo_Gradient_Positiv.png 1072w, https:\/\/blogg.hiof.no\/v24ipl01\/files\/2024\/04\/Ostfold-Energi_Logo_Gradient_Positiv-300x136.png 300w, https:\/\/blogg.hiof.no\/v24ipl01\/files\/2024\/04\/Ostfold-Energi_Logo_Gradient_Positiv-1024x463.png 1024w, https:\/\/blogg.hiof.no\/v24ipl01\/files\/2024\/04\/Ostfold-Energi_Logo_Gradient_Positiv-768x347.png 768w\" sizes=\"auto, (max-width: 1072px) 100vw, 1072px\" \/><\/a><\/p>\n<ol>\n\u00d8stfold energi er et energi og kraftselskap som ble startet p\u00e5 midten av 1900 tallet. De har i dag 58 ansatte som jobber med drift og utvikling av fornybar energiproduksjon. De drifter i dag egne vannkraftverk og fjernvarmeanlegg, og er blant annet involvert i vindkraft, solkraft og karbonfangst gjennom ulike datter selskaper. Selskapet engasjerer seg ogs\u00e5 innen forskning, teknologiutvikling og nysatsninger innenfor energiformer slik som hydrogen og kjernekraft.  <\/p>\n<p>\u00d8stfold energi eies av \u00f8stfoldkommunene og fylkeskommunen, og \u00d8stfolds interesser st\u00e5r sentralt i selskapets strategi og kultur. \u00d8stfold energi jobber for \u00e5 skape lokale arbeidsplasser og ivareta milj\u00f8 og natur.\n<\/ol>\n<p><a href=\"https:\/\/www.ostfoldenergi.no\/\">Link til \u00d8stfold Energi sin nettside<\/a><\/p>\n","protected":false},"excerpt":{"rendered":"<p>\u00d8stfold energi er et energi og kraftselskap som ble startet p\u00e5 midten av 1900 tallet. De har i dag 58 ansatte som jobber med drift og utvikling av fornybar energiproduksjon. De drifter i dag egne vannkraftverk og fjernvarmeanlegg, og er blant annet involvert i vindkraft, solkraft og karbonfangst gjennom ulike datter selskaper. Selskapet engasjerer seg <a class=\"read-more\" href=\"https:\/\/blogg.hiof.no\/v24ipl01\/oppdragsgiver\/\">&hellip;&nbsp;<span class=\"meta-nav\">&rarr;<\/span><\/a><\/p>\n","protected":false},"author":2188,"featured_media":0,"parent":0,"menu_order":0,"comment_status":"closed","ping_status":"closed","template":"","meta":{"footnotes":""},"class_list":["post-19","page","type-page","status-publish","hentry"],"jetpack_sharing_enabled":true,"_links":{"self":[{"href":"https:\/\/blogg.hiof.no\/v24ipl01\/wp-json\/wp\/v2\/pages\/19","targetHints":{"allow":["GET"]}}],"collection":[{"href":"https:\/\/blogg.hiof.no\/v24ipl01\/wp-json\/wp\/v2\/pages"}],"about":[{"href":"https:\/\/blogg.hiof.no\/v24ipl01\/wp-json\/wp\/v2\/types\/page"}],"author":[{"embeddable":true,"href":"https:\/\/blogg.hiof.no\/v24ipl01\/wp-json\/wp\/v2\/users\/2188"}],"replies":[{"embeddable":true,"href":"https:\/\/blogg.hiof.no\/v24ipl01\/wp-json\/wp\/v2\/comments?post=19"}],"version-history":[{"count":6,"href":"https:\/\/blogg.hiof.no\/v24ipl01\/wp-json\/wp\/v2\/pages\/19\/revisions"}],"predecessor-version":[{"id":99,"href":"https:\/\/blogg.hiof.no\/v24ipl01\/wp-json\/wp\/v2\/pages\/19\/revisions\/99"}],"wp:attachment":[{"href":"https:\/\/blogg.hiof.no\/v24ipl01\/wp-json\/wp\/v2\/media?parent=19"}],"curies":[{"name":"wp","href":"https:\/\/api.w.org\/{rel}","templated":true}]}}