{"id":39,"date":"2024-04-10T21:30:21","date_gmt":"2024-04-10T19:30:21","guid":{"rendered":"https:\/\/blogg.hiof.no\/v24ipl01\/?page_id=39"},"modified":"2024-04-26T09:59:27","modified_gmt":"2024-04-26T07:59:27","slug":"om-oss","status":"publish","type":"page","link":"https:\/\/blogg.hiof.no\/v24ipl01\/om-oss\/","title":{"rendered":"Om oss"},"content":{"rendered":"<div id=\"attachment_35\" style=\"width: 2570px\" class=\"wp-caption alignnone\"><img loading=\"lazy\" decoding=\"async\" aria-describedby=\"caption-attachment-35\" src=\"https:\/\/blogg.hiof.no\/v24ipl01\/files\/2024\/04\/Gruppebilde-expo-scaled.jpg\" alt=\"\" width=\"2560\" height=\"1920\" class=\"size-full wp-image-35\" srcset=\"https:\/\/blogg.hiof.no\/v24ipl01\/files\/2024\/04\/Gruppebilde-expo-scaled.jpg 2560w, https:\/\/blogg.hiof.no\/v24ipl01\/files\/2024\/04\/Gruppebilde-expo-300x225.jpg 300w, https:\/\/blogg.hiof.no\/v24ipl01\/files\/2024\/04\/Gruppebilde-expo-1024x768.jpg 1024w, https:\/\/blogg.hiof.no\/v24ipl01\/files\/2024\/04\/Gruppebilde-expo-768x576.jpg 768w, https:\/\/blogg.hiof.no\/v24ipl01\/files\/2024\/04\/Gruppebilde-expo-1536x1152.jpg 1536w, https:\/\/blogg.hiof.no\/v24ipl01\/files\/2024\/04\/Gruppebilde-expo-2048x1536.jpg 2048w\" sizes=\"auto, (max-width: 2560px) 100vw, 2560px\" \/><p id=\"caption-attachment-35\" class=\"wp-caption-text\">F.v: Simen A. Midbruket, Simen W. Rekstad og Sondre \u00d8. Klemsdal<\/p><\/div>\n<p><strong>Teammedlemmene: <\/strong><br \/>\n<strong>Simen Aleksander Midtbruket <strong \/><br \/>\n<img loading=\"lazy\" decoding=\"async\" src=\"https:\/\/blogg.hiof.no\/v24ipl01\/files\/2024\/04\/bilde-20240408-110959-9e70e245-225x300.jpeg\" alt=\"Simen A. Midbruket\" width=\"225\" height=\"300\" class=\"alignnone size-medium wp-image-34\" srcset=\"https:\/\/blogg.hiof.no\/v24ipl01\/files\/2024\/04\/bilde-20240408-110959-9e70e245-225x300.jpeg 225w, https:\/\/blogg.hiof.no\/v24ipl01\/files\/2024\/04\/bilde-20240408-110959-9e70e245-768x1024.jpeg 768w, https:\/\/blogg.hiof.no\/v24ipl01\/files\/2024\/04\/bilde-20240408-110959-9e70e245-1152x1536.jpeg 1152w, https:\/\/blogg.hiof.no\/v24ipl01\/files\/2024\/04\/bilde-20240408-110959-9e70e245-1536x2048.jpeg 1536w, https:\/\/blogg.hiof.no\/v24ipl01\/files\/2024\/04\/bilde-20240408-110959-9e70e245-scaled.jpeg 1920w\" sizes=\"auto, (max-width: 225px) 100vw, 225px\" \/><\/p>\n<ol> Jeg er 25 \u00e5r gammel, og bor i vakre Rygge. Min bakgrunn kommer fra toppidrett med golf. Jeg har alltid syntes teknologi og realfag er morsomt. Og etter 3 \u00e5r med informatikk fag p\u00e5 UiB, hadde jeg lyst til \u00e5 studere noe som var nyskapende og innenfor ledelse. Mye av min fritid g\u00e5r til frivillig engasjement da jeg har hatt aktivt verv i NCFU (Norsk C\u00f8liaki Forening Ungdom) siden 2019, der jeg ogs\u00e5 har v\u00e6rt leder i 2 \u00e5r. Utenom det, er jeg p\u00e5 fritiden og finne p\u00e5 golfbanen, ute i skog &amp; mark eller skrur og fikser p\u00e5 et eller annet.  <\/p>\n<ol \/>\n<a href=\"https:\/\/www.linkedin.com\/in\/simen-midtbruket-2b3790219\/\" rel=\"noopener\" target=\"_blank\"><img loading=\"lazy\" decoding=\"async\" src=\"https:\/\/blogg.hiof.no\/v24ipl01\/files\/2024\/04\/Linkedin-icon-150x150.png\" alt=\"\" width=\"150\" height=\"150\" class=\"alignnone size-thumbnail wp-image-82\" srcset=\"https:\/\/blogg.hiof.no\/v24ipl01\/files\/2024\/04\/Linkedin-icon-150x150.png 150w, https:\/\/blogg.hiof.no\/v24ipl01\/files\/2024\/04\/Linkedin-icon-300x300.png 300w, https:\/\/blogg.hiof.no\/v24ipl01\/files\/2024\/04\/Linkedin-icon.png 512w\" sizes=\"auto, (max-width: 150px) 100vw, 150px\" \/><\/a><\/p>\n<p>\n<strong>Simen Wang Rekstad<\/strong><br \/>\n<img loading=\"lazy\" decoding=\"async\" src=\"https:\/\/blogg.hiof.no\/v24ipl01\/files\/2024\/04\/bilde-20240408-110807-dae24db6-225x300.jpeg\" alt=\"Simen W. Rekstad\" width=\"225\" height=\"300\" class=\"alignnone size-medium wp-image-33\" srcset=\"https:\/\/blogg.hiof.no\/v24ipl01\/files\/2024\/04\/bilde-20240408-110807-dae24db6-225x300.jpeg 225w, https:\/\/blogg.hiof.no\/v24ipl01\/files\/2024\/04\/bilde-20240408-110807-dae24db6-768x1024.jpeg 768w, https:\/\/blogg.hiof.no\/v24ipl01\/files\/2024\/04\/bilde-20240408-110807-dae24db6-1152x1536.jpeg 1152w, https:\/\/blogg.hiof.no\/v24ipl01\/files\/2024\/04\/bilde-20240408-110807-dae24db6-1536x2048.jpeg 1536w, https:\/\/blogg.hiof.no\/v24ipl01\/files\/2024\/04\/bilde-20240408-110807-dae24db6-scaled.jpeg 1920w\" sizes=\"auto, (max-width: 225px) 100vw, 225px\" \/><\/p>\n<ol> Jeg er 22 \u00e5r gammel og kommer fra en idrettsfaglig bakgrunn, der b\u00e5de skole og fritid omhandlet idrett. Jeg \u00f8nsket \u00e5 gj\u00f8re noe nytt, s\u00e5 jeg startet p\u00e5 innovasjon og prosjektledelse p\u00e5 h\u00f8gskolen i \u00d8stfold. Jeg er en utadvendt og kreativ gutt som liker nye utfordringer. Jeg har drevet med lagidrett i veldig store deler av livet mitt. Det \u00e5 jobbe sammen p\u00e5 et team er noe jeg trives veldig godt med, men trives ogs\u00e5 jobbe selvstendig i perioder.    <\/p>\n<ol \/>\n<a href=\"https:\/\/www.linkedin.com\/in\/simen-rekstad-b9734321a\/\" rel=\"noopener\" target=\"_blank\"><img loading=\"lazy\" decoding=\"async\" src=\"https:\/\/blogg.hiof.no\/v24ipl01\/files\/2024\/04\/Linkedin-icon-150x150.png\" alt=\"\" width=\"150\" height=\"150\" class=\"alignnone size-thumbnail wp-image-82\" srcset=\"https:\/\/blogg.hiof.no\/v24ipl01\/files\/2024\/04\/Linkedin-icon-150x150.png 150w, https:\/\/blogg.hiof.no\/v24ipl01\/files\/2024\/04\/Linkedin-icon-300x300.png 300w, https:\/\/blogg.hiof.no\/v24ipl01\/files\/2024\/04\/Linkedin-icon.png 512w\" sizes=\"auto, (max-width: 150px) 100vw, 150px\" \/><\/a><\/p>\n<p><strong>Sondre \u00d8dmann Klemsdal<strong \/><br \/>\n<img loading=\"lazy\" decoding=\"async\" src=\"https:\/\/blogg.hiof.no\/v24ipl01\/files\/2024\/04\/bilde-20240408-110703-b70994d9-225x300.jpeg\" alt=\"Sondre \u00d8. Klemsdal\" width=\"225\" height=\"300\" class=\"alignnone size-medium wp-image-36\" srcset=\"https:\/\/blogg.hiof.no\/v24ipl01\/files\/2024\/04\/bilde-20240408-110703-b70994d9-225x300.jpeg 225w, https:\/\/blogg.hiof.no\/v24ipl01\/files\/2024\/04\/bilde-20240408-110703-b70994d9-768x1024.jpeg 768w, https:\/\/blogg.hiof.no\/v24ipl01\/files\/2024\/04\/bilde-20240408-110703-b70994d9-1152x1536.jpeg 1152w, https:\/\/blogg.hiof.no\/v24ipl01\/files\/2024\/04\/bilde-20240408-110703-b70994d9-1536x2048.jpeg 1536w, https:\/\/blogg.hiof.no\/v24ipl01\/files\/2024\/04\/bilde-20240408-110703-b70994d9-scaled.jpeg 1920w\" sizes=\"auto, (max-width: 225px) 100vw, 225px\" \/><\/p>\n<ol> Jeg er 25 \u00e5r og kommer fra Sarpsborg. N\u00e5 studerer jeg innovasjon og prosjektledelse og trives godt med raske omstillinger og det kreative. I l\u00f8pet av tiden min p\u00e5 h\u00f8yskolen s\u00e5 har jeg jobbet som studentassistent i 4 semester innen prosjektledelse og produkt og tjenesteutvikling. Fra tidligere s\u00e5 har jeg et fagbrev i salgsfaget hvor jeg jobbet mot bedriftsmarkedet. P\u00e5 fritiden s\u00e5 er jeg en ivrig golfspiller og jobber som frivillig i forhold til arrangementer og turneringer. <\/p>\n<ol \/>\n<a href=\"https:\/\/www.linkedin.com\/in\/sondre-%C3%B8dmann-klemsdal\/\" rel=\"noopener\" target=\"_blank\"><img loading=\"lazy\" decoding=\"async\" src=\"https:\/\/blogg.hiof.no\/v24ipl01\/files\/2024\/04\/Linkedin-icon-150x150.png\" alt=\"\" width=\"150\" height=\"150\" class=\"alignnone size-thumbnail wp-image-82\" srcset=\"https:\/\/blogg.hiof.no\/v24ipl01\/files\/2024\/04\/Linkedin-icon-150x150.png 150w, https:\/\/blogg.hiof.no\/v24ipl01\/files\/2024\/04\/Linkedin-icon-300x300.png 300w, https:\/\/blogg.hiof.no\/v24ipl01\/files\/2024\/04\/Linkedin-icon.png 512w\" sizes=\"auto, (max-width: 150px) 100vw, 150px\" \/><\/a><\/p>\n","protected":false},"excerpt":{"rendered":"<p>Teammedlemmene: Simen Aleksander Midtbruket Jeg er 25 \u00e5r gammel, og bor i vakre Rygge. Min bakgrunn kommer fra toppidrett med golf. Jeg har alltid syntes teknologi og realfag er morsomt. Og etter 3 \u00e5r med informatikk fag p\u00e5 UiB, hadde jeg lyst til \u00e5 studere noe som var nyskapende og innenfor ledelse. Mye av min <a class=\"read-more\" href=\"https:\/\/blogg.hiof.no\/v24ipl01\/om-oss\/\">&hellip;&nbsp;<span class=\"meta-nav\">&rarr;<\/span><\/a><\/p>\n","protected":false},"author":2188,"featured_media":0,"parent":0,"menu_order":0,"comment_status":"closed","ping_status":"closed","template":"","meta":{"footnotes":""},"class_list":["post-39","page","type-page","status-publish","hentry"],"jetpack_sharing_enabled":true,"_links":{"self":[{"href":"https:\/\/blogg.hiof.no\/v24ipl01\/wp-json\/wp\/v2\/pages\/39","targetHints":{"allow":["GET"]}}],"collection":[{"href":"https:\/\/blogg.hiof.no\/v24ipl01\/wp-json\/wp\/v2\/pages"}],"about":[{"href":"https:\/\/blogg.hiof.no\/v24ipl01\/wp-json\/wp\/v2\/types\/page"}],"author":[{"embeddable":true,"href":"https:\/\/blogg.hiof.no\/v24ipl01\/wp-json\/wp\/v2\/users\/2188"}],"replies":[{"embeddable":true,"href":"https:\/\/blogg.hiof.no\/v24ipl01\/wp-json\/wp\/v2\/comments?post=39"}],"version-history":[{"count":41,"href":"https:\/\/blogg.hiof.no\/v24ipl01\/wp-json\/wp\/v2\/pages\/39\/revisions"}],"predecessor-version":[{"id":113,"href":"https:\/\/blogg.hiof.no\/v24ipl01\/wp-json\/wp\/v2\/pages\/39\/revisions\/113"}],"wp:attachment":[{"href":"https:\/\/blogg.hiof.no\/v24ipl01\/wp-json\/wp\/v2\/media?parent=39"}],"curies":[{"name":"wp","href":"https:\/\/api.w.org\/{rel}","templated":true}]}}