{"id":135,"date":"2024-04-09T16:48:56","date_gmt":"2024-04-09T14:48:56","guid":{"rendered":"https:\/\/blogg.hiof.no\/v24ipl04\/?page_id=135"},"modified":"2024-04-09T18:07:12","modified_gmt":"2024-04-09T16:07:12","slug":"prosjektforlop","status":"publish","type":"page","link":"https:\/\/blogg.hiof.no\/v24ipl04\/prosjektforlop\/","title":{"rendered":"Metoder"},"content":{"rendered":"<p><span class=\"NormalTextRun SCXW41230205 BCX4\">\u00abAktiv Campus\u00bb er et forskningsprosjekt, og arbeidet med kartlegging og innhenting av informasjon gjennomf\u00f8res med hjelp av faglig teori og metoder. Teamet har valgt ut metoder som har v\u00e6rt til st\u00f8rst nytte for prosjektets form\u00e5l. Det har blitt gjennomf\u00f8rt en grundig utarbeidet <strong>sp\u00f8rreunders\u00f8kelse<\/strong>, som videre ble sendt ut til mange av h\u00f8gskolens studenter.\u00a0<\/span><\/p>\n<p><span class=\"NormalTextRun SCXW41230205 BCX4\">Videre i prosjektforl\u00f8pet ble det gjennomf\u00f8rt en <strong>fokusgruppe<\/strong> med syv utvalgte studenter med et ulikt aktivtetsniv\u00e5 og ulik bakgrunn. <\/span><\/p>\n<p><span class=\"NormalTextRun SCXW41230205 BCX4\">Basert p\u00e5 de funnene som prosjektet har avdekket med hjelp av faglig forankring, avsluttes prosjektets forskningsdel med en <strong>verdenskafe<\/strong>.\u00a0Metoden bidrar til medvirkning, kompetanseoverf\u00f8ring og kunnskapsutveksling. <\/span><\/p>\n<p><span class=\"NormalTextRun SCXW41230205 BCX4\">Unders\u00f8kelsene er grundige, og relevante for prosjektets form\u00e5l. De aktuelle partene har v\u00e6rt involvert og involveres videre i prosessen, for \u00e5 oppn\u00e5 <\/span><span class=\"NormalTextRun SCXW41230205 BCX4\">gode <\/span><span class=\"NormalTextRun SCXW41230205 BCX4\">resulta<\/span><span class=\"NormalTextRun SCXW41230205 BCX4\">ter<\/span><span class=\"NormalTextRun SCXW41230205 BCX4\"> til prosjektets form\u00e5l. <\/span><\/p>\n<div id=\"attachment_94\" style=\"width: 310px\" class=\"wp-caption alignleft\"><img loading=\"lazy\" decoding=\"async\" aria-describedby=\"caption-attachment-94\" class=\"size-medium wp-image-94\" src=\"https:\/\/blogg.hiof.no\/v24ipl04\/files\/2024\/04\/fokusgruppe-300x225.jpeg\" alt=\"\" width=\"300\" height=\"225\" srcset=\"https:\/\/blogg.hiof.no\/v24ipl04\/files\/2024\/04\/fokusgruppe-300x225.jpeg 300w, https:\/\/blogg.hiof.no\/v24ipl04\/files\/2024\/04\/fokusgruppe-1024x767.jpeg 1024w, https:\/\/blogg.hiof.no\/v24ipl04\/files\/2024\/04\/fokusgruppe-768x575.jpeg 768w, https:\/\/blogg.hiof.no\/v24ipl04\/files\/2024\/04\/fokusgruppe.jpeg 1170w\" sizes=\"auto, (max-width: 300px) 100vw, 300px\" \/><p id=\"caption-attachment-94\" class=\"wp-caption-text\">Gjennomf\u00f8ring av Fokusgruppe- intervju!<\/p><\/div>\n<div id=\"attachment_143\" style=\"width: 235px\" class=\"wp-caption alignright\"><img loading=\"lazy\" decoding=\"async\" aria-describedby=\"caption-attachment-143\" class=\"size-medium wp-image-143\" src=\"https:\/\/blogg.hiof.no\/v24ipl04\/files\/2024\/04\/IMG_7701-Liten-225x300.jpeg\" alt=\"\" width=\"225\" height=\"300\" srcset=\"https:\/\/blogg.hiof.no\/v24ipl04\/files\/2024\/04\/IMG_7701-Liten-225x300.jpeg 225w, https:\/\/blogg.hiof.no\/v24ipl04\/files\/2024\/04\/IMG_7701-Liten.jpeg 240w\" sizes=\"auto, (max-width: 225px) 100vw, 225px\" \/><p id=\"caption-attachment-143\" class=\"wp-caption-text\">Stand i kantina p\u00e5 campus Fredrikstad for \u00e5 samle inn svar p\u00e5 sp\u00f8rreunders\u00f8kelsen!<\/p><\/div>\n","protected":false},"excerpt":{"rendered":"<p>\u00abAktiv Campus\u00bb er et forskningsprosjekt, og arbeidet med kartlegging og innhenting av informasjon gjennomf\u00f8res med hjelp av faglig teori og metoder. Teamet har valgt ut metoder som har v\u00e6rt til st\u00f8rst nytte for prosjektets form\u00e5l. Det har blitt gjennomf\u00f8rt en &hellip; <a href=\"https:\/\/blogg.hiof.no\/v24ipl04\/prosjektforlop\/\">Les videre <span class=\"meta-nav\">&rarr;<\/span><\/a><\/p>\n","protected":false},"author":2198,"featured_media":0,"parent":0,"menu_order":0,"comment_status":"closed","ping_status":"closed","template":"","meta":{"footnotes":""},"class_list":["post-135","page","type-page","status-publish","hentry"],"_links":{"self":[{"href":"https:\/\/blogg.hiof.no\/v24ipl04\/wp-json\/wp\/v2\/pages\/135","targetHints":{"allow":["GET"]}}],"collection":[{"href":"https:\/\/blogg.hiof.no\/v24ipl04\/wp-json\/wp\/v2\/pages"}],"about":[{"href":"https:\/\/blogg.hiof.no\/v24ipl04\/wp-json\/wp\/v2\/types\/page"}],"author":[{"embeddable":true,"href":"https:\/\/blogg.hiof.no\/v24ipl04\/wp-json\/wp\/v2\/users\/2198"}],"replies":[{"embeddable":true,"href":"https:\/\/blogg.hiof.no\/v24ipl04\/wp-json\/wp\/v2\/comments?post=135"}],"version-history":[{"count":8,"href":"https:\/\/blogg.hiof.no\/v24ipl04\/wp-json\/wp\/v2\/pages\/135\/revisions"}],"predecessor-version":[{"id":144,"href":"https:\/\/blogg.hiof.no\/v24ipl04\/wp-json\/wp\/v2\/pages\/135\/revisions\/144"}],"wp:attachment":[{"href":"https:\/\/blogg.hiof.no\/v24ipl04\/wp-json\/wp\/v2\/media?parent=135"}],"curies":[{"name":"wp","href":"https:\/\/api.w.org\/{rel}","templated":true}]}}