{"id":31,"date":"2024-04-09T14:11:51","date_gmt":"2024-04-09T12:11:51","guid":{"rendered":"https:\/\/blogg.hiof.no\/v24ipl04\/?page_id=31"},"modified":"2024-04-09T16:23:47","modified_gmt":"2024-04-09T14:23:47","slug":"hjem","status":"publish","type":"page","link":"https:\/\/blogg.hiof.no\/v24ipl04\/hjem\/","title":{"rendered":"Aktiv Campus"},"content":{"rendered":"<p><b><span data-contrast=\"auto\">PROSJEKTBESKRIVELSE\u00a0<\/span><\/b><span data-ccp-props=\"{&quot;201341983&quot;:0,&quot;335559739&quot;:160,&quot;335559740&quot;:360}\">\u00a0<\/span><\/p>\n<p><span data-contrast=\"auto\">I samarbeid med Etat Aktive Liv og Fredrikstad kommune, skal bachelorprosjektet kartlegge og identifisere studentene i Fredrikstad sitt aktivitetsniv\u00e5. Prosjektet har som form\u00e5l\u00a0<\/span><span data-contrast=\"auto\">\u00e5 avdekke eventuelle mangler, innenfor omr\u00e5der som omhandler studentenes folkehelse, og finne ut av om studentene lever gode og aktive liv.\u00a0<\/span><span data-ccp-props=\"{&quot;201341983&quot;:0,&quot;335559739&quot;:160,&quot;335559740&quot;:360}\">\u00a0<\/span><\/p>\n<p><span data-contrast=\"auto\">Prosjektet tar for seg \u00e9n konkret problemstilling, med et langsiktig form\u00e5l om \u00e5 utarbeide tiltak for \u00e5 forbedre og bidra til \u00f8kt aktivitet. Det finnes i dag sv\u00e6rt begrenset med informasjon om hvordan studentene i Fredrikstad lever livene sine ved siden av studiene. Det er nesten 3000 studenter p\u00e5 campus Fredrikstad, og de utgj\u00f8r derfor en stor gruppe av Fredrikstad sin befolkning. Resultatet fra v\u00e5rt forskningsprosjekt, kan derfor utgj\u00f8re en vesentlig forskjell for byen n\u00e5r det gjelder den totale folkehelsen i kommunen.\u00a0<\/span><span data-ccp-props=\"{&quot;201341983&quot;:0,&quot;335559739&quot;:160,&quot;335559740&quot;:360}\">\u00a0<\/span><\/p>\n<p><span data-contrast=\"auto\">I samarbeid med Etat Aktive Liv, skal prosjektet bidra til et langsiktig folkehelsearbeid, med s\u00e6rlig fokus p\u00e5 studentens aktivitetsniv\u00e5 og livskvalitet.<\/span><\/p>\n<p><img loading=\"lazy\" decoding=\"async\" class=\"alignnone  wp-image-116\" src=\"https:\/\/blogg.hiof.no\/v24ipl04\/files\/2024\/04\/Aktiv-Campus-logo-300x239.jpeg\" alt=\"\" width=\"187\" height=\"149\" srcset=\"https:\/\/blogg.hiof.no\/v24ipl04\/files\/2024\/04\/Aktiv-Campus-logo-300x239.jpeg 300w, https:\/\/blogg.hiof.no\/v24ipl04\/files\/2024\/04\/Aktiv-Campus-logo.jpeg 600w\" sizes=\"auto, (max-width: 187px) 100vw, 187px\" \/><\/p>\n","protected":false},"excerpt":{"rendered":"<p>PROSJEKTBESKRIVELSE\u00a0\u00a0 I samarbeid med Etat Aktive Liv og Fredrikstad kommune, skal bachelorprosjektet kartlegge og identifisere studentene i Fredrikstad sitt aktivitetsniv\u00e5. Prosjektet har som form\u00e5l\u00a0\u00e5 avdekke eventuelle mangler, innenfor omr\u00e5der som omhandler studentenes folkehelse, og finne ut av om studentene lever &hellip; <a href=\"https:\/\/blogg.hiof.no\/v24ipl04\/hjem\/\">Les videre <span class=\"meta-nav\">&rarr;<\/span><\/a><\/p>\n","protected":false},"author":2198,"featured_media":0,"parent":0,"menu_order":0,"comment_status":"closed","ping_status":"closed","template":"","meta":{"footnotes":""},"class_list":["post-31","page","type-page","status-publish","hentry"],"_links":{"self":[{"href":"https:\/\/blogg.hiof.no\/v24ipl04\/wp-json\/wp\/v2\/pages\/31","targetHints":{"allow":["GET"]}}],"collection":[{"href":"https:\/\/blogg.hiof.no\/v24ipl04\/wp-json\/wp\/v2\/pages"}],"about":[{"href":"https:\/\/blogg.hiof.no\/v24ipl04\/wp-json\/wp\/v2\/types\/page"}],"author":[{"embeddable":true,"href":"https:\/\/blogg.hiof.no\/v24ipl04\/wp-json\/wp\/v2\/users\/2198"}],"replies":[{"embeddable":true,"href":"https:\/\/blogg.hiof.no\/v24ipl04\/wp-json\/wp\/v2\/comments?post=31"}],"version-history":[{"count":8,"href":"https:\/\/blogg.hiof.no\/v24ipl04\/wp-json\/wp\/v2\/pages\/31\/revisions"}],"predecessor-version":[{"id":117,"href":"https:\/\/blogg.hiof.no\/v24ipl04\/wp-json\/wp\/v2\/pages\/31\/revisions\/117"}],"wp:attachment":[{"href":"https:\/\/blogg.hiof.no\/v24ipl04\/wp-json\/wp\/v2\/media?parent=31"}],"curies":[{"name":"wp","href":"https:\/\/api.w.org\/{rel}","templated":true}]}}