{"id":62,"date":"2024-04-09T14:23:18","date_gmt":"2024-04-09T12:23:18","guid":{"rendered":"https:\/\/blogg.hiof.no\/v24ipl04\/?page_id=62"},"modified":"2024-04-09T16:47:47","modified_gmt":"2024-04-09T14:47:47","slug":"sponsorer","status":"publish","type":"page","link":"https:\/\/blogg.hiof.no\/v24ipl04\/sponsorer\/","title":{"rendered":"Sponsorer"},"content":{"rendered":"<p><span class=\"TextRun SCXW81577237 BCX4\" lang=\"NB-NO\" xml:lang=\"NB-NO\" data-contrast=\"auto\"><span class=\"NormalTextRun SCXW81577237 BCX4\">Sponsorarbeid har v\u00e6rt en stor del av bachelorprogrammet &laquo;Aktiv Campus&raquo;.<\/span><span class=\"NormalTextRun SCXW81577237 BCX4\">\u00a0Det har <\/span><span class=\"NormalTextRun SCXW81577237 BCX4\">f\u00f8rt\u00a0<\/span><span class=\"NormalTextRun SCXW81577237 BCX4\">til suksess <\/span><span class=\"NormalTextRun SCXW81577237 BCX4\">under de ulike aktivitetene, og har v\u00e6rt en stor <\/span><span class=\"NormalTextRun SCXW81577237 BCX4\">motivasjonsfaktor for \u00f8kt deltagelse og s\u00f8rget for en\u00a0<\/span><span class=\"NormalTextRun SCXW81577237 BCX4\">bredere <\/span><span class=\"NormalTextRun SCXW81577237 BCX4\">da<\/span><span class=\"NormalTextRun SCXW81577237 BCX4\">tainnsamling.<\/span><\/span><span class=\"EOP SCXW81577237 BCX4\" data-ccp-props=\"{&quot;201341983&quot;:0,&quot;335559739&quot;:0,&quot;335559740&quot;:360}\">\u00a0<\/span><\/p>\n<h3><strong>Vi \u00f8nsker \u00e5 sende en stor takk til v\u00e5re sponsorer!<\/strong><\/h3>\n<ul>\n<li><strong>Kiwi R\u00e5bekken<\/strong><\/li>\n<\/ul>\n<p><img loading=\"lazy\" decoding=\"async\" class=\"alignnone wp-image-119 \" src=\"https:\/\/blogg.hiof.no\/v24ipl04\/files\/2024\/04\/KIWI-LOGO-liten-e1712673047916-300x160.jpeg\" alt=\"\" width=\"175\" height=\"93\" srcset=\"https:\/\/blogg.hiof.no\/v24ipl04\/files\/2024\/04\/KIWI-LOGO-liten-e1712673047916-300x160.jpeg 300w, https:\/\/blogg.hiof.no\/v24ipl04\/files\/2024\/04\/KIWI-LOGO-liten-e1712673047916.jpeg 372w\" sizes=\"auto, (max-width: 175px) 100vw, 175px\" \/><\/p>\n<p>&nbsp;<\/p>\n<ul>\n<li><strong>Vitusapotek Hassingen<\/strong><\/li>\n<\/ul>\n<p><img loading=\"lazy\" decoding=\"async\" class=\"alignnone size-medium wp-image-120\" src=\"https:\/\/blogg.hiof.no\/v24ipl04\/files\/2024\/04\/logo-vitusapotek-gr-nn-ferdig-300x47.png\" alt=\"\" width=\"300\" height=\"47\" srcset=\"https:\/\/blogg.hiof.no\/v24ipl04\/files\/2024\/04\/logo-vitusapotek-gr-nn-ferdig-300x47.png 300w, https:\/\/blogg.hiof.no\/v24ipl04\/files\/2024\/04\/logo-vitusapotek-gr-nn-ferdig-1024x161.png 1024w, https:\/\/blogg.hiof.no\/v24ipl04\/files\/2024\/04\/logo-vitusapotek-gr-nn-ferdig-768x121.png 768w, https:\/\/blogg.hiof.no\/v24ipl04\/files\/2024\/04\/logo-vitusapotek-gr-nn-ferdig-1536x241.png 1536w, https:\/\/blogg.hiof.no\/v24ipl04\/files\/2024\/04\/logo-vitusapotek-gr-nn-ferdig-2048x322.png 2048w\" sizes=\"auto, (max-width: 300px) 100vw, 300px\" \/><\/p>\n<p>&nbsp;<\/p>\n<ul>\n<li><strong>Family Sportsklubb Hassingen<\/strong><\/li>\n<\/ul>\n<p><img loading=\"lazy\" decoding=\"async\" class=\"alignnone wp-image-121\" src=\"https:\/\/blogg.hiof.no\/v24ipl04\/files\/2024\/04\/images-2-300x98.png\" alt=\"\" width=\"276\" height=\"90\" srcset=\"https:\/\/blogg.hiof.no\/v24ipl04\/files\/2024\/04\/images-2-300x98.png 300w, https:\/\/blogg.hiof.no\/v24ipl04\/files\/2024\/04\/images-2.png 393w\" sizes=\"auto, (max-width: 276px) 100vw, 276px\" \/><\/p>\n<p>&nbsp;<\/p>\n<ul>\n<li><strong>M\u00e5nefestivalen<\/strong><\/li>\n<\/ul>\n<p><img loading=\"lazy\" decoding=\"async\" class=\"alignnone size-medium wp-image-122\" src=\"https:\/\/blogg.hiof.no\/v24ipl04\/files\/2024\/04\/Mane_logo_blaa-300x76.jpeg\" alt=\"\" width=\"300\" height=\"76\" srcset=\"https:\/\/blogg.hiof.no\/v24ipl04\/files\/2024\/04\/Mane_logo_blaa-300x76.jpeg 300w, https:\/\/blogg.hiof.no\/v24ipl04\/files\/2024\/04\/Mane_logo_blaa-1024x259.jpeg 1024w, https:\/\/blogg.hiof.no\/v24ipl04\/files\/2024\/04\/Mane_logo_blaa-768x194.jpeg 768w, https:\/\/blogg.hiof.no\/v24ipl04\/files\/2024\/04\/Mane_logo_blaa-1536x388.jpeg 1536w, https:\/\/blogg.hiof.no\/v24ipl04\/files\/2024\/04\/Mane_logo_blaa-2048x518.jpeg 2048w\" sizes=\"auto, (max-width: 300px) 100vw, 300px\" \/><\/p>\n<p>&nbsp;<\/p>\n<ul>\n<li><strong>Kongsten sv\u00f8mmehall<\/strong><\/li>\n<\/ul>\n<p><img loading=\"lazy\" decoding=\"async\" class=\"alignnone wp-image-123\" src=\"https:\/\/blogg.hiof.no\/v24ipl04\/files\/2024\/04\/images-300x162.jpeg\" alt=\"\" width=\"230\" height=\"124\" srcset=\"https:\/\/blogg.hiof.no\/v24ipl04\/files\/2024\/04\/images-300x162.jpeg 300w, https:\/\/blogg.hiof.no\/v24ipl04\/files\/2024\/04\/images.jpeg 305w\" sizes=\"auto, (max-width: 230px) 100vw, 230px\" \/><\/p>\n<p>&nbsp;<\/p>\n<ul>\n<li><strong>Los Tacos Fredrikstad<\/strong><\/li>\n<\/ul>\n<p><img loading=\"lazy\" decoding=\"async\" class=\"alignnone size-medium wp-image-128\" src=\"https:\/\/blogg.hiof.no\/v24ipl04\/files\/2024\/04\/los_tacos-300x60.jpeg\" alt=\"\" width=\"300\" height=\"60\" srcset=\"https:\/\/blogg.hiof.no\/v24ipl04\/files\/2024\/04\/los_tacos-300x60.jpeg 300w, https:\/\/blogg.hiof.no\/v24ipl04\/files\/2024\/04\/los_tacos-768x154.jpeg 768w, https:\/\/blogg.hiof.no\/v24ipl04\/files\/2024\/04\/los_tacos.jpeg 1000w\" sizes=\"auto, (max-width: 300px) 100vw, 300px\" \/><\/p>\n<p>&nbsp;<\/p>\n<ul>\n<li><strong>Sarpsborg Bowlingsenter<\/strong><\/li>\n<\/ul>\n<p><img loading=\"lazy\" decoding=\"async\" class=\"alignnone size-medium wp-image-125\" src=\"https:\/\/blogg.hiof.no\/v24ipl04\/files\/2024\/04\/C32BA2AD7627B2E2D6D12589DC1F68F8D7D42FB4-300x78.jpg\" alt=\"\" width=\"300\" height=\"78\" srcset=\"https:\/\/blogg.hiof.no\/v24ipl04\/files\/2024\/04\/C32BA2AD7627B2E2D6D12589DC1F68F8D7D42FB4-300x78.jpg 300w, https:\/\/blogg.hiof.no\/v24ipl04\/files\/2024\/04\/C32BA2AD7627B2E2D6D12589DC1F68F8D7D42FB4.jpg 700w\" sizes=\"auto, (max-width: 300px) 100vw, 300px\" \/><\/p>\n<p>&nbsp;<\/p>\n<ul>\n<li><strong>Europris Kr\u00e5ker\u00f8y<\/strong><\/li>\n<\/ul>\n<p><img loading=\"lazy\" decoding=\"async\" class=\"alignnone size-medium wp-image-127\" src=\"https:\/\/blogg.hiof.no\/v24ipl04\/files\/2024\/04\/image-transformer-api.tjek_.com_-300x85.png\" alt=\"\" width=\"300\" height=\"85\" srcset=\"https:\/\/blogg.hiof.no\/v24ipl04\/files\/2024\/04\/image-transformer-api.tjek_.com_-300x85.png 300w, https:\/\/blogg.hiof.no\/v24ipl04\/files\/2024\/04\/image-transformer-api.tjek_.com_-768x217.png 768w, https:\/\/blogg.hiof.no\/v24ipl04\/files\/2024\/04\/image-transformer-api.tjek_.com_.png 1000w\" sizes=\"auto, (max-width: 300px) 100vw, 300px\" \/><\/p>\n<p>&nbsp;<\/p>\n<ul>\n<li><strong>Fredrikstad Kino<\/strong><\/li>\n<\/ul>\n<p><img loading=\"lazy\" decoding=\"async\" class=\"alignnone size-medium wp-image-126\" src=\"https:\/\/blogg.hiof.no\/v24ipl04\/files\/2024\/04\/images-3-300x86.png\" alt=\"\" width=\"300\" height=\"86\" srcset=\"https:\/\/blogg.hiof.no\/v24ipl04\/files\/2024\/04\/images-3-300x86.png 300w, https:\/\/blogg.hiof.no\/v24ipl04\/files\/2024\/04\/images-3.png 420w\" sizes=\"auto, (max-width: 300px) 100vw, 300px\" \/><\/p>\n<p>&nbsp;<\/p>\n","protected":false},"excerpt":{"rendered":"<p>Sponsorarbeid har v\u00e6rt en stor del av bachelorprogrammet &laquo;Aktiv Campus&raquo;.\u00a0Det har f\u00f8rt\u00a0til suksess under de ulike aktivitetene, og har v\u00e6rt en stor motivasjonsfaktor for \u00f8kt deltagelse og s\u00f8rget for en\u00a0bredere datainnsamling.\u00a0 Vi \u00f8nsker \u00e5 sende en stor takk til v\u00e5re &hellip; <a href=\"https:\/\/blogg.hiof.no\/v24ipl04\/sponsorer\/\">Les videre <span class=\"meta-nav\">&rarr;<\/span><\/a><\/p>\n","protected":false},"author":2197,"featured_media":0,"parent":0,"menu_order":0,"comment_status":"closed","ping_status":"closed","template":"","meta":{"footnotes":""},"class_list":["post-62","page","type-page","status-publish","hentry"],"_links":{"self":[{"href":"https:\/\/blogg.hiof.no\/v24ipl04\/wp-json\/wp\/v2\/pages\/62","targetHints":{"allow":["GET"]}}],"collection":[{"href":"https:\/\/blogg.hiof.no\/v24ipl04\/wp-json\/wp\/v2\/pages"}],"about":[{"href":"https:\/\/blogg.hiof.no\/v24ipl04\/wp-json\/wp\/v2\/types\/page"}],"author":[{"embeddable":true,"href":"https:\/\/blogg.hiof.no\/v24ipl04\/wp-json\/wp\/v2\/users\/2197"}],"replies":[{"embeddable":true,"href":"https:\/\/blogg.hiof.no\/v24ipl04\/wp-json\/wp\/v2\/comments?post=62"}],"version-history":[{"count":10,"href":"https:\/\/blogg.hiof.no\/v24ipl04\/wp-json\/wp\/v2\/pages\/62\/revisions"}],"predecessor-version":[{"id":134,"href":"https:\/\/blogg.hiof.no\/v24ipl04\/wp-json\/wp\/v2\/pages\/62\/revisions\/134"}],"wp:attachment":[{"href":"https:\/\/blogg.hiof.no\/v24ipl04\/wp-json\/wp\/v2\/media?parent=62"}],"curies":[{"name":"wp","href":"https:\/\/api.w.org\/{rel}","templated":true}]}}