{"id":89,"date":"2024-04-09T14:48:58","date_gmt":"2024-04-09T12:48:58","guid":{"rendered":"https:\/\/blogg.hiof.no\/v24ipl04\/?page_id=89"},"modified":"2024-04-09T18:11:25","modified_gmt":"2024-04-09T16:11:25","slug":"oppdragsgiver","status":"publish","type":"page","link":"https:\/\/blogg.hiof.no\/v24ipl04\/oppdragsgiver\/","title":{"rendered":"Samarbeidspartnere"},"content":{"rendered":"<h3 style=\"text-align: left\"><strong>Oppdragsgiver: Etat Arrive Liv<\/strong><\/h3>\n<p>Etat aktive liv er en del av seksjon for kultur, milj\u00f8 og byutvikling (KMB). Etaten er en kommunal faginstans p\u00e5 idrettssp\u00f8rsm\u00e5l. <span data-ccp-charstyle=\"normaltextrun\" data-ccp-charstyle-defn=\"{&quot;ObjectId&quot;:&quot;d9a06966-697c-4c4f-9379-a4054a96b60a|5&quot;,&quot;ClassId&quot;:1073872969,&quot;Properties&quot;:[469775450,&quot;normaltextrun&quot;,201340122,&quot;1&quot;,134233614,&quot;true&quot;,469778129,&quot;normaltextrun&quot;,335572020,&quot;1&quot;,469778324,&quot;Default Paragraph Font&quot;]}\">De er ansvarlig for anleggsutvikling og administrerer spillemidler til idrettsanlegg i kommunen.<\/span> Her har de i samarbeid med Fredrikstad Idrettsr\u00e5d, idrettslag og idrettsorganisasjoner bidratt for \u00e5 tilby et bredt utvalg av aktivitetstilbud til det etablerte idrettsmilj\u00f8et til lokalbefolkningen. Den nye kommunedelplanen for idrett, fysisk aktivitet, friluftsliv og marka 2019-2031 gir retning for dette arbeidet. Planen beskriver dagens anlegg, areal og aktivitetsstatus, samt hvilke temarelaterte utfordringer kommunen st\u00e5r ovenfor og hva som b\u00f8r vektlegges i planperioden for at n\u00e6rmilj\u00f8ene og en samlet by kan tilby et variert og tilfredsstillende aktivitetstilbud for alle som bor i Fredrikstad.\u00a0<span data-ccp-props=\"{&quot;201341983&quot;:0,&quot;335559739&quot;:0,&quot;335559740&quot;:360}\">\u00a0<\/span><\/p>\n<p><span data-contrast=\"auto\">Fredrikstad kommune har et stort fokus p\u00e5 folkehelse og jobber kontinuerlig med tiltak for \u00e5 forbedre og utvikle befolkningens fysiske helse. Et av tiltakene kommunen har innf\u00f8rt, er \u00e5 bli en del av Global Active city i tr\u00e5d med ISO standard AWI26102. Form\u00e5let med dette samarbeidet er \u00e5 jobbe for \u00e5 f\u00e5 flere mennesker aktive enda oftere, som er deres visjon. Det gjennomf\u00f8res en st\u00f8rre kartlegging hvert annet \u00e5r for \u00e5 se om tiltakene er effektive. \u202f<\/span><span data-ccp-props=\"{&quot;201341983&quot;:0,&quot;335559739&quot;:0,&quot;335559740&quot;:360}\">\u00a0<\/span><\/p>\n<p>&nbsp;<\/p>\n<p><strong><em>All \u00f8vrig informasjon om oppdragsgiver er hentet fra linken under:<\/em><\/strong><\/p>\n<p><a href=\"https:\/\/www.fredrikstad.kommune.no\/tjenester\/kulturogfritid\/idrett-fysisk-aktivitet-og-friluftsliv\/idrett\/\">Etat Aktive Liv Fredrikstad<\/a><\/p>\n<p><img loading=\"lazy\" decoding=\"async\" class=\"alignnone size-medium wp-image-109\" src=\"https:\/\/blogg.hiof.no\/v24ipl04\/files\/2024\/04\/aktive-fredrikstad-logo--300x121.png\" alt=\"\" width=\"300\" height=\"121\" srcset=\"https:\/\/blogg.hiof.no\/v24ipl04\/files\/2024\/04\/aktive-fredrikstad-logo--300x121.png 300w, https:\/\/blogg.hiof.no\/v24ipl04\/files\/2024\/04\/aktive-fredrikstad-logo-.png 700w\" sizes=\"auto, (max-width: 300px) 100vw, 300px\" \/><\/p>\n<p>&nbsp;<\/p>\n<p><strong>Prosjekteier: H\u00f8gskolen i \u00d8stfold<\/strong><\/p>\n<p><span data-contrast=\"none\">H\u00f8gskolen i \u00d8stfold er prosjekteier for bachelorprosjektet &laquo;Aktiv Campus&raquo;.\u00a0<\/span><\/p>\n<p><a href=\"http:\/\/hiof.no\">H\u00f8gskolen i \u00d8stfold<\/a><\/p>\n<p><span data-ccp-props=\"{&quot;201341983&quot;:0,&quot;335559685&quot;:1428,&quot;335559740&quot;:360}\"><img loading=\"lazy\" decoding=\"async\" class=\"alignnone size-medium wp-image-111\" src=\"https:\/\/blogg.hiof.no\/v24ipl04\/files\/2024\/04\/hiof-logo-nor-black-v1.0.0-300x86.png\" alt=\"\" width=\"300\" height=\"86\" srcset=\"https:\/\/blogg.hiof.no\/v24ipl04\/files\/2024\/04\/hiof-logo-nor-black-v1.0.0-300x86.png 300w, https:\/\/blogg.hiof.no\/v24ipl04\/files\/2024\/04\/hiof-logo-nor-black-v1.0.0.png 328w\" sizes=\"auto, (max-width: 300px) 100vw, 300px\" \/>\u00a0<\/span><\/p>\n","protected":false},"excerpt":{"rendered":"<p>Oppdragsgiver: Etat Arrive Liv Etat aktive liv er en del av seksjon for kultur, milj\u00f8 og byutvikling (KMB). Etaten er en kommunal faginstans p\u00e5 idrettssp\u00f8rsm\u00e5l. De er ansvarlig for anleggsutvikling og administrerer spillemidler til idrettsanlegg i kommunen. Her har de &hellip; <a href=\"https:\/\/blogg.hiof.no\/v24ipl04\/oppdragsgiver\/\">Les videre <span class=\"meta-nav\">&rarr;<\/span><\/a><\/p>\n","protected":false},"author":2195,"featured_media":0,"parent":0,"menu_order":0,"comment_status":"closed","ping_status":"closed","template":"","meta":{"footnotes":""},"class_list":["post-89","page","type-page","status-publish","hentry"],"_links":{"self":[{"href":"https:\/\/blogg.hiof.no\/v24ipl04\/wp-json\/wp\/v2\/pages\/89","targetHints":{"allow":["GET"]}}],"collection":[{"href":"https:\/\/blogg.hiof.no\/v24ipl04\/wp-json\/wp\/v2\/pages"}],"about":[{"href":"https:\/\/blogg.hiof.no\/v24ipl04\/wp-json\/wp\/v2\/types\/page"}],"author":[{"embeddable":true,"href":"https:\/\/blogg.hiof.no\/v24ipl04\/wp-json\/wp\/v2\/users\/2195"}],"replies":[{"embeddable":true,"href":"https:\/\/blogg.hiof.no\/v24ipl04\/wp-json\/wp\/v2\/comments?post=89"}],"version-history":[{"count":6,"href":"https:\/\/blogg.hiof.no\/v24ipl04\/wp-json\/wp\/v2\/pages\/89\/revisions"}],"predecessor-version":[{"id":145,"href":"https:\/\/blogg.hiof.no\/v24ipl04\/wp-json\/wp\/v2\/pages\/89\/revisions\/145"}],"wp:attachment":[{"href":"https:\/\/blogg.hiof.no\/v24ipl04\/wp-json\/wp\/v2\/media?parent=89"}],"curies":[{"name":"wp","href":"https:\/\/api.w.org\/{rel}","templated":true}]}}